{"id":2211,"date":"2025-12-09T19:20:05","date_gmt":"2025-12-09T19:20:05","guid":{"rendered":"https:\/\/audiobook-24.com\/?post_type=product&#038;p=2211"},"modified":"2025-12-09T19:20:06","modified_gmt":"2025-12-09T19:20:06","slug":"%f0%9f%8e%a7-hoerspiel-jan-tenner-der-neue-superheld-folge-14-mutation-des-boesen","status":"publish","type":"product","link":"https:\/\/audiobook-24.com\/en\/product\/%f0%9f%8e%a7-hoerspiel-jan-tenner-der-neue-superheld-folge-14-mutation-des-boesen\/","title":{"rendered":"\ud83c\udfa7 H\u00f6rspiel \u2013 Jan Tenner \u2013 Der neue Superheld \u2013 Folge 14: Mutation des B\u00f6sen"},"content":{"rendered":"<p data-start=\"0\" data-end=\"82\">\ud83c\udfa7 <strong data-start=\"3\" data-end=\"80\">H\u00f6rspiel \u2013 Jan Tenner \u2013 Der neue Superheld \u2013 Folge 14: Mutation des B\u00f6sen<\/strong><\/p>\n<p data-start=\"84\" data-end=\"228\">Ein Virus, der alles ver\u00e4ndert.<br data-start=\"115\" data-end=\"118\" \/>Ein Gegner, der noch gef\u00e4hrlicher ist als je zuvor.<br data-start=\"169\" data-end=\"172\" \/>Und ein Wettlauf gegen die Zeit, der die Welt bedroht.<\/p>\n<p data-start=\"230\" data-end=\"473\">Als Jan Tenner und sein Team auf ein geheimnisvolles Labor sto\u00dfen, entdecken sie eine t\u00f6dliche Substanz: ein Virus, das Menschen in aggressive, unberechenbare Wesen verwandelt. Die <strong data-start=\"411\" data-end=\"433\">Mutation des B\u00f6sen<\/strong> droht, die Erde ins Chaos zu st\u00fcrzen.<\/p>\n<p data-start=\"475\" data-end=\"722\">Gemeinsam mit <strong data-start=\"489\" data-end=\"498\">Laura<\/strong>, <strong data-start=\"500\" data-end=\"520\">Professor Futura<\/strong> und <strong data-start=\"525\" data-end=\"544\">General Forbett<\/strong> k\u00e4mpft Jan gegen Zeit, Technik und skrupellose Gegner. Wer kann die Seuche stoppen, bevor es zu sp\u00e4t ist? Und welche Opfer m\u00fcssen gebracht werden, um die Menschheit zu retten?<\/p>\n<p data-start=\"724\" data-end=\"826\">Ein actiongeladenes H\u00f6rspiel voller Spannung, futuristischer Technik und klassischem Tenner-Abenteuer.<\/p>\n<hr data-start=\"828\" data-end=\"831\" \/>\n<p data-start=\"833\" data-end=\"864\">\ud83d\udd0a <strong data-start=\"836\" data-end=\"862\">Format: H\u00f6rspiel (MP3)<\/strong><\/p>\n<p data-start=\"866\" data-end=\"1029\">\u2b07\ufe0f Sofortiger Download f\u00fcr <strong data-start=\"893\" data-end=\"902\">Handy<\/strong><br data-start=\"902\" data-end=\"905\" \/>\u2b07\ufe0f Sofortiger Download f\u00fcr <strong data-start=\"932\" data-end=\"938\">PC<\/strong><br data-start=\"938\" data-end=\"941\" \/>\u2b07\ufe0f Sofortiger Download f\u00fcrs <strong data-start=\"969\" data-end=\"979\">Tablet<\/strong><br data-start=\"979\" data-end=\"982\" \/>\u2b07\ufe0f Kompatibel mit <strong data-start=\"1000\" data-end=\"1029\">allen MP3-f\u00e4higen Ger\u00e4ten<\/strong><\/p>\n<p data-start=\"1031\" data-end=\"1067\" data-is-last-node=\"\" data-is-only-node=\"\"><strong data-start=\"1031\" data-end=\"1067\" data-is-last-node=\"\">Einmal gekauft \u2013 f\u00fcr immer dein!<\/strong><\/p>","protected":false},"excerpt":{"rendered":"<p>\ud83c\udfa7 H\u00f6rspiel \u2013 Jan Tenner \u2013 Der neue Superheld \u2013 Folge 14: Mutation des B\u00f6sen Ein Virus, der alles ver\u00e4ndert.Ein Gegner, der noch gef\u00e4hrlicher ist als je zuvor.Und ein Wettlauf gegen die Zeit, der die Welt bedroht. Als Jan Tenner und sein Team auf ein geheimnisvolles Labor sto\u00dfen, entdecken sie eine t\u00f6dliche Substanz: ein Virus, [&hellip;]<\/p>\n","protected":false},"featured_media":2218,"comment_status":"open","ping_status":"closed","template":"","meta":[],"product_brand":[],"product_cat":[33],"product_tag":[],"class_list":{"0":"post-2211","1":"product","2":"type-product","3":"status-publish","4":"has-post-thumbnail","6":"product_cat-hoerspiel-comics","8":"first","9":"instock","10":"sale","11":"virtual","12":"purchasable","13":"product-type-simple"},"jetpack_sharing_enabled":true,"_links":{"self":[{"href":"https:\/\/audiobook-24.com\/en\/wp-json\/wp\/v2\/product\/2211","targetHints":{"allow":["GET"]}}],"collection":[{"href":"https:\/\/audiobook-24.com\/en\/wp-json\/wp\/v2\/product"}],"about":[{"href":"https:\/\/audiobook-24.com\/en\/wp-json\/wp\/v2\/types\/product"}],"replies":[{"embeddable":true,"href":"https:\/\/audiobook-24.com\/en\/wp-json\/wp\/v2\/comments?post=2211"}],"wp:featuredmedia":[{"embeddable":true,"href":"https:\/\/audiobook-24.com\/en\/wp-json\/wp\/v2\/media\/2218"}],"wp:attachment":[{"href":"https:\/\/audiobook-24.com\/en\/wp-json\/wp\/v2\/media?parent=2211"}],"wp:term":[{"taxonomy":"product_brand","embeddable":true,"href":"https:\/\/audiobook-24.com\/en\/wp-json\/wp\/v2\/product_brand?post=2211"},{"taxonomy":"product_cat","embeddable":true,"href":"https:\/\/audiobook-24.com\/en\/wp-json\/wp\/v2\/product_cat?post=2211"},{"taxonomy":"product_tag","embeddable":true,"href":"https:\/\/audiobook-24.com\/en\/wp-json\/wp\/v2\/product_tag?post=2211"}],"curies":[{"name":"wp","href":"https:\/\/api.w.org\/{rel}","templated":true}]}}