{"id":2210,"date":"2025-12-09T19:51:19","date_gmt":"2025-12-09T19:51:19","guid":{"rendered":"https:\/\/audiobook-24.com\/?post_type=product&#038;p=2210"},"modified":"2025-12-09T19:51:20","modified_gmt":"2025-12-09T19:51:20","slug":"chatgpt-%f0%9f%8e%a7-hoerspiel-jan-tenner-der-neue-superheld-folge-13-zweisteins-flucht","status":"publish","type":"product","link":"https:\/\/audiobook-24.com\/en\/product\/chatgpt-%f0%9f%8e%a7-hoerspiel-jan-tenner-der-neue-superheld-folge-13-zweisteins-flucht\/","title":{"rendered":"ChatGPT:  \ud83c\udfa7 H\u00f6rspiel \u2013 Jan Tenner \u2013 Der neue Superheld \u2013 Folge 13: Zweisteins Flucht"},"content":{"rendered":"<p data-start=\"0\" data-end=\"81\">\ud83c\udfa7 <strong data-start=\"3\" data-end=\"79\">H\u00f6rspiel \u2013 Jan Tenner \u2013 Der neue Superheld \u2013 Folge 13: Zweisteins Flucht<\/strong><\/p>\n<p data-start=\"83\" data-end=\"411\">Der Erzfeind entkommt \u2013 und die Gefahr ist gr\u00f6\u00dfer denn je.<br data-start=\"141\" data-end=\"144\" \/>Nach seinem scheinbaren Untergang gelingt <strong data-start=\"186\" data-end=\"199\">Zweistein<\/strong> die Flucht aus der sicheren Haft. Doch seine R\u00fcckkehr ist alles andere als harmlos: Mit neuem Wissen, fortschrittlicher Technologie und rachs\u00fcchtigen Pl\u00e4nen droht er, Jan Tenner und die ganze Welt zu bedrohen.<\/p>\n<p data-start=\"413\" data-end=\"618\">Jan, Laura, Professor Futura und General Forbett m\u00fcssen alles aufbieten, um Zweisteins Pl\u00e4ne zu durchkreuzen. Jede Minute z\u00e4hlt, denn der Gegner ist kl\u00fcger, gef\u00e4hrlicher und unberechenbarer als je zuvor.<\/p>\n<p data-start=\"620\" data-end=\"746\">Eine spannende, actionreiche Folge voller futuristischer Technik, cleverer Strategien und klassischem Tenner-Abenteuerfeeling.<\/p>\n<hr data-start=\"748\" data-end=\"751\" \/>\n<p data-start=\"753\" data-end=\"784\">\ud83d\udd0a <strong data-start=\"756\" data-end=\"782\">Format: H\u00f6rspiel (MP3)<\/strong><\/p>\n<p data-start=\"786\" data-end=\"949\">\u2b07\ufe0f Sofortiger Download f\u00fcr <strong data-start=\"813\" data-end=\"822\">Handy<\/strong><br data-start=\"822\" data-end=\"825\" \/>\u2b07\ufe0f Sofortiger Download f\u00fcr <strong data-start=\"852\" data-end=\"858\">PC<\/strong><br data-start=\"858\" data-end=\"861\" \/>\u2b07\ufe0f Sofortiger Download f\u00fcrs <strong data-start=\"889\" data-end=\"899\">Tablet<\/strong><br data-start=\"899\" data-end=\"902\" \/>\u2b07\ufe0f Kompatibel mit <strong data-start=\"920\" data-end=\"949\">allen MP3-f\u00e4higen Ger\u00e4ten<\/strong><\/p>\n<p data-start=\"951\" data-end=\"987\" data-is-last-node=\"\" data-is-only-node=\"\"><strong data-start=\"951\" data-end=\"987\" data-is-last-node=\"\">Einmal gekauft \u2013 f\u00fcr immer dein!<\/strong><\/p>","protected":false},"excerpt":{"rendered":"<p>\ud83c\udfa7 H\u00f6rspiel \u2013 Jan Tenner \u2013 Der neue Superheld \u2013 Folge 13: Zweisteins Flucht Der Erzfeind entkommt \u2013 und die Gefahr ist gr\u00f6\u00dfer denn je.Nach seinem scheinbaren Untergang gelingt Zweistein die Flucht aus der sicheren Haft. Doch seine R\u00fcckkehr ist alles andere als harmlos: Mit neuem Wissen, fortschrittlicher Technologie und rachs\u00fcchtigen Pl\u00e4nen droht er, Jan [&hellip;]<\/p>\n","protected":false},"featured_media":2219,"comment_status":"open","ping_status":"closed","template":"","meta":[],"product_brand":[],"product_cat":[33],"product_tag":[],"class_list":{"0":"post-2210","1":"product","2":"type-product","3":"status-publish","4":"has-post-thumbnail","6":"product_cat-hoerspiel-comics","8":"first","9":"instock","10":"sale","11":"virtual","12":"purchasable","13":"product-type-simple"},"jetpack_sharing_enabled":true,"_links":{"self":[{"href":"https:\/\/audiobook-24.com\/en\/wp-json\/wp\/v2\/product\/2210","targetHints":{"allow":["GET"]}}],"collection":[{"href":"https:\/\/audiobook-24.com\/en\/wp-json\/wp\/v2\/product"}],"about":[{"href":"https:\/\/audiobook-24.com\/en\/wp-json\/wp\/v2\/types\/product"}],"replies":[{"embeddable":true,"href":"https:\/\/audiobook-24.com\/en\/wp-json\/wp\/v2\/comments?post=2210"}],"wp:featuredmedia":[{"embeddable":true,"href":"https:\/\/audiobook-24.com\/en\/wp-json\/wp\/v2\/media\/2219"}],"wp:attachment":[{"href":"https:\/\/audiobook-24.com\/en\/wp-json\/wp\/v2\/media?parent=2210"}],"wp:term":[{"taxonomy":"product_brand","embeddable":true,"href":"https:\/\/audiobook-24.com\/en\/wp-json\/wp\/v2\/product_brand?post=2210"},{"taxonomy":"product_cat","embeddable":true,"href":"https:\/\/audiobook-24.com\/en\/wp-json\/wp\/v2\/product_cat?post=2210"},{"taxonomy":"product_tag","embeddable":true,"href":"https:\/\/audiobook-24.com\/en\/wp-json\/wp\/v2\/product_tag?post=2210"}],"curies":[{"name":"wp","href":"https:\/\/api.w.org\/{rel}","templated":true}]}}