{"id":2205,"date":"2025-12-09T18:06:22","date_gmt":"2025-12-09T18:06:22","guid":{"rendered":"https:\/\/audiobook-24.com\/?post_type=product&#038;p=2205"},"modified":"2025-12-09T18:06:22","modified_gmt":"2025-12-09T18:06:22","slug":"%f0%9f%8e%a7-hoerspiel-jan-tenner-der-neue-superheld-folge-19-die-macht-der-medusa","status":"publish","type":"product","link":"https:\/\/audiobook-24.com\/en\/product\/%f0%9f%8e%a7-hoerspiel-jan-tenner-der-neue-superheld-folge-19-die-macht-der-medusa\/","title":{"rendered":"\ud83c\udfa7 H\u00f6rspiel \u2013 Jan Tenner \u2013 Der neue Superheld \u2013 Folge 19: Die Macht der Medusa"},"content":{"rendered":"<p data-start=\"0\" data-end=\"84\">\ud83c\udfa7 <strong data-start=\"3\" data-end=\"82\">H\u00f6rspiel \u2013 Jan Tenner \u2013 Der neue Superheld \u2013 Folge 19: Die Macht der Medusa<\/strong><\/p>\n<p data-start=\"86\" data-end=\"409\">Eine uralte Kraft erwacht \u2013 und sie ist t\u00f6dlicher als jede Waffe.<br data-start=\"151\" data-end=\"154\" \/>Als seltsame Versteinerungsph\u00e4nomene auf der Erde auftreten, st\u00f6\u00dft Jan Tenner auf die Spur einer legend\u00e4ren Entit\u00e4t: <strong data-start=\"271\" data-end=\"281\">Medusa<\/strong>. Doch diesmal handelt es sich nicht um einen Mythos, sondern um eine au\u00dferirdische Macht, deren Blick ganze Armeen l\u00e4hmen kann.<\/p>\n<p data-start=\"411\" data-end=\"701\">Gemeinsam mit Laura, Professor Futura und General Forbett beginnt ein Wettlauf gegen die Zeit. Wer steckt hinter der Reaktivierung der Medusa-Technologie? Welche Ziele verfolgt der unbekannte Feind? Und wird es Jan gelingen, die Bedrohung zu stoppen, bevor die Menschheit zu Stein erstarrt?<\/p>\n<p data-start=\"703\" data-end=\"852\">Eine Folge voller:<br data-start=\"721\" data-end=\"724\" \/>\u2b50 hochspannender Wendungen<br data-start=\"750\" data-end=\"753\" \/>\u2b50 gef\u00e4hrlicher Missionen<br data-start=\"777\" data-end=\"780\" \/>\u2b50 neuer technologischer Entwicklungen<br data-start=\"817\" data-end=\"820\" \/>\u2b50 und echter Tenner-Atmosph\u00e4re<\/p>\n<p data-start=\"854\" data-end=\"889\">Sci-Fi-Action, wie Fans sie lieben!<\/p>\n<hr data-start=\"891\" data-end=\"894\" \/>\n<p data-start=\"896\" data-end=\"927\">\ud83d\udd0a <strong data-start=\"899\" data-end=\"925\">Format: H\u00f6rspiel (MP3)<\/strong><\/p>\n<p data-start=\"929\" data-end=\"1092\">\u2b07\ufe0f Sofortiger Download f\u00fcr <strong data-start=\"956\" data-end=\"965\">Handy<\/strong><br data-start=\"965\" data-end=\"968\" \/>\u2b07\ufe0f Sofortiger Download f\u00fcr <strong data-start=\"995\" data-end=\"1001\">PC<\/strong><br data-start=\"1001\" data-end=\"1004\" \/>\u2b07\ufe0f Sofortiger Download f\u00fcrs <strong data-start=\"1032\" data-end=\"1042\">Tablet<\/strong><br data-start=\"1042\" data-end=\"1045\" \/>\u2b07\ufe0f Kompatibel mit <strong data-start=\"1063\" data-end=\"1092\">allen MP3-f\u00e4higen Ger\u00e4ten<\/strong><\/p>\n<p data-start=\"1094\" data-end=\"1130\" data-is-last-node=\"\" data-is-only-node=\"\"><strong data-start=\"1094\" data-end=\"1130\" data-is-last-node=\"\">Einmal gekauft \u2013 f\u00fcr immer dein!<\/strong><\/p>","protected":false},"excerpt":{"rendered":"<p>\ud83c\udfa7 H\u00f6rspiel \u2013 Jan Tenner \u2013 Der neue Superheld \u2013 Folge 19: Die Macht der Medusa Eine uralte Kraft erwacht \u2013 und sie ist t\u00f6dlicher als jede Waffe.Als seltsame Versteinerungsph\u00e4nomene auf der Erde auftreten, st\u00f6\u00dft Jan Tenner auf die Spur einer legend\u00e4ren Entit\u00e4t: Medusa. Doch diesmal handelt es sich nicht um einen Mythos, sondern um [&hellip;]<\/p>\n","protected":false},"featured_media":2207,"comment_status":"open","ping_status":"closed","template":"","meta":[],"product_brand":[],"product_cat":[33],"product_tag":[],"class_list":{"0":"post-2205","1":"product","2":"type-product","3":"status-publish","4":"has-post-thumbnail","6":"product_cat-hoerspiel-comics","8":"first","9":"instock","10":"sale","11":"virtual","12":"purchasable","13":"product-type-simple"},"jetpack_sharing_enabled":true,"_links":{"self":[{"href":"https:\/\/audiobook-24.com\/en\/wp-json\/wp\/v2\/product\/2205","targetHints":{"allow":["GET"]}}],"collection":[{"href":"https:\/\/audiobook-24.com\/en\/wp-json\/wp\/v2\/product"}],"about":[{"href":"https:\/\/audiobook-24.com\/en\/wp-json\/wp\/v2\/types\/product"}],"replies":[{"embeddable":true,"href":"https:\/\/audiobook-24.com\/en\/wp-json\/wp\/v2\/comments?post=2205"}],"wp:featuredmedia":[{"embeddable":true,"href":"https:\/\/audiobook-24.com\/en\/wp-json\/wp\/v2\/media\/2207"}],"wp:attachment":[{"href":"https:\/\/audiobook-24.com\/en\/wp-json\/wp\/v2\/media?parent=2205"}],"wp:term":[{"taxonomy":"product_brand","embeddable":true,"href":"https:\/\/audiobook-24.com\/en\/wp-json\/wp\/v2\/product_brand?post=2205"},{"taxonomy":"product_cat","embeddable":true,"href":"https:\/\/audiobook-24.com\/en\/wp-json\/wp\/v2\/product_cat?post=2205"},{"taxonomy":"product_tag","embeddable":true,"href":"https:\/\/audiobook-24.com\/en\/wp-json\/wp\/v2\/product_tag?post=2205"}],"curies":[{"name":"wp","href":"https:\/\/api.w.org\/{rel}","templated":true}]}}