{"id":2204,"date":"2025-12-09T18:10:04","date_gmt":"2025-12-09T18:10:04","guid":{"rendered":"https:\/\/audiobook-24.com\/?post_type=product&#038;p=2204"},"modified":"2025-12-09T18:10:04","modified_gmt":"2025-12-09T18:10:04","slug":"%f0%9f%8e%a7-hoerspiel-jan-tenner-der-neue-superheld-folge-18-zweisteins-erben","status":"publish","type":"product","link":"https:\/\/audiobook-24.com\/en\/product\/%f0%9f%8e%a7-hoerspiel-jan-tenner-der-neue-superheld-folge-18-zweisteins-erben\/","title":{"rendered":"\ud83c\udfa7 H\u00f6rspiel \u2013 Jan Tenner \u2013 Der neue Superheld \u2013 Folge 18: Zweisteins Erben"},"content":{"rendered":"<p data-start=\"0\" data-end=\"80\">\ud83c\udfa7 <strong data-start=\"3\" data-end=\"78\">H\u00f6rspiel \u2013 Jan Tenner \u2013 Der neue Superheld \u2013 Folge 18: Zweisteins Erben<\/strong><\/p>\n<p data-start=\"82\" data-end=\"482\">Der Schatten eines alten Gegners kehrt zur\u00fcck.<br data-start=\"128\" data-end=\"131\" \/>Jahrelang schien <strong data-start=\"148\" data-end=\"161\">Zweistein<\/strong>, einer von Jan Tenners gef\u00e4hrlichsten Widersachern, endg\u00fcltig besiegt \u2013 doch nun tauchen Hinweise auf, dass seine finsteren Pl\u00e4ne weiterleben. Eine mysteri\u00f6se Gruppe, die sich selbst <strong data-start=\"345\" data-end=\"367\">\u201eZweisteins Erben\u201c<\/strong> nennt, sorgt weltweit f\u00fcr Chaos und verf\u00fcgt \u00fcber Technologien, die eindeutig aus Zweisteins Geheimlaboren stammen.<\/p>\n<p data-start=\"484\" data-end=\"696\">Jan Tenner, Laura, Professor Futura und General Forbett stehen vor einer neuen, unberechenbaren Bedrohung. Wer f\u00fchrt die Erben an? Wie konnten sie an Zweisteins Wissen gelangen? Und was ist ihr eigentliches Ziel?<\/p>\n<p data-start=\"698\" data-end=\"919\">Als die Angriffe zunehmen und eine globale Krise droht, wird klar:<br data-start=\"764\" data-end=\"767\" \/>Zweistein ist tot \u2013 aber sein Verm\u00e4chtnis ist gef\u00e4hrlicher denn je.<br data-start=\"834\" data-end=\"837\" \/>Ein packendes Abenteuer voller Action, Geheimnisse und klassischem Tenner-Feeling!<\/p>\n<hr data-start=\"921\" data-end=\"924\" \/>\n<p data-start=\"926\" data-end=\"957\">\ud83d\udd0a <strong data-start=\"929\" data-end=\"955\">Format: H\u00f6rspiel (MP3)<\/strong><\/p>\n<p data-start=\"959\" data-end=\"1122\">\u2b07\ufe0f Sofortiger Download f\u00fcr <strong data-start=\"986\" data-end=\"995\">Handy<\/strong><br data-start=\"995\" data-end=\"998\" \/>\u2b07\ufe0f Sofortiger Download f\u00fcr <strong data-start=\"1025\" data-end=\"1031\">PC<\/strong><br data-start=\"1031\" data-end=\"1034\" \/>\u2b07\ufe0f Sofortiger Download f\u00fcrs <strong data-start=\"1062\" data-end=\"1072\">Tablet<\/strong><br data-start=\"1072\" data-end=\"1075\" \/>\u2b07\ufe0f Kompatibel mit <strong data-start=\"1093\" data-end=\"1122\">allen MP3-f\u00e4higen Ger\u00e4ten<\/strong><\/p>\n<p data-start=\"1124\" data-end=\"1160\" data-is-last-node=\"\" data-is-only-node=\"\"><strong data-start=\"1124\" data-end=\"1160\" data-is-last-node=\"\">Einmal gekauft \u2013 f\u00fcr immer dein!<\/strong><\/p>","protected":false},"excerpt":{"rendered":"<p>\ud83c\udfa7 H\u00f6rspiel \u2013 Jan Tenner \u2013 Der neue Superheld \u2013 Folge 18: Zweisteins Erben Der Schatten eines alten Gegners kehrt zur\u00fcck.Jahrelang schien Zweistein, einer von Jan Tenners gef\u00e4hrlichsten Widersachern, endg\u00fcltig besiegt \u2013 doch nun tauchen Hinweise auf, dass seine finsteren Pl\u00e4ne weiterleben. Eine mysteri\u00f6se Gruppe, die sich selbst \u201eZweisteins Erben\u201c nennt, sorgt weltweit f\u00fcr Chaos [&hellip;]<\/p>\n","protected":false},"featured_media":2208,"comment_status":"open","ping_status":"closed","template":"","meta":[],"product_brand":[],"product_cat":[33],"product_tag":[],"class_list":{"0":"post-2204","1":"product","2":"type-product","3":"status-publish","4":"has-post-thumbnail","6":"product_cat-hoerspiel-comics","8":"first","9":"instock","10":"sale","11":"virtual","12":"purchasable","13":"product-type-simple"},"jetpack_sharing_enabled":true,"_links":{"self":[{"href":"https:\/\/audiobook-24.com\/en\/wp-json\/wp\/v2\/product\/2204","targetHints":{"allow":["GET"]}}],"collection":[{"href":"https:\/\/audiobook-24.com\/en\/wp-json\/wp\/v2\/product"}],"about":[{"href":"https:\/\/audiobook-24.com\/en\/wp-json\/wp\/v2\/types\/product"}],"replies":[{"embeddable":true,"href":"https:\/\/audiobook-24.com\/en\/wp-json\/wp\/v2\/comments?post=2204"}],"wp:featuredmedia":[{"embeddable":true,"href":"https:\/\/audiobook-24.com\/en\/wp-json\/wp\/v2\/media\/2208"}],"wp:attachment":[{"href":"https:\/\/audiobook-24.com\/en\/wp-json\/wp\/v2\/media?parent=2204"}],"wp:term":[{"taxonomy":"product_brand","embeddable":true,"href":"https:\/\/audiobook-24.com\/en\/wp-json\/wp\/v2\/product_brand?post=2204"},{"taxonomy":"product_cat","embeddable":true,"href":"https:\/\/audiobook-24.com\/en\/wp-json\/wp\/v2\/product_cat?post=2204"},{"taxonomy":"product_tag","embeddable":true,"href":"https:\/\/audiobook-24.com\/en\/wp-json\/wp\/v2\/product_tag?post=2204"}],"curies":[{"name":"wp","href":"https:\/\/api.w.org\/{rel}","templated":true}]}}