{"id":2202,"date":"2025-12-09T18:03:52","date_gmt":"2025-12-09T18:03:52","guid":{"rendered":"https:\/\/audiobook-24.com\/?post_type=product&#038;p=2202"},"modified":"2025-12-09T18:04:08","modified_gmt":"2025-12-09T18:04:08","slug":"%f0%9f%8e%a7-hoerspiel-jan-tenner-der-neue-superheld-folge-20-rueckkehr-ins-reich-der-azzarus","status":"publish","type":"product","link":"https:\/\/audiobook-24.com\/en\/product\/%f0%9f%8e%a7-hoerspiel-jan-tenner-der-neue-superheld-folge-20-rueckkehr-ins-reich-der-azzarus\/","title":{"rendered":"\ud83c\udfa7 H\u00f6rspiel \u2013 Jan Tenner \u2013 Der neue Superheld \u2013 Folge 20: R\u00fcckkehr ins Reich der Azzarus"},"content":{"rendered":"<p data-start=\"0\" data-end=\"94\">\ud83c\udfa7 <strong data-start=\"3\" data-end=\"92\">H\u00f6rspiel \u2013 Jan Tenner \u2013 Der neue Superheld \u2013 Folge 20: R\u00fcckkehr ins Reich der Azzarus<\/strong><\/p>\n<p data-start=\"96\" data-end=\"319\">Ein neuer, waghalsiger Einsatz ruft: <strong data-start=\"133\" data-end=\"147\">Jan Tenner<\/strong> und sein Team m\u00fcssen erneut ins geheimnisvolle Reich der Azzarus zur\u00fcckkehren \u2013 eine Welt voller fremder Technologien, abgr\u00fcndiger Machtk\u00e4mpfe und unerwarteter Gefahren.<\/p>\n<p data-start=\"321\" data-end=\"490\">Als ein mysteri\u00f6ses Signal auftaucht, das direkt aus dem Azzarus-Universum stammt, wird schnell klar:<br data-start=\"422\" data-end=\"425\" \/>Dies ist kein Zufall.<br data-start=\"446\" data-end=\"449\" \/>Dies ist ein Hilferuf.<br data-start=\"471\" data-end=\"474\" \/>Oder eine Falle.<\/p>\n<p data-start=\"492\" data-end=\"889\">Jan, Laura und Professor Futura begeben sich auf eine riskante Mission zwischen Dimensionen. Alte Feinde erwachen, neue Bedrohungen entstehen \u2013 und die Zukunft der Erde k\u00f6nnte erneut auf dem Spiel stehen.<br data-start=\"696\" data-end=\"699\" \/>Mit actiongeladener Spannung, futuristischen Ideen und dem unverwechselbaren Tenner-Feeling ist diese Folge ein Muss f\u00fcr Science-Fiction-Fans und alle, die mit Jan Tenner gro\u00df geworden sind.<\/p>\n<hr data-start=\"891\" data-end=\"894\" \/>\n<p data-start=\"896\" data-end=\"927\">\ud83d\udd0a <strong data-start=\"899\" data-end=\"925\">Format: H\u00f6rspiel (MP3)<\/strong><\/p>\n<p data-start=\"929\" data-end=\"1092\">\u2b07\ufe0f Sofortiger Download f\u00fcr <strong data-start=\"956\" data-end=\"965\">Handy<\/strong><br data-start=\"965\" data-end=\"968\" \/>\u2b07\ufe0f Sofortiger Download f\u00fcr <strong data-start=\"995\" data-end=\"1001\">PC<\/strong><br data-start=\"1001\" data-end=\"1004\" \/>\u2b07\ufe0f Sofortiger Download f\u00fcrs <strong data-start=\"1032\" data-end=\"1042\">Tablet<\/strong><br data-start=\"1042\" data-end=\"1045\" \/>\u2b07\ufe0f Kompatibel mit <strong data-start=\"1063\" data-end=\"1092\">allen MP3-f\u00e4higen Ger\u00e4ten<\/strong><\/p>\n<p data-start=\"1094\" data-end=\"1130\" data-is-last-node=\"\" data-is-only-node=\"\"><strong data-start=\"1094\" data-end=\"1130\" data-is-last-node=\"\">Einmal gekauft \u2013 f\u00fcr immer dein!<\/strong><\/p>","protected":false},"excerpt":{"rendered":"<p>\ud83c\udfa7 H\u00f6rspiel \u2013 Jan Tenner \u2013 Der neue Superheld \u2013 Folge 20: R\u00fcckkehr ins Reich der Azzarus Ein neuer, waghalsiger Einsatz ruft: Jan Tenner und sein Team m\u00fcssen erneut ins geheimnisvolle Reich der Azzarus zur\u00fcckkehren \u2013 eine Welt voller fremder Technologien, abgr\u00fcndiger Machtk\u00e4mpfe und unerwarteter Gefahren. Als ein mysteri\u00f6ses Signal auftaucht, das direkt aus dem [&hellip;]<\/p>\n","protected":false},"featured_media":2206,"comment_status":"open","ping_status":"closed","template":"","meta":[],"product_brand":[],"product_cat":[33],"product_tag":[],"class_list":{"0":"post-2202","1":"product","2":"type-product","3":"status-publish","4":"has-post-thumbnail","6":"product_cat-hoerspiel-comics","8":"first","9":"instock","10":"sale","11":"virtual","12":"purchasable","13":"product-type-simple"},"jetpack_sharing_enabled":true,"_links":{"self":[{"href":"https:\/\/audiobook-24.com\/en\/wp-json\/wp\/v2\/product\/2202","targetHints":{"allow":["GET"]}}],"collection":[{"href":"https:\/\/audiobook-24.com\/en\/wp-json\/wp\/v2\/product"}],"about":[{"href":"https:\/\/audiobook-24.com\/en\/wp-json\/wp\/v2\/types\/product"}],"replies":[{"embeddable":true,"href":"https:\/\/audiobook-24.com\/en\/wp-json\/wp\/v2\/comments?post=2202"}],"wp:featuredmedia":[{"embeddable":true,"href":"https:\/\/audiobook-24.com\/en\/wp-json\/wp\/v2\/media\/2206"}],"wp:attachment":[{"href":"https:\/\/audiobook-24.com\/en\/wp-json\/wp\/v2\/media?parent=2202"}],"wp:term":[{"taxonomy":"product_brand","embeddable":true,"href":"https:\/\/audiobook-24.com\/en\/wp-json\/wp\/v2\/product_brand?post=2202"},{"taxonomy":"product_cat","embeddable":true,"href":"https:\/\/audiobook-24.com\/en\/wp-json\/wp\/v2\/product_cat?post=2202"},{"taxonomy":"product_tag","embeddable":true,"href":"https:\/\/audiobook-24.com\/en\/wp-json\/wp\/v2\/product_tag?post=2202"}],"curies":[{"name":"wp","href":"https:\/\/api.w.org\/{rel}","templated":true}]}}