{"id":2195,"date":"2025-12-09T15:02:37","date_gmt":"2025-12-09T15:02:37","guid":{"rendered":"https:\/\/audiobook-24.com\/?post_type=product&#038;p=2195"},"modified":"2025-12-09T15:02:38","modified_gmt":"2025-12-09T15:02:38","slug":"%f0%9f%8e%a7-hoerspiel-drachenzaehmen-leicht-gemacht-3-das-original-hoerspiel-zum-film","status":"publish","type":"product","link":"https:\/\/audiobook-24.com\/en\/product\/%f0%9f%8e%a7-hoerspiel-drachenzaehmen-leicht-gemacht-3-das-original-hoerspiel-zum-film\/","title":{"rendered":"\ud83c\udfa7 H\u00f6rspiel \u2013 Drachenz\u00e4hmen leicht gemacht 3 Das Original-H\u00f6rspiel zum Film"},"content":{"rendered":"<p data-start=\"0\" data-end=\"83\">\ud83c\udfa7 <strong data-start=\"3\" data-end=\"48\">H\u00f6rspiel \u2013 Drachenz\u00e4hmen leicht gemacht 3<\/strong><br data-start=\"48\" data-end=\"51\" \/><em data-start=\"51\" data-end=\"83\">Das Original-H\u00f6rspiel zum Film<\/em><\/p>\n<p data-start=\"85\" data-end=\"464\">Willkommen zur\u00fcck in der faszinierenden Welt von <strong data-start=\"134\" data-end=\"143\">Hicks<\/strong> und <strong data-start=\"148\" data-end=\"160\">Ohnezahn<\/strong>!<br data-start=\"161\" data-end=\"164\" \/>Im dritten Teil der gefeierten Reihe stehen die beiden vor ihrem gr\u00f6\u00dften Abenteuer:<br data-start=\"247\" data-end=\"250\" \/>Die Suche nach einer geheimen, mystischen Welt \u2013 der <strong data-start=\"303\" data-end=\"330\">versteckten Drachenwelt<\/strong> \u2013 und die Frage, ob ihre Freundschaft eine Zukunft hat, wenn Ohnezahn seiner gro\u00dfen Liebe begegnet: der <strong data-start=\"435\" data-end=\"463\">tagschwarzen Drachenlady<\/strong>.<\/p>\n<p data-start=\"466\" data-end=\"698\">Erlebe die epische, emotionale und humorvolle Geschichte mit originalen Filmsounds, Musik und den vertrauten Stimmen der Charaktere.<br data-start=\"598\" data-end=\"601\" \/>Ein fantastisches H\u00f6rspiel f\u00fcr die ganze Familie \u2013 aufregend, witzig und zum Herzzerrei\u00dfen sch\u00f6n.<\/p>\n<hr data-start=\"700\" data-end=\"703\" \/>\n<p data-start=\"705\" data-end=\"734\">\ud83d\udd0a <strong data-start=\"708\" data-end=\"734\">Format: H\u00f6rspiel (MP3)<\/strong><\/p>\n<p data-start=\"736\" data-end=\"899\">\u2b07\ufe0f Sofortiger Download f\u00fcr <strong data-start=\"763\" data-end=\"772\">Handy<\/strong><br data-start=\"772\" data-end=\"775\" \/>\u2b07\ufe0f Sofortiger Download f\u00fcr <strong data-start=\"802\" data-end=\"808\">PC<\/strong><br data-start=\"808\" data-end=\"811\" \/>\u2b07\ufe0f Sofortiger Download f\u00fcrs <strong data-start=\"839\" data-end=\"849\">Tablet<\/strong><br data-start=\"849\" data-end=\"852\" \/>\u2b07\ufe0f Kompatibel mit <strong data-start=\"870\" data-end=\"899\">allen MP3-f\u00e4higen Ger\u00e4ten<\/strong><\/p>\n<p data-start=\"901\" data-end=\"937\" data-is-last-node=\"\" data-is-only-node=\"\"><strong data-start=\"901\" data-end=\"937\" data-is-last-node=\"\">Einmal gekauft \u2013 f\u00fcr immer dein!<\/strong><\/p>","protected":false},"excerpt":{"rendered":"<p>\ud83c\udfa7 H\u00f6rspiel \u2013 Drachenz\u00e4hmen leicht gemacht 3Das Original-H\u00f6rspiel zum Film Willkommen zur\u00fcck in der faszinierenden Welt von Hicks und Ohnezahn!Im dritten Teil der gefeierten Reihe stehen die beiden vor ihrem gr\u00f6\u00dften Abenteuer:Die Suche nach einer geheimen, mystischen Welt \u2013 der versteckten Drachenwelt \u2013 und die Frage, ob ihre Freundschaft eine Zukunft hat, wenn Ohnezahn seiner [&hellip;]<\/p>\n","protected":false},"featured_media":2196,"comment_status":"open","ping_status":"closed","template":"","meta":[],"product_brand":[],"product_cat":[33,21],"product_tag":[],"class_list":{"0":"post-2195","1":"product","2":"type-product","3":"status-publish","4":"has-post-thumbnail","6":"product_cat-hoerspiel-comics","7":"product_cat-hoerspiele","9":"first","10":"instock","11":"sale","12":"virtual","13":"purchasable","14":"product-type-simple"},"jetpack_sharing_enabled":true,"_links":{"self":[{"href":"https:\/\/audiobook-24.com\/en\/wp-json\/wp\/v2\/product\/2195","targetHints":{"allow":["GET"]}}],"collection":[{"href":"https:\/\/audiobook-24.com\/en\/wp-json\/wp\/v2\/product"}],"about":[{"href":"https:\/\/audiobook-24.com\/en\/wp-json\/wp\/v2\/types\/product"}],"replies":[{"embeddable":true,"href":"https:\/\/audiobook-24.com\/en\/wp-json\/wp\/v2\/comments?post=2195"}],"wp:featuredmedia":[{"embeddable":true,"href":"https:\/\/audiobook-24.com\/en\/wp-json\/wp\/v2\/media\/2196"}],"wp:attachment":[{"href":"https:\/\/audiobook-24.com\/en\/wp-json\/wp\/v2\/media?parent=2195"}],"wp:term":[{"taxonomy":"product_brand","embeddable":true,"href":"https:\/\/audiobook-24.com\/en\/wp-json\/wp\/v2\/product_brand?post=2195"},{"taxonomy":"product_cat","embeddable":true,"href":"https:\/\/audiobook-24.com\/en\/wp-json\/wp\/v2\/product_cat?post=2195"},{"taxonomy":"product_tag","embeddable":true,"href":"https:\/\/audiobook-24.com\/en\/wp-json\/wp\/v2\/product_tag?post=2195"}],"curies":[{"name":"wp","href":"https:\/\/api.w.org\/{rel}","templated":true}]}}