{"id":2194,"date":"2025-12-09T15:06:46","date_gmt":"2025-12-09T15:06:46","guid":{"rendered":"https:\/\/audiobook-24.com\/?post_type=product&#038;p=2194"},"modified":"2025-12-09T15:06:47","modified_gmt":"2025-12-09T15:06:47","slug":"%f0%9f%8e%a7-hoerspiel-disney-vaiana-das-original-hoerspiel-zum-film","status":"publish","type":"product","link":"https:\/\/audiobook-24.com\/en\/product\/%f0%9f%8e%a7-hoerspiel-disney-vaiana-das-original-hoerspiel-zum-film\/","title":{"rendered":"\ud83c\udfa7 H\u00f6rspiel \u2013 Disney: Vaiana \u2013 Das Original-H\u00f6rspiel zum Film"},"content":{"rendered":"<p data-start=\"0\" data-end=\"67\">\ud83c\udfa7 <strong data-start=\"3\" data-end=\"65\">H\u00f6rspiel \u2013 Disney: Vaiana \u2013 Das Original-H\u00f6rspiel zum Film<\/strong><\/p>\n<p data-start=\"69\" data-end=\"366\">Begib dich auf eine magische Reise \u00fcber den Ozean!<br data-start=\"119\" data-end=\"122\" \/>Erlebe Vaianas heldenhafte Mission, ihr Volk zu retten, begleitet vom frechen Halbgott <strong data-start=\"209\" data-end=\"217\">Maui<\/strong>, atemberaubender Musik und den originalen Filmsounds.<br data-start=\"271\" data-end=\"274\" \/>Perfekt f\u00fcr gro\u00dfe und kleine Disney-Fans, die die Magie des Films jederzeit h\u00f6ren m\u00f6chten.<\/p>\n<hr data-start=\"368\" data-end=\"371\" \/>\n<p data-start=\"373\" data-end=\"402\">\ud83d\udd0a <strong data-start=\"376\" data-end=\"402\">Format: H\u00f6rspiel (MP3)<\/strong><\/p>\n<p data-start=\"404\" data-end=\"567\">\u2b07\ufe0f Sofortiger Download f\u00fcr <strong data-start=\"431\" data-end=\"440\">Handy<\/strong><br data-start=\"440\" data-end=\"443\" \/>\u2b07\ufe0f Sofortiger Download f\u00fcr <strong data-start=\"470\" data-end=\"476\">PC<\/strong><br data-start=\"476\" data-end=\"479\" \/>\u2b07\ufe0f Sofortiger Download f\u00fcrs <strong data-start=\"507\" data-end=\"517\">Tablet<\/strong><br data-start=\"517\" data-end=\"520\" data-is-only-node=\"\" \/>\u2b07\ufe0f Kompatibel mit <strong data-start=\"538\" data-end=\"567\">allen MP3-f\u00e4higen Ger\u00e4ten<\/strong><\/p>\n<p data-start=\"569\" data-end=\"605\" data-is-last-node=\"\" data-is-only-node=\"\"><strong data-start=\"569\" data-end=\"605\" data-is-last-node=\"\">Einmal gekauft \u2013 f\u00fcr immer dein!<\/strong><\/p>","protected":false},"excerpt":{"rendered":"<p>\ud83c\udfa7 H\u00f6rspiel \u2013 Disney: Vaiana \u2013 Das Original-H\u00f6rspiel zum Film Begib dich auf eine magische Reise \u00fcber den Ozean!Erlebe Vaianas heldenhafte Mission, ihr Volk zu retten, begleitet vom frechen Halbgott Maui, atemberaubender Musik und den originalen Filmsounds.Perfekt f\u00fcr gro\u00dfe und kleine Disney-Fans, die die Magie des Films jederzeit h\u00f6ren m\u00f6chten. \ud83d\udd0a Format: H\u00f6rspiel (MP3) \u2b07\ufe0f [&hellip;]<\/p>\n","protected":false},"featured_media":2197,"comment_status":"open","ping_status":"closed","template":"","meta":[],"product_brand":[],"product_cat":[33,21],"product_tag":[],"class_list":{"0":"post-2194","1":"product","2":"type-product","3":"status-publish","4":"has-post-thumbnail","6":"product_cat-hoerspiel-comics","7":"product_cat-hoerspiele","9":"first","10":"instock","11":"sale","12":"virtual","13":"purchasable","14":"product-type-simple"},"jetpack_sharing_enabled":true,"_links":{"self":[{"href":"https:\/\/audiobook-24.com\/en\/wp-json\/wp\/v2\/product\/2194","targetHints":{"allow":["GET"]}}],"collection":[{"href":"https:\/\/audiobook-24.com\/en\/wp-json\/wp\/v2\/product"}],"about":[{"href":"https:\/\/audiobook-24.com\/en\/wp-json\/wp\/v2\/types\/product"}],"replies":[{"embeddable":true,"href":"https:\/\/audiobook-24.com\/en\/wp-json\/wp\/v2\/comments?post=2194"}],"wp:featuredmedia":[{"embeddable":true,"href":"https:\/\/audiobook-24.com\/en\/wp-json\/wp\/v2\/media\/2197"}],"wp:attachment":[{"href":"https:\/\/audiobook-24.com\/en\/wp-json\/wp\/v2\/media?parent=2194"}],"wp:term":[{"taxonomy":"product_brand","embeddable":true,"href":"https:\/\/audiobook-24.com\/en\/wp-json\/wp\/v2\/product_brand?post=2194"},{"taxonomy":"product_cat","embeddable":true,"href":"https:\/\/audiobook-24.com\/en\/wp-json\/wp\/v2\/product_cat?post=2194"},{"taxonomy":"product_tag","embeddable":true,"href":"https:\/\/audiobook-24.com\/en\/wp-json\/wp\/v2\/product_tag?post=2194"}],"curies":[{"name":"wp","href":"https:\/\/api.w.org\/{rel}","templated":true}]}}