{"id":2182,"date":"2025-12-08T14:04:21","date_gmt":"2025-12-08T14:04:21","guid":{"rendered":"https:\/\/audiobook-24.com\/?post_type=product&#038;p=2182"},"modified":"2025-12-08T14:04:22","modified_gmt":"2025-12-08T14:04:22","slug":"2182","status":"publish","type":"product","link":"https:\/\/audiobook-24.com\/en\/product\/2182\/","title":{"rendered":""},"content":{"rendered":"<h1 data-start=\"258\" data-end=\"302\">\ud83c\udfa7 <strong data-start=\"261\" data-end=\"302\">Stephen King \u2013 <em data-start=\"278\" data-end=\"300\">Winter \u2013 Atemtechnik<\/em><\/strong><\/h1>\n<hr data-start=\"304\" data-end=\"307\" \/>\n<h2 data-start=\"309\" data-end=\"335\">\ud83d\udd0a <strong data-start=\"315\" data-end=\"333\">H\u00f6rspiel (MP3)<\/strong><\/h2>\n<p data-start=\"336\" data-end=\"579\">Ein atmosph\u00e4risch-d\u00fcsteres Winter-H\u00f6rspiel, das die unheimliche Geschichte um Sandra Stansfield im exklusiven Club der Herren lebendig werden l\u00e4sst.<br data-start=\"484\" data-end=\"487\" \/>Mit packender Ger\u00e4uschkulisse, winterlicher K\u00e4lte und einem Finale, das unter die Haut geht.<\/p>\n<p data-start=\"581\" data-end=\"595\"><strong data-start=\"581\" data-end=\"593\">Enth\u00e4lt:<\/strong><\/p>\n<ul data-start=\"596\" data-end=\"728\">\n<li data-start=\"596\" data-end=\"625\">\n<p data-start=\"598\" data-end=\"625\">Filmreife Soundgestaltung<\/p>\n<\/li>\n<li data-start=\"626\" data-end=\"652\">\n<p data-start=\"628\" data-end=\"652\">Mehrere Sprecherrollen<\/p>\n<\/li>\n<li data-start=\"653\" data-end=\"682\">\n<p data-start=\"655\" data-end=\"682\">Intensives Winter-Setting<\/p>\n<\/li>\n<li data-start=\"683\" data-end=\"728\">\n<p data-start=\"685\" data-end=\"728\">Unheimliche Spannung bis zur letzten Minute<\/p>\n<\/li>\n<\/ul>\n<p data-start=\"730\" data-end=\"766\"><strong data-start=\"730\" data-end=\"741\">Format:<\/strong> MP3, sofort abspielbar<\/p>\n<p data-start=\"768\" data-end=\"931\">\u2b07\ufe0f <strong data-start=\"771\" data-end=\"804\">Sofortiger Download f\u00fcr Handy<\/strong><br data-start=\"804\" data-end=\"807\" \/>\u2b07\ufe0f <strong data-start=\"810\" data-end=\"840\">Sofortiger Download f\u00fcr PC<\/strong><br data-start=\"840\" data-end=\"843\" \/>\u2b07\ufe0f <strong data-start=\"846\" data-end=\"881\">Sofortiger Download f\u00fcrs Tablet<\/strong><br data-start=\"881\" data-end=\"884\" \/>\u2b07\ufe0f <strong data-start=\"887\" data-end=\"931\">Kompatibel mit allen MP3-f\u00e4higen Ger\u00e4ten<\/strong><\/p>\n<p data-start=\"933\" data-end=\"969\"><strong data-start=\"933\" data-end=\"969\">Einmal gekauft \u2013 f\u00fcr immer dein!<\/strong><\/p>","protected":false},"excerpt":{"rendered":"<p>\ud83c\udfa7 Stephen King \u2013 Winter \u2013 Atemtechnik \ud83d\udd0a H\u00f6rspiel (MP3) Ein atmosph\u00e4risch-d\u00fcsteres Winter-H\u00f6rspiel, das die unheimliche Geschichte um Sandra Stansfield im exklusiven Club der Herren lebendig werden l\u00e4sst.Mit packender Ger\u00e4uschkulisse, winterlicher K\u00e4lte und einem Finale, das unter die Haut geht. Enth\u00e4lt: Filmreife Soundgestaltung Mehrere Sprecherrollen Intensives Winter-Setting Unheimliche Spannung bis zur letzten Minute Format: MP3, [&hellip;]<\/p>\n","protected":false},"featured_media":2183,"comment_status":"open","ping_status":"closed","template":"","meta":[],"product_brand":[],"product_cat":[48],"product_tag":[],"class_list":{"0":"post-2182","1":"product","2":"type-product","3":"status-publish","4":"has-post-thumbnail","6":"product_cat-grusel-geschichten","8":"first","9":"instock","10":"sale","11":"virtual","12":"purchasable","13":"product-type-simple"},"jetpack_sharing_enabled":true,"_links":{"self":[{"href":"https:\/\/audiobook-24.com\/en\/wp-json\/wp\/v2\/product\/2182","targetHints":{"allow":["GET"]}}],"collection":[{"href":"https:\/\/audiobook-24.com\/en\/wp-json\/wp\/v2\/product"}],"about":[{"href":"https:\/\/audiobook-24.com\/en\/wp-json\/wp\/v2\/types\/product"}],"replies":[{"embeddable":true,"href":"https:\/\/audiobook-24.com\/en\/wp-json\/wp\/v2\/comments?post=2182"}],"wp:featuredmedia":[{"embeddable":true,"href":"https:\/\/audiobook-24.com\/en\/wp-json\/wp\/v2\/media\/2183"}],"wp:attachment":[{"href":"https:\/\/audiobook-24.com\/en\/wp-json\/wp\/v2\/media?parent=2182"}],"wp:term":[{"taxonomy":"product_brand","embeddable":true,"href":"https:\/\/audiobook-24.com\/en\/wp-json\/wp\/v2\/product_brand?post=2182"},{"taxonomy":"product_cat","embeddable":true,"href":"https:\/\/audiobook-24.com\/en\/wp-json\/wp\/v2\/product_cat?post=2182"},{"taxonomy":"product_tag","embeddable":true,"href":"https:\/\/audiobook-24.com\/en\/wp-json\/wp\/v2\/product_tag?post=2182"}],"curies":[{"name":"wp","href":"https:\/\/api.w.org\/{rel}","templated":true}]}}