{"id":2176,"date":"2025-12-08T13:56:14","date_gmt":"2025-12-08T13:56:14","guid":{"rendered":"https:\/\/audiobook-24.com\/?post_type=product&#038;p=2176"},"modified":"2025-12-08T13:56:14","modified_gmt":"2025-12-08T13:56:14","slug":"%f0%9f%8e%a7-hoerspiel-horror-coming-of-age-stephen-king-die-leiche","status":"publish","type":"product","link":"https:\/\/audiobook-24.com\/en\/product\/%f0%9f%8e%a7-hoerspiel-horror-coming-of-age-stephen-king-die-leiche\/","title":{"rendered":"\ud83c\udfa7 H\u00f6rspiel (Horror\/Coming-of-Age) \u2013 Stephen King \u2013 Die Leiche"},"content":{"rendered":"<p data-start=\"0\" data-end=\"116\">\ud83c\udfa7 <strong data-start=\"3\" data-end=\"66\">H\u00f6rspiel (Horror\/Coming-of-Age) \u2013 Stephen King \u2013 Die Leiche<\/strong><br data-start=\"66\" data-end=\"69\" \/>*(Vorlage der Kultverfilmung <strong data-start=\"98\" data-end=\"113\">STAND BY ME<\/strong>) *<\/p>\n<p data-start=\"118\" data-end=\"261\">Ein Sommer, der alles ver\u00e4ndert.<br data-start=\"150\" data-end=\"153\" \/>Vier Jungen, ein t\u00f6dliches Geheimnis.<br data-start=\"190\" data-end=\"193\" \/>Und ein Weg, der sie erwachsener macht, als sie bereit sind zu sein.<\/p>\n<p data-start=\"263\" data-end=\"425\">Die Freunde <strong data-start=\"275\" data-end=\"308\">Gordie, Chris, Teddy und Vern<\/strong> h\u00f6ren ein Ger\u00fccht, das ihr Leben ver\u00e4ndert:<br data-start=\"352\" data-end=\"355\" \/>Irgendwo im Wald soll die Leiche eines verschwundenen Jungen liegen.<\/p>\n<p data-start=\"427\" data-end=\"783\">Getrieben von Neugier, Mut und dem Wunsch, endlich etwas Gro\u00dfes zu erleben, brechen sie zu einem Abenteuer auf, das sie gef\u00e4hrlicher, d\u00fcsterer und emotionaler f\u00fchrt, als sie je geahnt h\u00e4tten.<br data-start=\"618\" data-end=\"621\" \/>Der Weg durch den Wald wird zu einer Reise zwischen Angst und Freundschaft, zwischen Kindheit und Erwachsenwerden \u2013 und jede Stunde bringt sie der Wahrheit n\u00e4her:<\/p>\n<p data-start=\"785\" data-end=\"859\"><strong data-start=\"785\" data-end=\"859\">Eine Leiche wartet auf sie.<br data-start=\"814\" data-end=\"817\" \/>Aber auch die Wahrheit \u00fcber sich selbst.<\/strong><\/p>\n<p data-start=\"861\" data-end=\"976\">Ein tiefgehender, unheimlicher und ber\u00fchrender Horror-Coming-of-Age-Stoff, wie ihn nur Stephen King schreiben kann.<\/p>\n<hr data-start=\"978\" data-end=\"981\" \/>\n<p data-start=\"983\" data-end=\"1012\">\ud83d\udd0a <strong data-start=\"986\" data-end=\"1012\">Format: H\u00f6rspiel (MP3)<\/strong><\/p>\n<p data-start=\"1014\" data-end=\"1177\">\u2b07\ufe0f Sofortiger Download f\u00fcr <strong data-start=\"1041\" data-end=\"1050\">Handy<\/strong><br data-start=\"1050\" data-end=\"1053\" \/>\u2b07\ufe0f Sofortiger Download f\u00fcr <strong data-start=\"1080\" data-end=\"1086\">PC<\/strong><br data-start=\"1086\" data-end=\"1089\" \/>\u2b07\ufe0f Sofortiger Download f\u00fcrs <strong data-start=\"1117\" data-end=\"1127\">Tablet<\/strong><br data-start=\"1127\" data-end=\"1130\" \/>\u2b07\ufe0f Kompatibel mit allen <strong data-start=\"1154\" data-end=\"1177\">MP3-f\u00e4higen Ger\u00e4ten<\/strong><\/p>\n<p data-start=\"1179\" data-end=\"1215\" data-is-last-node=\"\" data-is-only-node=\"\"><strong data-start=\"1179\" data-end=\"1215\" data-is-last-node=\"\">Einmal gekauft \u2013 f\u00fcr immer dein!<\/strong><\/p>","protected":false},"excerpt":{"rendered":"<p>\ud83c\udfa7 H\u00f6rspiel (Horror\/Coming-of-Age) \u2013 Stephen King \u2013 Die Leiche*(Vorlage der Kultverfilmung STAND BY ME) * Ein Sommer, der alles ver\u00e4ndert.Vier Jungen, ein t\u00f6dliches Geheimnis.Und ein Weg, der sie erwachsener macht, als sie bereit sind zu sein. Die Freunde Gordie, Chris, Teddy und Vern h\u00f6ren ein Ger\u00fccht, das ihr Leben ver\u00e4ndert:Irgendwo im Wald soll die Leiche [&hellip;]<\/p>\n","protected":false},"featured_media":2177,"comment_status":"open","ping_status":"closed","template":"","meta":[],"product_brand":[],"product_cat":[48],"product_tag":[],"class_list":{"0":"post-2176","1":"product","2":"type-product","3":"status-publish","4":"has-post-thumbnail","6":"product_cat-grusel-geschichten","8":"first","9":"instock","10":"sale","11":"virtual","12":"purchasable","13":"product-type-simple"},"jetpack_sharing_enabled":true,"_links":{"self":[{"href":"https:\/\/audiobook-24.com\/en\/wp-json\/wp\/v2\/product\/2176","targetHints":{"allow":["GET"]}}],"collection":[{"href":"https:\/\/audiobook-24.com\/en\/wp-json\/wp\/v2\/product"}],"about":[{"href":"https:\/\/audiobook-24.com\/en\/wp-json\/wp\/v2\/types\/product"}],"replies":[{"embeddable":true,"href":"https:\/\/audiobook-24.com\/en\/wp-json\/wp\/v2\/comments?post=2176"}],"wp:featuredmedia":[{"embeddable":true,"href":"https:\/\/audiobook-24.com\/en\/wp-json\/wp\/v2\/media\/2177"}],"wp:attachment":[{"href":"https:\/\/audiobook-24.com\/en\/wp-json\/wp\/v2\/media?parent=2176"}],"wp:term":[{"taxonomy":"product_brand","embeddable":true,"href":"https:\/\/audiobook-24.com\/en\/wp-json\/wp\/v2\/product_brand?post=2176"},{"taxonomy":"product_cat","embeddable":true,"href":"https:\/\/audiobook-24.com\/en\/wp-json\/wp\/v2\/product_cat?post=2176"},{"taxonomy":"product_tag","embeddable":true,"href":"https:\/\/audiobook-24.com\/en\/wp-json\/wp\/v2\/product_tag?post=2176"}],"curies":[{"name":"wp","href":"https:\/\/api.w.org\/{rel}","templated":true}]}}