{"id":2173,"date":"2025-12-08T13:22:06","date_gmt":"2025-12-08T13:22:06","guid":{"rendered":"https:\/\/audiobook-24.com\/?post_type=product&#038;p=2173"},"modified":"2025-12-08T13:22:06","modified_gmt":"2025-12-08T13:22:06","slug":"%f0%9f%8e%a7-hoerspiel-horror-fantasy-stephen-king-die-augen-des-drachen","status":"publish","type":"product","link":"https:\/\/audiobook-24.com\/en\/product\/%f0%9f%8e%a7-hoerspiel-horror-fantasy-stephen-king-die-augen-des-drachen\/","title":{"rendered":"\ud83c\udfa7 H\u00f6rspiel (Horror\/Fantasy) \u2013 Stephen King \u2013 Die Augen des Drachen"},"content":{"rendered":"<h6 class=\"sr-only\"><span style=\"font-size: 16px;\">\ud83c\udfa7 <\/span><strong style=\"font-size: 16px;\" data-start=\"3\" data-end=\"71\">H\u00f6rspiel (Horror\/Fantasy) \u2013 Stephen King \u2013 Die Augen des Drachen<\/strong><\/h6>\n<div class=\"text-base my-auto mx-auto pb-10 [--thread-content-margin:--spacing(4)] @w-sm\/main:[--thread-content-margin:--spacing(6)] @w-lg\/main:[--thread-content-margin:--spacing(16)] px-(--thread-content-margin)\">\n<div class=\"[--thread-content-max-width:40rem] @w-lg\/main:[--thread-content-max-width:48rem] mx-auto max-w-(--thread-content-max-width) flex-1 group\/turn-messages focus-visible:outline-hidden relative flex w-full min-w-0 flex-col agent-turn\" tabindex=\"-1\">\n<div class=\"flex max-w-full flex-col grow\">\n<div class=\"min-h-8 text-message relative flex w-full flex-col items-end gap-2 text-start break-words whitespace-normal [.text-message+&amp;]:mt-1\" dir=\"auto\" data-message-author-role=\"assistant\" data-message-id=\"3b4bba55-9dc4-49ab-b738-94cedb07c18c\" data-message-model-slug=\"gpt-5-1\">\n<div class=\"flex w-full flex-col gap-1 empty:hidden first:pt-[1px]\">\n<div class=\"markdown prose dark:prose-invert w-full break-words light markdown-new-styling\">\n<p data-start=\"73\" data-end=\"210\">Ein K\u00f6nigreich in Gefahr.<br data-start=\"98\" data-end=\"101\" \/>Ein finsterer Magier, der seine Chance wittert.<br data-start=\"148\" data-end=\"151\" \/>Und zwei Br\u00fcder, deren Schicksal \u00fcber das Land entscheidet.<\/p>\n<p data-start=\"212\" data-end=\"479\">Im K\u00f6nigreich Delain herrscht eigentlich Frieden \u2013 bis ein grausamer Mord das Land ersch\u00fcttert. K\u00f6nig Roland wird unter mysteri\u00f6sen Umst\u00e4nden vergiftet, und schnell f\u00e4llt der Verdacht auf seinen eigenen Sohn, den jungen Prinzen <strong data-start=\"440\" data-end=\"449\">Peter<\/strong>. Doch Peter ist unschuldig.<\/p>\n<p data-start=\"481\" data-end=\"619\">Der wahre Drahtzieher ist der dunkle Zauberer <strong data-start=\"527\" data-end=\"536\">Flagg<\/strong>, ein Meister der Manipulation, der nur ein Ziel hat:<br data-start=\"589\" data-end=\"592\" \/>Delain in Chaos zu st\u00fcrzen.<\/p>\n<p data-start=\"621\" data-end=\"893\">Peter wird eingesperrt, w\u00e4hrend sein j\u00fcngerer Bruder <strong data-start=\"674\" data-end=\"684\">Thomas<\/strong> \u2013 einsam, unsicher und leicht beeinflussbar \u2013 dem Magier v\u00f6llig in die H\u00e4nde f\u00e4llt. Doch im Schatten des K\u00f6nigreichs formt sich ein Plan. Peter gibt nicht auf. Und Flagg hat die Macht von Delain untersch\u00e4tzt.<\/p>\n<p data-start=\"895\" data-end=\"1040\">In einem Reich voller Magie, Intrigen, Verrat und Mut erhebt sich ein Kampf zwischen Gut und B\u00f6se \u2013 und die <em data-start=\"1003\" data-end=\"1022\">Augen des Drachen<\/em> beobachten alles.<\/p>\n<p data-start=\"1042\" data-end=\"1158\">Ein d\u00fcsteres, atmosph\u00e4risches Fantasy-M\u00e4rchen aus der Feder von Stephen King \u2013 packend, majest\u00e4tisch, unvergesslich.<\/p>\n<hr data-start=\"1160\" data-end=\"1163\" \/>\n<p data-start=\"1165\" data-end=\"1194\">\ud83d\udd0a <strong data-start=\"1168\" data-end=\"1194\">Format: H\u00f6rspiel (MP3)<\/strong><\/p>\n<p data-start=\"1196\" data-end=\"1359\">\u2b07\ufe0f Sofortiger Download f\u00fcr <strong data-start=\"1223\" data-end=\"1232\">Handy<\/strong><br data-start=\"1232\" data-end=\"1235\" \/>\u2b07\ufe0f Sofortiger Download f\u00fcr <strong data-start=\"1262\" data-end=\"1268\">PC<\/strong><br data-start=\"1268\" data-end=\"1271\" \/>\u2b07\ufe0f Sofortiger Download f\u00fcrs <strong data-start=\"1299\" data-end=\"1309\">Tablet<\/strong><br data-start=\"1309\" data-end=\"1312\" \/>\u2b07\ufe0f Kompatibel mit <strong data-start=\"1330\" data-end=\"1359\">allen MP3-f\u00e4higen Ger\u00e4ten<\/strong><\/p>\n<p data-start=\"1361\" data-end=\"1397\" data-is-last-node=\"\" data-is-only-node=\"\"><strong data-start=\"1361\" data-end=\"1397\" data-is-last-node=\"\">Einmal gekauft \u2013 f\u00fcr immer dein!<\/strong><\/p>\n<\/div>\n<\/div>\n<\/div>\n<\/div>\n<\/div>\n<\/div>\n","protected":false},"excerpt":{"rendered":"<p>\ud83c\udfa7 H\u00f6rspiel (Horror\/Fantasy) \u2013 Stephen King \u2013 Die Augen des Drachen Ein K\u00f6nigreich in Gefahr.Ein finsterer Magier, der seine Chance wittert.Und zwei Br\u00fcder, deren Schicksal \u00fcber das Land entscheidet. Im K\u00f6nigreich Delain herrscht eigentlich Frieden \u2013 bis ein grausamer Mord das Land ersch\u00fcttert. K\u00f6nig Roland wird unter mysteri\u00f6sen Umst\u00e4nden vergiftet, und schnell f\u00e4llt der Verdacht [&hellip;]<\/p>\n","protected":false},"featured_media":2175,"comment_status":"open","ping_status":"closed","template":"","meta":[],"product_brand":[],"product_cat":[48],"product_tag":[],"class_list":{"0":"post-2173","1":"product","2":"type-product","3":"status-publish","4":"has-post-thumbnail","6":"product_cat-grusel-geschichten","8":"first","9":"instock","10":"sale","11":"virtual","12":"purchasable","13":"product-type-simple"},"jetpack_sharing_enabled":true,"_links":{"self":[{"href":"https:\/\/audiobook-24.com\/en\/wp-json\/wp\/v2\/product\/2173","targetHints":{"allow":["GET"]}}],"collection":[{"href":"https:\/\/audiobook-24.com\/en\/wp-json\/wp\/v2\/product"}],"about":[{"href":"https:\/\/audiobook-24.com\/en\/wp-json\/wp\/v2\/types\/product"}],"replies":[{"embeddable":true,"href":"https:\/\/audiobook-24.com\/en\/wp-json\/wp\/v2\/comments?post=2173"}],"wp:featuredmedia":[{"embeddable":true,"href":"https:\/\/audiobook-24.com\/en\/wp-json\/wp\/v2\/media\/2175"}],"wp:attachment":[{"href":"https:\/\/audiobook-24.com\/en\/wp-json\/wp\/v2\/media?parent=2173"}],"wp:term":[{"taxonomy":"product_brand","embeddable":true,"href":"https:\/\/audiobook-24.com\/en\/wp-json\/wp\/v2\/product_brand?post=2173"},{"taxonomy":"product_cat","embeddable":true,"href":"https:\/\/audiobook-24.com\/en\/wp-json\/wp\/v2\/product_cat?post=2173"},{"taxonomy":"product_tag","embeddable":true,"href":"https:\/\/audiobook-24.com\/en\/wp-json\/wp\/v2\/product_tag?post=2173"}],"curies":[{"name":"wp","href":"https:\/\/api.w.org\/{rel}","templated":true}]}}