{"id":2171,"date":"2025-12-08T08:57:46","date_gmt":"2025-12-08T08:57:46","guid":{"rendered":"https:\/\/audiobook-24.com\/?post_type=product&#038;p=2171"},"modified":"2025-12-08T08:57:46","modified_gmt":"2025-12-08T08:57:46","slug":"%f0%9f%8e%a7-hoerspiel-horror-stephen-king-thinner-der-fluch-2","status":"publish","type":"product","link":"https:\/\/audiobook-24.com\/en\/product\/%f0%9f%8e%a7-hoerspiel-horror-stephen-king-thinner-der-fluch-2\/","title":{"rendered":"\ud83c\udfa7 H\u00f6rspiel (Horror) \u2013 Stephen King \u2013 Thinner: Der Fluch"},"content":{"rendered":"<p data-start=\"0\" data-end=\"60\">\ud83c\udfa7 <strong data-start=\"3\" data-end=\"60\">H\u00f6rspiel (Horror) \u2013 Stephen King \u2013 Thinner: Der Fluch<\/strong><\/p>\n<p data-start=\"62\" data-end=\"161\">Ein t\u00f6dlicher Spruch.<br data-start=\"83\" data-end=\"86\" \/>Ein Mann, der t\u00e4glich weniger wird.<br data-start=\"121\" data-end=\"124\" \/>Und eine Rache, die niemand \u00fcberlebt.<\/p>\n<p data-start=\"163\" data-end=\"402\">Der erfolgreiche Anwalt <strong data-start=\"187\" data-end=\"204\">Billy Halleck<\/strong> glaubt, sein Leben unter Kontrolle zu haben \u2013 bis er eine alte Zigeunerin \u00fcberf\u00e4hrt. Mit seinem Einfluss wird der Vorfall vertuscht, doch die Familie des Opfers l\u00e4sst das Unrecht nicht unges\u00fchnt.<\/p>\n<p data-start=\"404\" data-end=\"517\">Ein uralter Rom tritt an Billy heran, streicht ihm \u00fcber die Wange und spricht ein einziges Wort:<br data-start=\"500\" data-end=\"503\" \/><strong data-start=\"503\" data-end=\"517\">\u201eThinner.\u201c<\/strong><\/p>\n<p data-start=\"519\" data-end=\"727\">Von diesem Moment an beginnt Billy unaufhaltsam zu erliegen \u2013 ein Gewichtsverlust, der nicht zu stoppen ist.<br data-start=\"627\" data-end=\"630\" \/>Egal, wie viel er isst.<br data-start=\"653\" data-end=\"656\" \/>Egal, wie viele \u00c4rzte er konsultiert.<br data-start=\"693\" data-end=\"696\" \/>Egal, wie sehr er sich wehrt.<\/p>\n<p data-start=\"729\" data-end=\"805\">Der Fluch frisst ihn auf.<br data-start=\"754\" data-end=\"757\" \/>Und er ist nicht der Einzige, der betroffen ist.<\/p>\n<p data-start=\"807\" data-end=\"1045\">Verzweifelt sucht Billy nach der Familie der Zigeuner, um das Unheil r\u00fcckg\u00e4ngig zu machen \u2013 doch der Weg dorthin f\u00fchrt ihn in eine Welt voller Groll, Magie und erbarmungsloser Vergeltung.<br data-start=\"994\" data-end=\"997\" \/>Am Ende bleibt nur eine Wahl\u2026 und keine ist gut.<\/p>\n<p data-start=\"1047\" data-end=\"1124\">Ein d\u00fcsterer, bitterer und gnadenlos spannender Horrorstoff von Stephen King.<\/p>\n<hr data-start=\"1126\" data-end=\"1129\" \/>\n<p data-start=\"1131\" data-end=\"1160\">\ud83d\udd0a <strong data-start=\"1134\" data-end=\"1160\">Format: H\u00f6rspiel (MP3)<\/strong><\/p>\n<p data-start=\"1162\" data-end=\"1325\">\u2b07\ufe0f Sofortiger Download f\u00fcr <strong data-start=\"1189\" data-end=\"1198\">Handy<\/strong><br data-start=\"1198\" data-end=\"1201\" \/>\u2b07\ufe0f Sofortiger Download f\u00fcr <strong data-start=\"1228\" data-end=\"1234\">PC<\/strong><br data-start=\"1234\" data-end=\"1237\" \/>\u2b07\ufe0f Sofortiger Download f\u00fcrs <strong data-start=\"1265\" data-end=\"1275\">Tablet<\/strong><br data-start=\"1275\" data-end=\"1278\" \/>\u2b07\ufe0f Kompatibel mit <strong data-start=\"1296\" data-end=\"1325\">allen MP3-f\u00e4higen Ger\u00e4ten<\/strong><\/p>\n<p data-start=\"1327\" data-end=\"1363\" data-is-last-node=\"\" data-is-only-node=\"\"><strong data-start=\"1327\" data-end=\"1363\" data-is-last-node=\"\">Einmal gekauft \u2013 f\u00fcr immer dein!<\/strong><\/p>","protected":false},"excerpt":{"rendered":"<p>\ud83c\udfa7 H\u00f6rspiel (Horror) \u2013 Stephen King \u2013 Thinner: Der Fluch Ein t\u00f6dlicher Spruch.Ein Mann, der t\u00e4glich weniger wird.Und eine Rache, die niemand \u00fcberlebt. Der erfolgreiche Anwalt Billy Halleck glaubt, sein Leben unter Kontrolle zu haben \u2013 bis er eine alte Zigeunerin \u00fcberf\u00e4hrt. Mit seinem Einfluss wird der Vorfall vertuscht, doch die Familie des Opfers l\u00e4sst [&hellip;]<\/p>\n","protected":false},"featured_media":2172,"comment_status":"open","ping_status":"closed","template":"","meta":[],"product_brand":[],"product_cat":[48],"product_tag":[],"class_list":{"0":"post-2171","1":"product","2":"type-product","3":"status-publish","4":"has-post-thumbnail","6":"product_cat-grusel-geschichten","8":"first","9":"instock","10":"sale","11":"virtual","12":"purchasable","13":"product-type-simple"},"jetpack_sharing_enabled":true,"_links":{"self":[{"href":"https:\/\/audiobook-24.com\/en\/wp-json\/wp\/v2\/product\/2171","targetHints":{"allow":["GET"]}}],"collection":[{"href":"https:\/\/audiobook-24.com\/en\/wp-json\/wp\/v2\/product"}],"about":[{"href":"https:\/\/audiobook-24.com\/en\/wp-json\/wp\/v2\/types\/product"}],"replies":[{"embeddable":true,"href":"https:\/\/audiobook-24.com\/en\/wp-json\/wp\/v2\/comments?post=2171"}],"wp:featuredmedia":[{"embeddable":true,"href":"https:\/\/audiobook-24.com\/en\/wp-json\/wp\/v2\/media\/2172"}],"wp:attachment":[{"href":"https:\/\/audiobook-24.com\/en\/wp-json\/wp\/v2\/media?parent=2171"}],"wp:term":[{"taxonomy":"product_brand","embeddable":true,"href":"https:\/\/audiobook-24.com\/en\/wp-json\/wp\/v2\/product_brand?post=2171"},{"taxonomy":"product_cat","embeddable":true,"href":"https:\/\/audiobook-24.com\/en\/wp-json\/wp\/v2\/product_cat?post=2171"},{"taxonomy":"product_tag","embeddable":true,"href":"https:\/\/audiobook-24.com\/en\/wp-json\/wp\/v2\/product_tag?post=2171"}],"curies":[{"name":"wp","href":"https:\/\/api.w.org\/{rel}","templated":true}]}}