{"id":2168,"date":"2025-12-08T07:58:12","date_gmt":"2025-12-08T07:58:12","guid":{"rendered":"https:\/\/audiobook-24.com\/?post_type=product&#038;p=2168"},"modified":"2025-12-08T07:58:12","modified_gmt":"2025-12-08T07:58:12","slug":"%f0%9f%8e%a7-hoerspiel-horror-stephen-king-thinner-der-fluch","status":"publish","type":"product","link":"https:\/\/audiobook-24.com\/en\/product\/%f0%9f%8e%a7-hoerspiel-horror-stephen-king-thinner-der-fluch\/","title":{"rendered":"\ud83c\udfa7 H\u00f6rspiel (Horror) \u2013 Stephen King \u2013 Thinner: Der Fluch"},"content":{"rendered":"<p data-start=\"0\" data-end=\"60\">\ud83c\udfa7 <strong data-start=\"3\" data-end=\"60\">H\u00f6rspiel (Horror) \u2013 Stephen King \u2013 Thinner: Der Fluch<\/strong><\/p>\n<p data-start=\"62\" data-end=\"195\">Ein Fluch, der mit jedem Tag t\u00f6dlicher wird.<br data-start=\"106\" data-end=\"109\" \/>Ein Mann, der verzweifelt um sein Leben k\u00e4mpft.<br data-start=\"156\" data-end=\"159\" \/>Und eine Rache, die kein Ende kennt.<\/p>\n<p data-start=\"197\" data-end=\"463\">Der wohlhabende Anwalt <strong data-start=\"220\" data-end=\"237\">Billy Halleck<\/strong> f\u00fchrt ein bequemes Leben \u2013 bis zu dem Tag, an dem er eine Zigeunerin \u00fcberf\u00e4hrt. Durch den Einfluss seiner Beziehungen wird der Vorfall vertuscht.<br data-start=\"383\" data-end=\"386\" \/>Doch die Familie des Opfers fordert Gerechtigkeit.<br data-start=\"436\" data-end=\"439\" \/>Und sie nehmen sie sich.<\/p>\n<p data-start=\"465\" data-end=\"564\">Ein alter Rom st\u00fcrzt sich auf Billy, ber\u00fchrt seine Wange und spricht nur ein Wort:<br data-start=\"547\" data-end=\"550\" \/><strong data-start=\"550\" data-end=\"564\">\u201eThinner.\u201c<\/strong><\/p>\n<p data-start=\"566\" data-end=\"757\">Von diesem Moment an beginnt Billy unaufhaltsam abzunehmen.<br data-start=\"625\" data-end=\"628\" \/>Egal, was er isst.<br data-start=\"646\" data-end=\"649\" \/>Egal, was er trinkt.<br data-start=\"669\" data-end=\"672\" \/>Egal, wie sehr er k\u00e4mpft.<br data-start=\"697\" data-end=\"700\" \/>Sein K\u00f6rper wird immer d\u00fcnner.<br data-start=\"730\" data-end=\"733\" \/>Und der Tod kommt n\u00e4her.<\/p>\n<p data-start=\"759\" data-end=\"985\">Verzweifelt versucht Billy, den Fluch zu brechen \u2013 doch jede Spur f\u00fchrt tiefer in ein Netz aus Magie, Schuld und m\u00f6rderischer Vergeltung.<br data-start=\"896\" data-end=\"899\" \/>Und am Ende muss er eine Entscheidung treffen, die schlimmer ist als der Fluch selbst.<\/p>\n<p data-start=\"987\" data-end=\"1057\">D\u00fcster, gnadenlos und beklemmend \u2013 ein echter Stephen-King-Horrortrip.<\/p>\n<hr data-start=\"1059\" data-end=\"1062\" \/>\n<p data-start=\"1064\" data-end=\"1093\">\ud83d\udd0a <strong data-start=\"1067\" data-end=\"1093\">Format: H\u00f6rspiel (MP3)<\/strong><\/p>\n<p data-start=\"1095\" data-end=\"1258\">\u2b07\ufe0f Sofortiger Download f\u00fcr <strong data-start=\"1122\" data-end=\"1131\">Handy<\/strong><br data-start=\"1131\" data-end=\"1134\" \/>\u2b07\ufe0f Sofortiger Download f\u00fcr <strong data-start=\"1161\" data-end=\"1167\">PC<\/strong><br data-start=\"1167\" data-end=\"1170\" \/>\u2b07\ufe0f Sofortiger Download f\u00fcrs <strong data-start=\"1198\" data-end=\"1208\">Tablet<\/strong><br data-start=\"1208\" data-end=\"1211\" \/>\u2b07\ufe0f Kompatibel mit <strong data-start=\"1229\" data-end=\"1258\">allen MP3-f\u00e4higen Ger\u00e4ten<\/strong><\/p>\n<p data-start=\"1260\" data-end=\"1296\" data-is-last-node=\"\" data-is-only-node=\"\"><strong data-start=\"1260\" data-end=\"1296\" data-is-last-node=\"\">Einmal gekauft \u2013 f\u00fcr immer dein!<\/strong><\/p>","protected":false},"excerpt":{"rendered":"<p>\ud83c\udfa7 H\u00f6rspiel (Horror) \u2013 Stephen King \u2013 Thinner: Der Fluch Ein Fluch, der mit jedem Tag t\u00f6dlicher wird.Ein Mann, der verzweifelt um sein Leben k\u00e4mpft.Und eine Rache, die kein Ende kennt. Der wohlhabende Anwalt Billy Halleck f\u00fchrt ein bequemes Leben \u2013 bis zu dem Tag, an dem er eine Zigeunerin \u00fcberf\u00e4hrt. Durch den Einfluss seiner [&hellip;]<\/p>\n","protected":false},"featured_media":2169,"comment_status":"open","ping_status":"closed","template":"","meta":[],"product_brand":[],"product_cat":[48],"product_tag":[],"class_list":{"0":"post-2168","1":"product","2":"type-product","3":"status-publish","4":"has-post-thumbnail","6":"product_cat-grusel-geschichten","8":"first","9":"instock","10":"sale","11":"virtual","12":"purchasable","13":"product-type-simple"},"jetpack_sharing_enabled":true,"_links":{"self":[{"href":"https:\/\/audiobook-24.com\/en\/wp-json\/wp\/v2\/product\/2168","targetHints":{"allow":["GET"]}}],"collection":[{"href":"https:\/\/audiobook-24.com\/en\/wp-json\/wp\/v2\/product"}],"about":[{"href":"https:\/\/audiobook-24.com\/en\/wp-json\/wp\/v2\/types\/product"}],"replies":[{"embeddable":true,"href":"https:\/\/audiobook-24.com\/en\/wp-json\/wp\/v2\/comments?post=2168"}],"wp:featuredmedia":[{"embeddable":true,"href":"https:\/\/audiobook-24.com\/en\/wp-json\/wp\/v2\/media\/2169"}],"wp:attachment":[{"href":"https:\/\/audiobook-24.com\/en\/wp-json\/wp\/v2\/media?parent=2168"}],"wp:term":[{"taxonomy":"product_brand","embeddable":true,"href":"https:\/\/audiobook-24.com\/en\/wp-json\/wp\/v2\/product_brand?post=2168"},{"taxonomy":"product_cat","embeddable":true,"href":"https:\/\/audiobook-24.com\/en\/wp-json\/wp\/v2\/product_cat?post=2168"},{"taxonomy":"product_tag","embeddable":true,"href":"https:\/\/audiobook-24.com\/en\/wp-json\/wp\/v2\/product_tag?post=2168"}],"curies":[{"name":"wp","href":"https:\/\/api.w.org\/{rel}","templated":true}]}}