{"id":2166,"date":"2025-12-08T07:24:03","date_gmt":"2025-12-08T07:24:03","guid":{"rendered":"https:\/\/audiobook-24.com\/?post_type=product&#038;p=2166"},"modified":"2025-12-08T07:24:04","modified_gmt":"2025-12-08T07:24:04","slug":"%f0%9f%8e%a7-hoerspiel-horror-stephen-king-manchmal-kommen-sie-wieder","status":"publish","type":"product","link":"https:\/\/audiobook-24.com\/en\/product\/%f0%9f%8e%a7-hoerspiel-horror-stephen-king-manchmal-kommen-sie-wieder\/","title":{"rendered":"\ud83c\udfa7 H\u00f6rspiel (Horror) \u2013 Stephen King \u2013 Manchmal kommen sie wieder"},"content":{"rendered":"<h6 class=\"sr-only\"><span style=\"font-size: 16px;\">\ud83c\udfa7 <\/span><strong style=\"font-size: 16px;\" data-start=\"3\" data-end=\"68\">H\u00f6rspiel (Horror) \u2013 Stephen King \u2013 Manchmal kommen sie wieder<\/strong><\/h6>\n<div class=\"text-base my-auto mx-auto pb-10 [--thread-content-margin:--spacing(4)] @w-sm\/main:[--thread-content-margin:--spacing(6)] @w-lg\/main:[--thread-content-margin:--spacing(16)] px-(--thread-content-margin)\">\n<div class=\"[--thread-content-max-width:40rem] @w-lg\/main:[--thread-content-max-width:48rem] mx-auto max-w-(--thread-content-max-width) flex-1 group\/turn-messages focus-visible:outline-hidden relative flex w-full min-w-0 flex-col agent-turn\" tabindex=\"-1\">\n<div class=\"flex max-w-full flex-col grow\">\n<div class=\"min-h-8 text-message relative flex w-full flex-col items-end gap-2 text-start break-words whitespace-normal [.text-message+&amp;]:mt-1\" dir=\"auto\" data-message-author-role=\"assistant\" data-message-id=\"bcc2512b-b99e-44b6-8a8a-e41b3bbca3a7\" data-message-model-slug=\"gpt-5-1\">\n<div class=\"flex w-full flex-col gap-1 empty:hidden first:pt-[1px]\">\n<div class=\"markdown prose dark:prose-invert w-full break-words light markdown-new-styling\">\n<p data-start=\"70\" data-end=\"186\">Ein Trauma aus der Kindheit.<br data-start=\"98\" data-end=\"101\" \/>Ein Schuldgef\u00fchl, das nie verschwand.<br data-start=\"138\" data-end=\"141\" \/>Und eine R\u00fcckkehr, die unm\u00f6glich sein sollte.<\/p>\n<p data-start=\"188\" data-end=\"508\">Als Lehrer <strong data-start=\"199\" data-end=\"213\">Jim Norman<\/strong> an eine neue Schule versetzt wird, versucht er, endlich die Schatten seiner Vergangenheit hinter sich zu lassen. Doch die Vergangenheit l\u00e4sst ihn nicht los:<br data-start=\"370\" data-end=\"373\" \/>Vor vielen Jahren wurden sein Bruder und er Opfer einer brutalen Jugendgang.<br data-start=\"449\" data-end=\"452\" \/>Sein Bruder starb \u2013<br data-start=\"471\" data-end=\"474\" \/>Die T\u00e4ter ebenfalls.<br data-start=\"494\" data-end=\"497\" \/>Eigentlich.<\/p>\n<p data-start=\"510\" data-end=\"718\">Doch als in Jims Klasse pl\u00f6tzlich neue Sch\u00fcler auftauchen, erkennt er die Gesichter sofort.<br data-start=\"601\" data-end=\"604\" \/>Die gleichen Augen.<br data-start=\"623\" data-end=\"626\" \/>Das gleiche grausame Grinsen.<br data-start=\"655\" data-end=\"658\" \/>Die gleichen M\u00f6rder.<br data-start=\"678\" data-end=\"681\" \/>Nur sollten sie schon lange tot sein.<\/p>\n<p data-start=\"720\" data-end=\"869\">Was folgt, ist ein Albtraum aus Angst, Rache und \u00fcbernat\u00fcrlichem Grauen. Denn manche Geschichten enden nicht mit dem Tod.<br data-start=\"841\" data-end=\"844\" \/><strong data-start=\"844\" data-end=\"869\">Manche kommen zur\u00fcck.<\/strong><\/p>\n<p data-start=\"871\" data-end=\"956\">Ein klassischer King-Schocker voller Spannung, G\u00e4nsehaut und unheilvoller Atmosph\u00e4re.<\/p>\n<hr data-start=\"958\" data-end=\"961\" \/>\n<p data-start=\"963\" data-end=\"992\">\ud83d\udd0a <strong data-start=\"966\" data-end=\"992\">Format: H\u00f6rspiel (MP3)<\/strong><\/p>\n<p data-start=\"994\" data-end=\"1157\">\u2b07\ufe0f Sofortiger Download f\u00fcr <strong data-start=\"1021\" data-end=\"1030\">Handy<\/strong><br data-start=\"1030\" data-end=\"1033\" \/>\u2b07\ufe0f Sofortiger Download f\u00fcr <strong data-start=\"1060\" data-end=\"1066\">PC<\/strong><br data-start=\"1066\" data-end=\"1069\" \/>\u2b07\ufe0f Sofortiger Download f\u00fcrs <strong data-start=\"1097\" data-end=\"1107\">Tablet<\/strong><br data-start=\"1107\" data-end=\"1110\" \/>\u2b07\ufe0f Kompatibel mit <strong data-start=\"1128\" data-end=\"1157\">allen MP3-f\u00e4higen Ger\u00e4ten<\/strong><\/p>\n<p data-start=\"1159\" data-end=\"1195\" data-is-last-node=\"\" data-is-only-node=\"\"><strong data-start=\"1159\" data-end=\"1195\" data-is-last-node=\"\">Einmal gekauft \u2013 f\u00fcr immer dein!<\/strong><\/p>\n<\/div>\n<\/div>\n<\/div>\n<\/div>\n<\/div>\n<\/div>\n","protected":false},"excerpt":{"rendered":"<p>\ud83c\udfa7 H\u00f6rspiel (Horror) \u2013 Stephen King \u2013 Manchmal kommen sie wieder Ein Trauma aus der Kindheit.Ein Schuldgef\u00fchl, das nie verschwand.Und eine R\u00fcckkehr, die unm\u00f6glich sein sollte. Als Lehrer Jim Norman an eine neue Schule versetzt wird, versucht er, endlich die Schatten seiner Vergangenheit hinter sich zu lassen. Doch die Vergangenheit l\u00e4sst ihn nicht los:Vor vielen [&hellip;]<\/p>\n","protected":false},"featured_media":2167,"comment_status":"open","ping_status":"closed","template":"","meta":[],"product_brand":[],"product_cat":[48],"product_tag":[],"class_list":{"0":"post-2166","1":"product","2":"type-product","3":"status-publish","4":"has-post-thumbnail","6":"product_cat-grusel-geschichten","8":"first","9":"instock","10":"sale","11":"virtual","12":"purchasable","13":"product-type-simple"},"jetpack_sharing_enabled":true,"_links":{"self":[{"href":"https:\/\/audiobook-24.com\/en\/wp-json\/wp\/v2\/product\/2166","targetHints":{"allow":["GET"]}}],"collection":[{"href":"https:\/\/audiobook-24.com\/en\/wp-json\/wp\/v2\/product"}],"about":[{"href":"https:\/\/audiobook-24.com\/en\/wp-json\/wp\/v2\/types\/product"}],"replies":[{"embeddable":true,"href":"https:\/\/audiobook-24.com\/en\/wp-json\/wp\/v2\/comments?post=2166"}],"wp:featuredmedia":[{"embeddable":true,"href":"https:\/\/audiobook-24.com\/en\/wp-json\/wp\/v2\/media\/2167"}],"wp:attachment":[{"href":"https:\/\/audiobook-24.com\/en\/wp-json\/wp\/v2\/media?parent=2166"}],"wp:term":[{"taxonomy":"product_brand","embeddable":true,"href":"https:\/\/audiobook-24.com\/en\/wp-json\/wp\/v2\/product_brand?post=2166"},{"taxonomy":"product_cat","embeddable":true,"href":"https:\/\/audiobook-24.com\/en\/wp-json\/wp\/v2\/product_cat?post=2166"},{"taxonomy":"product_tag","embeddable":true,"href":"https:\/\/audiobook-24.com\/en\/wp-json\/wp\/v2\/product_tag?post=2166"}],"curies":[{"name":"wp","href":"https:\/\/api.w.org\/{rel}","templated":true}]}}