{"id":2162,"date":"2025-12-07T15:39:09","date_gmt":"2025-12-07T15:39:09","guid":{"rendered":"https:\/\/audiobook-24.com\/?post_type=product&#038;p=2162"},"modified":"2025-12-07T15:39:09","modified_gmt":"2025-12-07T15:39:09","slug":"%f0%9f%8e%a7-hoerspiel-horror-stephen-king-das-maedchen","status":"publish","type":"product","link":"https:\/\/audiobook-24.com\/en\/product\/%f0%9f%8e%a7-hoerspiel-horror-stephen-king-das-maedchen\/","title":{"rendered":"\ud83c\udfa7 H\u00f6rspiel (Horror) \u2013 Stephen King \u2013 Das M\u00e4dchen"},"content":{"rendered":"<p data-start=\"0\" data-end=\"53\">\ud83c\udfa7 <strong data-start=\"3\" data-end=\"53\">H\u00f6rspiel (Horror) \u2013 Stephen King \u2013 Das M\u00e4dchen<\/strong><\/p>\n<p data-start=\"55\" data-end=\"150\">Ein Wald ohne Ende.<br data-start=\"74\" data-end=\"77\" \/>Eine Angst, die w\u00e4chst.<br data-start=\"100\" data-end=\"103\" \/>Und ein Kampf ums \u00dcberleben, der alles fordert.<\/p>\n<p data-start=\"152\" data-end=\"425\">Die 12-j\u00e4hrige <strong data-start=\"167\" data-end=\"187\">Trisha McFarland<\/strong> verirrt sich w\u00e4hrend einer scheinbar harmlosen Wanderung im tiefen Wald. Was als kurzer Ausflug beginnt, wird zum Albtraum:<br data-start=\"311\" data-end=\"314\" \/>Sie findet keinen Weg zur\u00fcck.<br data-start=\"343\" data-end=\"346\" \/>Die Dunkelheit kommt schneller.<br data-start=\"377\" data-end=\"380\" \/>Und etwas beobachtet sie zwischen den B\u00e4umen.<\/p>\n<p data-start=\"427\" data-end=\"759\">W\u00e4hrend Hunger, K\u00e4lte und Ersch\u00f6pfung sie an ihre Grenzen bringen, klammert Trisha sich an ihr gr\u00f6\u00dftes Vorbild \u2013 Baseballstar Tom Gordon \u2013 und k\u00e4mpft Schritt f\u00fcr Schritt ums \u00dcberleben. Doch je l\u00e4nger sie durch den Wald irrt, desto deutlicher sp\u00fcrt sie:<br data-start=\"679\" data-end=\"682\" \/>Sie ist nicht allein.<br data-start=\"703\" data-end=\"706\" \/>Etwas folgt ihr.<br data-start=\"722\" data-end=\"725\" \/>Etwas, das niemals menschlich war.<\/p>\n<p data-start=\"761\" data-end=\"891\">Ein intensiver, beklemmender und emotionaler Horrorstoff aus der Feder von Stephen King \u2013 d\u00fcster, atmosph\u00e4risch und unvergesslich.<\/p>\n<hr data-start=\"893\" data-end=\"896\" \/>\n<p data-start=\"898\" data-end=\"927\">\ud83d\udd0a <strong data-start=\"901\" data-end=\"927\">Format: H\u00f6rspiel (MP3)<\/strong><\/p>\n<p data-start=\"929\" data-end=\"1092\">\u2b07\ufe0f Sofortiger Download f\u00fcr <strong data-start=\"956\" data-end=\"965\">Handy<\/strong><br data-start=\"965\" data-end=\"968\" \/>\u2b07\ufe0f Sofortiger Download f\u00fcr <strong data-start=\"995\" data-end=\"1001\">PC<\/strong><br data-start=\"1001\" data-end=\"1004\" \/>\u2b07\ufe0f Sofortiger Download f\u00fcrs <strong data-start=\"1032\" data-end=\"1042\">Tablet<\/strong><br data-start=\"1042\" data-end=\"1045\" \/>\u2b07\ufe0f Kompatibel mit <strong data-start=\"1063\" data-end=\"1092\">allen MP3-f\u00e4higen Ger\u00e4ten<\/strong><\/p>\n<p data-start=\"1094\" data-end=\"1130\" data-is-last-node=\"\" data-is-only-node=\"\"><strong data-start=\"1094\" data-end=\"1130\" data-is-last-node=\"\">Einmal gekauft \u2013 f\u00fcr immer dein!<\/strong><\/p>","protected":false},"excerpt":{"rendered":"<p>\ud83c\udfa7 H\u00f6rspiel (Horror) \u2013 Stephen King \u2013 Das M\u00e4dchen Ein Wald ohne Ende.Eine Angst, die w\u00e4chst.Und ein Kampf ums \u00dcberleben, der alles fordert. Die 12-j\u00e4hrige Trisha McFarland verirrt sich w\u00e4hrend einer scheinbar harmlosen Wanderung im tiefen Wald. Was als kurzer Ausflug beginnt, wird zum Albtraum:Sie findet keinen Weg zur\u00fcck.Die Dunkelheit kommt schneller.Und etwas beobachtet sie [&hellip;]<\/p>\n","protected":false},"featured_media":2163,"comment_status":"open","ping_status":"closed","template":"","meta":[],"product_brand":[],"product_cat":[48],"product_tag":[],"class_list":{"0":"post-2162","1":"product","2":"type-product","3":"status-publish","4":"has-post-thumbnail","6":"product_cat-grusel-geschichten","8":"first","9":"instock","10":"sale","11":"virtual","12":"purchasable","13":"product-type-simple"},"jetpack_sharing_enabled":true,"_links":{"self":[{"href":"https:\/\/audiobook-24.com\/en\/wp-json\/wp\/v2\/product\/2162","targetHints":{"allow":["GET"]}}],"collection":[{"href":"https:\/\/audiobook-24.com\/en\/wp-json\/wp\/v2\/product"}],"about":[{"href":"https:\/\/audiobook-24.com\/en\/wp-json\/wp\/v2\/types\/product"}],"replies":[{"embeddable":true,"href":"https:\/\/audiobook-24.com\/en\/wp-json\/wp\/v2\/comments?post=2162"}],"wp:featuredmedia":[{"embeddable":true,"href":"https:\/\/audiobook-24.com\/en\/wp-json\/wp\/v2\/media\/2163"}],"wp:attachment":[{"href":"https:\/\/audiobook-24.com\/en\/wp-json\/wp\/v2\/media?parent=2162"}],"wp:term":[{"taxonomy":"product_brand","embeddable":true,"href":"https:\/\/audiobook-24.com\/en\/wp-json\/wp\/v2\/product_brand?post=2162"},{"taxonomy":"product_cat","embeddable":true,"href":"https:\/\/audiobook-24.com\/en\/wp-json\/wp\/v2\/product_cat?post=2162"},{"taxonomy":"product_tag","embeddable":true,"href":"https:\/\/audiobook-24.com\/en\/wp-json\/wp\/v2\/product_tag?post=2162"}],"curies":[{"name":"wp","href":"https:\/\/api.w.org\/{rel}","templated":true}]}}