{"id":2156,"date":"2025-12-07T06:12:14","date_gmt":"2025-12-07T06:12:14","guid":{"rendered":"https:\/\/audiobook-24.com\/?post_type=product&#038;p=2156"},"modified":"2025-12-07T06:12:14","modified_gmt":"2025-12-07T06:12:14","slug":"%f0%9f%8e%a7-hoerbuch-krimi-florian-schwiecker-michael-tsokos-eberhardt-jarmer-ermitteln-der-13-mann-2","status":"publish","type":"product","link":"https:\/\/audiobook-24.com\/en\/product\/%f0%9f%8e%a7-hoerbuch-krimi-florian-schwiecker-michael-tsokos-eberhardt-jarmer-ermitteln-der-13-mann-2\/","title":{"rendered":"\ud83c\udfa7 H\u00f6rbuch (Krimi) \u2013 Florian Schwiecker &#038; Michael Tsokos \u2013 Eberhardt &#038; Jarmer ermitteln: Der 13. Mann"},"content":{"rendered":"<p data-start=\"0\" data-end=\"98\">\ud83c\udfa7 <strong data-start=\"3\" data-end=\"98\">H\u00f6rbuch(Krimi) \u2013 Florian Schwiecker &amp; Michael Tsokos \u2013 Eberhardt &amp; Jarmer: Der 1. Patient<\/strong><\/p>\n<p data-start=\"100\" data-end=\"209\">Ein t\u00f6dlicher Fehler.<br data-start=\"121\" data-end=\"124\" \/>Ein Opfer, das keiner h\u00e4tte sein d\u00fcrfen.<br data-start=\"164\" data-end=\"167\" \/>Und ein T\u00e4ter, der genau wei\u00df, was er tut.<\/p>\n<p data-start=\"211\" data-end=\"571\">Strafverteidiger <strong data-start=\"228\" data-end=\"247\">Rocco Eberhardt<\/strong> wird mit einem Fall konfrontiert, der ihn bis an seine moralischen Grenzen bringt: Ein Patient stirbt unter mysteri\u00f6sen Umst\u00e4nden \u2013 und alles deutet darauf hin, dass der behandelnde Arzt fahrl\u00e4ssig gehandelt hat.<br data-start=\"460\" data-end=\"463\" \/>Doch schon bald wird klar:<br data-start=\"489\" data-end=\"492\" \/>Hier ist nichts zuf\u00e4llig.<br data-start=\"517\" data-end=\"520\" \/>Nichts ein Unfall.<br data-start=\"538\" data-end=\"541\" \/>Und nichts so, wie es scheint.<\/p>\n<p data-start=\"573\" data-end=\"913\">Gemeinsam mit Rechtsmediziner <strong data-start=\"603\" data-end=\"624\">Dr. Justus Jarmer<\/strong> deckt Eberhardt ein System aus Manipulation, Vertuschung und skrupellosen Entscheidungen auf, bei denen menschliches Leben nur eine Variable ist.<br data-start=\"770\" data-end=\"773\" \/>Je tiefer sie graben, desto gef\u00e4hrlicher wird es \u2013 denn jemand hat ein t\u00f6dliches Interesse daran, dass die Wahrheit niemals ans Licht kommt.<\/p>\n<p data-start=\"915\" data-end=\"1008\">Ein packender Justiz- und Forensik-Thriller \u2013 intensiv, d\u00fcster und voller perfider Wendungen.<\/p>\n<hr data-start=\"1010\" data-end=\"1013\" \/>\n<p data-start=\"1015\" data-end=\"1044\">\ud83d\udd0a <strong data-start=\"1018\" data-end=\"1044\">Format: H\u00f6rbuch (MP3)<\/strong><\/p>\n<p data-start=\"1046\" data-end=\"1209\">\u2b07\ufe0f Sofortiger Download f\u00fcr <strong data-start=\"1073\" data-end=\"1082\">Handy<\/strong><br data-start=\"1082\" data-end=\"1085\" \/>\u2b07\ufe0f Sofortiger Download f\u00fcr <strong data-start=\"1112\" data-end=\"1118\">PC<\/strong><br data-start=\"1118\" data-end=\"1121\" \/>\u2b07\ufe0f Sofortiger Download f\u00fcrs <strong data-start=\"1149\" data-end=\"1159\">Tablet<\/strong><br data-start=\"1159\" data-end=\"1162\" \/>\u2b07\ufe0f Kompatibel mit <strong data-start=\"1180\" data-end=\"1209\">allen MP3-f\u00e4higen Ger\u00e4ten<\/strong><\/p>\n<p data-start=\"1211\" data-end=\"1247\" data-is-last-node=\"\" data-is-only-node=\"\"><strong data-start=\"1211\" data-end=\"1247\" data-is-last-node=\"\">Einmal gekauft \u2013 f\u00fcr immer dein!<\/strong><\/p>","protected":false},"excerpt":{"rendered":"<p>\ud83c\udfa7 H\u00f6rbuch(Krimi) \u2013 Florian Schwiecker &amp; Michael Tsokos \u2013 Eberhardt &amp; Jarmer: Der 1. Patient Ein t\u00f6dlicher Fehler.Ein Opfer, das keiner h\u00e4tte sein d\u00fcrfen.Und ein T\u00e4ter, der genau wei\u00df, was er tut. Strafverteidiger Rocco Eberhardt wird mit einem Fall konfrontiert, der ihn bis an seine moralischen Grenzen bringt: Ein Patient stirbt unter mysteri\u00f6sen Umst\u00e4nden \u2013 [&hellip;]<\/p>\n","protected":false},"featured_media":2157,"comment_status":"open","ping_status":"closed","template":"","meta":[],"product_brand":[],"product_cat":[19],"product_tag":[],"class_list":{"0":"post-2156","1":"product","2":"type-product","3":"status-publish","4":"has-post-thumbnail","6":"product_cat-hoerbuecher","8":"first","9":"instock","10":"sale","11":"virtual","12":"purchasable","13":"product-type-simple"},"jetpack_sharing_enabled":true,"_links":{"self":[{"href":"https:\/\/audiobook-24.com\/en\/wp-json\/wp\/v2\/product\/2156","targetHints":{"allow":["GET"]}}],"collection":[{"href":"https:\/\/audiobook-24.com\/en\/wp-json\/wp\/v2\/product"}],"about":[{"href":"https:\/\/audiobook-24.com\/en\/wp-json\/wp\/v2\/types\/product"}],"replies":[{"embeddable":true,"href":"https:\/\/audiobook-24.com\/en\/wp-json\/wp\/v2\/comments?post=2156"}],"wp:featuredmedia":[{"embeddable":true,"href":"https:\/\/audiobook-24.com\/en\/wp-json\/wp\/v2\/media\/2157"}],"wp:attachment":[{"href":"https:\/\/audiobook-24.com\/en\/wp-json\/wp\/v2\/media?parent=2156"}],"wp:term":[{"taxonomy":"product_brand","embeddable":true,"href":"https:\/\/audiobook-24.com\/en\/wp-json\/wp\/v2\/product_brand?post=2156"},{"taxonomy":"product_cat","embeddable":true,"href":"https:\/\/audiobook-24.com\/en\/wp-json\/wp\/v2\/product_cat?post=2156"},{"taxonomy":"product_tag","embeddable":true,"href":"https:\/\/audiobook-24.com\/en\/wp-json\/wp\/v2\/product_tag?post=2156"}],"curies":[{"name":"wp","href":"https:\/\/api.w.org\/{rel}","templated":true}]}}