{"id":2147,"date":"2025-12-07T05:59:14","date_gmt":"2025-12-07T05:59:14","guid":{"rendered":"https:\/\/audiobook-24.com\/?post_type=product&#038;p=2147"},"modified":"2025-12-07T05:59:14","modified_gmt":"2025-12-07T05:59:14","slug":"%f0%9f%8e%a7-hoerbuch-krimi-florian-schwiecker-michael-tsokos-eberhardt-jarmer-die-siebte-zeugin","status":"publish","type":"product","link":"https:\/\/audiobook-24.com\/en\/product\/%f0%9f%8e%a7-hoerbuch-krimi-florian-schwiecker-michael-tsokos-eberhardt-jarmer-die-siebte-zeugin\/","title":{"rendered":"\ud83c\udfa7 H\u00f6rbuch (Krimi) \u2013 Florian Schwiecker &#038; Michael Tsokos \u2013 Eberhardt &#038; Jarmer: Die siebte Zeugin"},"content":{"rendered":"<p data-start=\"0\" data-end=\"100\">\ud83c\udfa7 <strong data-start=\"3\" data-end=\"100\">H\u00f6rbuch (Krimi) \u2013 Florian Schwiecker &amp; Michael Tsokos \u2013 Eberhardt &amp; Jarmer: Die siebte Zeugin<\/strong><\/p>\n<p data-start=\"102\" data-end=\"179\">Ein brutaler \u00dcberfall. Ein schweigender T\u00e4ter. Ein Fall, der alles ver\u00e4ndert.<\/p>\n<p data-start=\"181\" data-end=\"394\">Als ein Familienvater in seinem eigenen Haus fast zu Tode gepr\u00fcgelt und seine Frau schwer verletzt wird, scheint der Fall eindeutig. Doch der Tatverd\u00e4chtige sagt kein Wort \u2013 nicht zur Tat, nicht zu seinem Motiv.<\/p>\n<p data-start=\"396\" data-end=\"676\">Verteidiger <em data-start=\"408\" data-end=\"425\">Rocco Eberhardt<\/em> und Rechtsmediziner <em data-start=\"446\" data-end=\"465\">Dr. Justus Jarmer<\/em> sto\u00dfen schnell auf Ungereimtheiten. Was als scheinbar simples Gewaltverbrechen beginnt, entpuppt sich als perfides Geflecht aus L\u00fcgen, Geheimnissen und einer Wahrheit, die jemand um jeden Preis begraben will.<\/p>\n<p data-start=\"678\" data-end=\"778\">Ein hochspannender Justiz- und Forensik-Thriller, der mit jeder Minute st\u00e4rker in den Abgrund zieht.<\/p>\n<hr data-start=\"780\" data-end=\"783\" \/>\n<p data-start=\"785\" data-end=\"813\">\ud83d\udd0a <strong data-start=\"788\" data-end=\"813\">Format: H\u00f6rbuch (MP3)<\/strong><\/p>\n<p data-start=\"815\" data-end=\"978\">\u2b07\ufe0f Sofortiger Download f\u00fcr <strong data-start=\"842\" data-end=\"851\">Handy<\/strong><br data-start=\"851\" data-end=\"854\" \/>\u2b07\ufe0f Sofortiger Download f\u00fcr <strong data-start=\"881\" data-end=\"887\">PC<\/strong><br data-start=\"887\" data-end=\"890\" \/>\u2b07\ufe0f Sofortiger Download f\u00fcrs <strong data-start=\"918\" data-end=\"928\">Tablet<\/strong><br data-start=\"928\" data-end=\"931\" \/>\u2b07\ufe0f Kompatibel mit <strong data-start=\"949\" data-end=\"978\">allen MP3-f\u00e4higen Ger\u00e4ten<\/strong><\/p>\n<p data-start=\"980\" data-end=\"1016\" data-is-last-node=\"\" data-is-only-node=\"\"><strong data-start=\"980\" data-end=\"1016\" data-is-last-node=\"\">Einmal gekauft \u2013 f\u00fcr immer dein!<\/strong><\/p>","protected":false},"excerpt":{"rendered":"<p>\ud83c\udfa7 H\u00f6rbuch (Krimi) \u2013 Florian Schwiecker &amp; Michael Tsokos \u2013 Eberhardt &amp; Jarmer: Die siebte Zeugin Ein brutaler \u00dcberfall. Ein schweigender T\u00e4ter. Ein Fall, der alles ver\u00e4ndert. Als ein Familienvater in seinem eigenen Haus fast zu Tode gepr\u00fcgelt und seine Frau schwer verletzt wird, scheint der Fall eindeutig. Doch der Tatverd\u00e4chtige sagt kein Wort \u2013 [&hellip;]<\/p>\n","protected":false},"featured_media":2148,"comment_status":"open","ping_status":"closed","template":"","meta":[],"product_brand":[],"product_cat":[19],"product_tag":[],"class_list":{"0":"post-2147","1":"product","2":"type-product","3":"status-publish","4":"has-post-thumbnail","6":"product_cat-hoerbuecher","8":"first","9":"instock","10":"sale","11":"virtual","12":"purchasable","13":"product-type-simple"},"jetpack_sharing_enabled":true,"_links":{"self":[{"href":"https:\/\/audiobook-24.com\/en\/wp-json\/wp\/v2\/product\/2147","targetHints":{"allow":["GET"]}}],"collection":[{"href":"https:\/\/audiobook-24.com\/en\/wp-json\/wp\/v2\/product"}],"about":[{"href":"https:\/\/audiobook-24.com\/en\/wp-json\/wp\/v2\/types\/product"}],"replies":[{"embeddable":true,"href":"https:\/\/audiobook-24.com\/en\/wp-json\/wp\/v2\/comments?post=2147"}],"wp:featuredmedia":[{"embeddable":true,"href":"https:\/\/audiobook-24.com\/en\/wp-json\/wp\/v2\/media\/2148"}],"wp:attachment":[{"href":"https:\/\/audiobook-24.com\/en\/wp-json\/wp\/v2\/media?parent=2147"}],"wp:term":[{"taxonomy":"product_brand","embeddable":true,"href":"https:\/\/audiobook-24.com\/en\/wp-json\/wp\/v2\/product_brand?post=2147"},{"taxonomy":"product_cat","embeddable":true,"href":"https:\/\/audiobook-24.com\/en\/wp-json\/wp\/v2\/product_cat?post=2147"},{"taxonomy":"product_tag","embeddable":true,"href":"https:\/\/audiobook-24.com\/en\/wp-json\/wp\/v2\/product_tag?post=2147"}],"curies":[{"name":"wp","href":"https:\/\/api.w.org\/{rel}","templated":true}]}}