{"id":2140,"date":"2025-12-07T00:37:01","date_gmt":"2025-12-07T00:37:01","guid":{"rendered":"https:\/\/audiobook-24.com\/?post_type=product&#038;p=2140"},"modified":"2025-12-07T00:37:01","modified_gmt":"2025-12-07T00:37:01","slug":"%f0%9f%8e%a7-hoerspiel-krimi-thomas-herzberg-hannah-lambert-ermittelt-7-turbulentes-sylt","status":"publish","type":"product","link":"https:\/\/audiobook-24.com\/en\/product\/%f0%9f%8e%a7-hoerspiel-krimi-thomas-herzberg-hannah-lambert-ermittelt-7-turbulentes-sylt\/","title":{"rendered":"\ud83c\udfa7 H\u00f6rspiel Krimi \u2013 Thomas Herzberg \u2013 Hannah Lambert ermittelt 7: Turbulentes Sylt"},"content":{"rendered":"<p data-start=\"0\" data-end=\"182\">\ud83c\udfa7 <strong data-start=\"3\" data-end=\"86\">H\u00f6rspiel Krimi \u2013 Thomas Herzberg \u2013 Hannah Lambert ermittelt 7: Turbulentes Sylt<\/strong><br data-start=\"86\" data-end=\"89\" \/>Ein Sturm \u00fcber der Insel. Ein Fall voller \u00dcberraschungen. Und Hannah Lambert mitten im Chaos.<\/p>\n<p data-start=\"184\" data-end=\"485\">Sylt soll f\u00fcr Hannah eigentlich eine kurze Atempause werden \u2013 doch die Insel hat andere Pl\u00e4ne.<br data-start=\"278\" data-end=\"281\" \/>Ein mysteri\u00f6ser Todesfall wirbelt alles durcheinander:<br data-start=\"335\" data-end=\"338\" \/>Ein Opfer ohne klare Todesursache.<br data-start=\"372\" data-end=\"375\" \/>Zeugen, die sich in Widerspr\u00fcche verstricken.<br data-start=\"420\" data-end=\"423\" \/>Und Ereignisse, die schneller eskalieren als die Nordseewinde.<\/p>\n<p data-start=\"487\" data-end=\"711\">W\u00e4hrend Hannah tiefer in den Fall eintaucht, wird deutlich:<br data-start=\"546\" data-end=\"549\" \/>\ud83c\udf2a\ufe0f Hinter idyllischen D\u00fcnen brodeln Konflikte<br data-start=\"595\" data-end=\"598\" \/>\ud83c\udf2a\ufe0f Alte Bekanntschaften bringen neue Probleme<br data-start=\"644\" data-end=\"647\" \/>\ud83c\udf2a\ufe0f Und die Wahrheit liegt gef\u00e4hrlich nah \u2013 aber gut versteckt<\/p>\n<p data-start=\"713\" data-end=\"905\"><strong data-start=\"713\" data-end=\"735\">\u201eTurbulentes Sylt\u201c<\/strong> liefert humorvolle Dialoge, lebendige Figuren und einen Krimi voller Tempo, Atmosph\u00e4re und cleverer Wendungen. Ein Muss f\u00fcr alle Fans der beliebten Hannah-Lambert-Reihe.<\/p>\n<p data-start=\"907\" data-end=\"938\">\ud83d\udd0a <strong data-start=\"910\" data-end=\"936\">Format: H\u00f6rspiel (MP3)<\/strong><\/p>\n<p data-start=\"940\" data-end=\"1089\">\u2b07\ufe0f Sofortiger Download f\u00fcr Handy<br data-start=\"972\" data-end=\"975\" \/>\u2b07\ufe0f Sofortiger Download f\u00fcr PC<br data-start=\"1004\" data-end=\"1007\" \/>\u2b07\ufe0f Sofortiger Download f\u00fcrs Tablet<br data-start=\"1041\" data-end=\"1044\" \/>\u2b07\ufe0f Kompatibel mit allen MP3-f\u00e4higen Ger\u00e4ten<\/p>\n<p data-start=\"1091\" data-end=\"1127\" data-is-last-node=\"\" data-is-only-node=\"\"><strong data-start=\"1091\" data-end=\"1127\" data-is-last-node=\"\">Einmal gekauft \u2013 f\u00fcr immer dein!<\/strong><\/p>","protected":false},"excerpt":{"rendered":"<p>\ud83c\udfa7 H\u00f6rspiel Krimi \u2013 Thomas Herzberg \u2013 Hannah Lambert ermittelt 7: Turbulentes SyltEin Sturm \u00fcber der Insel. Ein Fall voller \u00dcberraschungen. Und Hannah Lambert mitten im Chaos. Sylt soll f\u00fcr Hannah eigentlich eine kurze Atempause werden \u2013 doch die Insel hat andere Pl\u00e4ne.Ein mysteri\u00f6ser Todesfall wirbelt alles durcheinander:Ein Opfer ohne klare Todesursache.Zeugen, die sich in [&hellip;]<\/p>\n","protected":false},"featured_media":2141,"comment_status":"open","ping_status":"closed","template":"","meta":[],"product_brand":[],"product_cat":[19],"product_tag":[],"class_list":{"0":"post-2140","1":"product","2":"type-product","3":"status-publish","4":"has-post-thumbnail","6":"product_cat-hoerbuecher","8":"first","9":"instock","10":"sale","11":"virtual","12":"purchasable","13":"product-type-simple"},"jetpack_sharing_enabled":true,"_links":{"self":[{"href":"https:\/\/audiobook-24.com\/en\/wp-json\/wp\/v2\/product\/2140","targetHints":{"allow":["GET"]}}],"collection":[{"href":"https:\/\/audiobook-24.com\/en\/wp-json\/wp\/v2\/product"}],"about":[{"href":"https:\/\/audiobook-24.com\/en\/wp-json\/wp\/v2\/types\/product"}],"replies":[{"embeddable":true,"href":"https:\/\/audiobook-24.com\/en\/wp-json\/wp\/v2\/comments?post=2140"}],"wp:featuredmedia":[{"embeddable":true,"href":"https:\/\/audiobook-24.com\/en\/wp-json\/wp\/v2\/media\/2141"}],"wp:attachment":[{"href":"https:\/\/audiobook-24.com\/en\/wp-json\/wp\/v2\/media?parent=2140"}],"wp:term":[{"taxonomy":"product_brand","embeddable":true,"href":"https:\/\/audiobook-24.com\/en\/wp-json\/wp\/v2\/product_brand?post=2140"},{"taxonomy":"product_cat","embeddable":true,"href":"https:\/\/audiobook-24.com\/en\/wp-json\/wp\/v2\/product_cat?post=2140"},{"taxonomy":"product_tag","embeddable":true,"href":"https:\/\/audiobook-24.com\/en\/wp-json\/wp\/v2\/product_tag?post=2140"}],"curies":[{"name":"wp","href":"https:\/\/api.w.org\/{rel}","templated":true}]}}