{"id":2138,"date":"2025-12-07T00:34:09","date_gmt":"2025-12-07T00:34:09","guid":{"rendered":"https:\/\/audiobook-24.com\/?post_type=product&#038;p=2138"},"modified":"2025-12-07T00:34:10","modified_gmt":"2025-12-07T00:34:10","slug":"%f0%9f%8e%a7-hoerspiel-krimi-thomas-herzberg-nasses-grab-zwischen-mord-und-ostsee","status":"publish","type":"product","link":"https:\/\/audiobook-24.com\/en\/product\/%f0%9f%8e%a7-hoerspiel-krimi-thomas-herzberg-nasses-grab-zwischen-mord-und-ostsee\/","title":{"rendered":"\ud83c\udfa7 H\u00f6rspiel Krimi \u2013 Thomas Herzberg \u2013 Nasses Grab: Zwischen Mord und Ostsee"},"content":{"rendered":"<p data-start=\"0\" data-end=\"197\">\ud83c\udfa7 <strong data-start=\"3\" data-end=\"79\">H\u00f6rspiel Krimi \u2013 Thomas Herzberg \u2013 Nasses Grab: Zwischen Mord und Ostsee<\/strong><br data-start=\"79\" data-end=\"82\" \/>Ein dunkles Geheimnis in der Tiefe. Ein Mord ohne Antworten. Und Ermittler, die der Wahrheit gef\u00e4hrlich nahekommen.<\/p>\n<p data-start=\"199\" data-end=\"487\">An der Ostseek\u00fcste wird eine Leiche angesp\u00fclt \u2013 grausam zugerichtet, ohne klare Hinweise auf T\u00e4ter oder Motiv. Kommissarin Nina J\u00fcrgens und ihr Team stehen vor einem Fall, der die friedliche K\u00fcstenidylle ersch\u00fcttert.<br data-start=\"415\" data-end=\"418\" \/>Doch je weiter sie graben, desto tiefer ziehen sie alte Wunden auf:<\/p>\n<p data-start=\"489\" data-end=\"652\">\ud83c\udf0a Geheimnisse, die lange unter der Oberfl\u00e4che lagen<br data-start=\"541\" data-end=\"544\" \/>\ud83c\udf0a Menschen, die mehr wissen, als sie zugeben<br data-start=\"589\" data-end=\"592\" \/>\ud83c\udf0a Ein T\u00e4ter, der seine Spuren vom Meer verschlucken l\u00e4sst<\/p>\n<p data-start=\"654\" data-end=\"719\">Mit jeder neuen Spur wird der Fall d\u00fcsterer \u2013 und pers\u00f6nlicher.<\/p>\n<p data-start=\"721\" data-end=\"899\"><strong data-start=\"721\" data-end=\"738\">\u201eNasses Grab\u201c<\/strong> ist ein atmosph\u00e4rischer Krimi voller Ostsee-Flair, spannungsgeladener Ermittlungen und wendungsreicher Enth\u00fcllungen. Perfekt f\u00fcr Fans von K\u00fcstenkrimis mit Biss.<\/p>\n<p data-start=\"901\" data-end=\"932\">\ud83d\udd0a <strong data-start=\"904\" data-end=\"930\">Format: H\u00f6rspiel (MP3)<\/strong><\/p>\n<p data-start=\"934\" data-end=\"1083\">\u2b07\ufe0f Sofortiger Download f\u00fcr Handy<br data-start=\"966\" data-end=\"969\" \/>\u2b07\ufe0f Sofortiger Download f\u00fcr PC<br data-start=\"998\" data-end=\"1001\" \/>\u2b07\ufe0f Sofortiger Download f\u00fcrs Tablet<br data-start=\"1035\" data-end=\"1038\" \/>\u2b07\ufe0f Kompatibel mit allen MP3-f\u00e4higen Ger\u00e4ten<\/p>\n<p data-start=\"1085\" data-end=\"1121\" data-is-last-node=\"\" data-is-only-node=\"\"><strong data-start=\"1085\" data-end=\"1121\" data-is-last-node=\"\">Einmal gekauft \u2013 f\u00fcr immer dein!<\/strong><\/p>","protected":false},"excerpt":{"rendered":"<p>\ud83c\udfa7 H\u00f6rspiel Krimi \u2013 Thomas Herzberg \u2013 Nasses Grab: Zwischen Mord und OstseeEin dunkles Geheimnis in der Tiefe. Ein Mord ohne Antworten. Und Ermittler, die der Wahrheit gef\u00e4hrlich nahekommen. An der Ostseek\u00fcste wird eine Leiche angesp\u00fclt \u2013 grausam zugerichtet, ohne klare Hinweise auf T\u00e4ter oder Motiv. Kommissarin Nina J\u00fcrgens und ihr Team stehen vor einem [&hellip;]<\/p>\n","protected":false},"featured_media":2139,"comment_status":"open","ping_status":"closed","template":"","meta":[],"product_brand":[],"product_cat":[19],"product_tag":[],"class_list":{"0":"post-2138","1":"product","2":"type-product","3":"status-publish","4":"has-post-thumbnail","6":"product_cat-hoerbuecher","8":"first","9":"instock","10":"sale","11":"virtual","12":"purchasable","13":"product-type-simple"},"jetpack_sharing_enabled":true,"_links":{"self":[{"href":"https:\/\/audiobook-24.com\/en\/wp-json\/wp\/v2\/product\/2138","targetHints":{"allow":["GET"]}}],"collection":[{"href":"https:\/\/audiobook-24.com\/en\/wp-json\/wp\/v2\/product"}],"about":[{"href":"https:\/\/audiobook-24.com\/en\/wp-json\/wp\/v2\/types\/product"}],"replies":[{"embeddable":true,"href":"https:\/\/audiobook-24.com\/en\/wp-json\/wp\/v2\/comments?post=2138"}],"wp:featuredmedia":[{"embeddable":true,"href":"https:\/\/audiobook-24.com\/en\/wp-json\/wp\/v2\/media\/2139"}],"wp:attachment":[{"href":"https:\/\/audiobook-24.com\/en\/wp-json\/wp\/v2\/media?parent=2138"}],"wp:term":[{"taxonomy":"product_brand","embeddable":true,"href":"https:\/\/audiobook-24.com\/en\/wp-json\/wp\/v2\/product_brand?post=2138"},{"taxonomy":"product_cat","embeddable":true,"href":"https:\/\/audiobook-24.com\/en\/wp-json\/wp\/v2\/product_cat?post=2138"},{"taxonomy":"product_tag","embeddable":true,"href":"https:\/\/audiobook-24.com\/en\/wp-json\/wp\/v2\/product_tag?post=2138"}],"curies":[{"name":"wp","href":"https:\/\/api.w.org\/{rel}","templated":true}]}}