{"id":2126,"date":"2025-12-06T18:17:09","date_gmt":"2025-12-06T18:17:09","guid":{"rendered":"https:\/\/audiobook-24.com\/?post_type=product&#038;p=2126"},"modified":"2025-12-06T18:17:10","modified_gmt":"2025-12-06T18:17:10","slug":"chatgpt-%f0%9f%8e%a7-hoerspiel-horror-stephen-king-mind-control","status":"publish","type":"product","link":"https:\/\/audiobook-24.com\/en\/product\/chatgpt-%f0%9f%8e%a7-hoerspiel-horror-stephen-king-mind-control\/","title":{"rendered":"ChatGPT:  \ud83c\udfa7 H\u00f6rspiel Horror \u2013 Stephen King \u2013 Mind Control"},"content":{"rendered":"<p data-start=\"0\" data-end=\"158\">\ud83c\udfa7 <strong data-start=\"3\" data-end=\"52\">H\u00f6rspiel Horror \u2013 Stephen King \u2013 Mind Control<\/strong><br data-start=\"52\" data-end=\"55\" \/>Ein M\u00f6rder im Krankenhaus. Ein Opfer, das nicht aufwacht. Und ein Plan, der nie h\u00e4tte \u00fcberleben d\u00fcrfen.<\/p>\n<p data-start=\"160\" data-end=\"446\">Brady Hartsfield \u2013 einst \u201eMr. Mercedes\u201c \u2013 liegt seit Jahren im Krankenhaus. Angeblich wachkoma\u00e4hnlich, nicht ansprechbar, harmlos.<br data-start=\"290\" data-end=\"293\" \/>Doch das ist eine L\u00fcge.<br data-start=\"316\" data-end=\"319\" \/>In Wahrheit entwickelt Brady eine neue, finstere F\u00e4higkeit: Er kann in die Gedanken anderer eindringen \u2013 und sie kontrollieren.<\/p>\n<p data-start=\"448\" data-end=\"667\">Bald beginnen Menschen, scheinbar grundlos Selbstmord zu begehen. Detective Bill Hodges und Holly Gibney sp\u00fcren, dass Brady hinter allem steckt. Doch wie bek\u00e4mpft man einen T\u00e4ter, der keinen K\u00f6rper braucht, um zu t\u00f6ten?<\/p>\n<p data-start=\"669\" data-end=\"827\">Stephen King verbindet \u00fcbernat\u00fcrlichen Horror mit Thriller-Spannung und psychologischer Tiefe \u2013 ein unheilvolles, unberechenbares Kapitel der Hodges-Trilogie.<\/p>\n<p data-start=\"829\" data-end=\"858\">\ud83d\udd0a <strong data-start=\"832\" data-end=\"858\">Format: H\u00f6rspiel (MP3)<\/strong><\/p>\n<p data-start=\"860\" data-end=\"1009\">\u2b07\ufe0f Sofortiger Download f\u00fcr Handy<br data-start=\"892\" data-end=\"895\" \/>\u2b07\ufe0f Sofortiger Download f\u00fcr PC<br data-start=\"924\" data-end=\"927\" \/>\u2b07\ufe0f Sofortiger Download f\u00fcrs Tablet<br data-start=\"961\" data-end=\"964\" \/>\u2b07\ufe0f Kompatibel mit allen MP3-f\u00e4higen Ger\u00e4ten<\/p>\n<p data-start=\"1011\" data-end=\"1047\" data-is-last-node=\"\" data-is-only-node=\"\"><strong data-start=\"1011\" data-end=\"1047\" data-is-last-node=\"\">Einmal gekauft \u2013 f\u00fcr immer dein!<\/strong><\/p>","protected":false},"excerpt":{"rendered":"<p>\ud83c\udfa7 H\u00f6rspiel Horror \u2013 Stephen King \u2013 Mind ControlEin M\u00f6rder im Krankenhaus. Ein Opfer, das nicht aufwacht. Und ein Plan, der nie h\u00e4tte \u00fcberleben d\u00fcrfen. Brady Hartsfield \u2013 einst \u201eMr. Mercedes\u201c \u2013 liegt seit Jahren im Krankenhaus. Angeblich wachkoma\u00e4hnlich, nicht ansprechbar, harmlos.Doch das ist eine L\u00fcge.In Wahrheit entwickelt Brady eine neue, finstere F\u00e4higkeit: Er kann [&hellip;]<\/p>\n","protected":false},"featured_media":2127,"comment_status":"open","ping_status":"closed","template":"","meta":[],"product_brand":[],"product_cat":[48],"product_tag":[],"class_list":{"0":"post-2126","1":"product","2":"type-product","3":"status-publish","4":"has-post-thumbnail","6":"product_cat-grusel-geschichten","8":"first","9":"instock","10":"sale","11":"virtual","12":"purchasable","13":"product-type-simple"},"jetpack_sharing_enabled":true,"_links":{"self":[{"href":"https:\/\/audiobook-24.com\/en\/wp-json\/wp\/v2\/product\/2126","targetHints":{"allow":["GET"]}}],"collection":[{"href":"https:\/\/audiobook-24.com\/en\/wp-json\/wp\/v2\/product"}],"about":[{"href":"https:\/\/audiobook-24.com\/en\/wp-json\/wp\/v2\/types\/product"}],"replies":[{"embeddable":true,"href":"https:\/\/audiobook-24.com\/en\/wp-json\/wp\/v2\/comments?post=2126"}],"wp:featuredmedia":[{"embeddable":true,"href":"https:\/\/audiobook-24.com\/en\/wp-json\/wp\/v2\/media\/2127"}],"wp:attachment":[{"href":"https:\/\/audiobook-24.com\/en\/wp-json\/wp\/v2\/media?parent=2126"}],"wp:term":[{"taxonomy":"product_brand","embeddable":true,"href":"https:\/\/audiobook-24.com\/en\/wp-json\/wp\/v2\/product_brand?post=2126"},{"taxonomy":"product_cat","embeddable":true,"href":"https:\/\/audiobook-24.com\/en\/wp-json\/wp\/v2\/product_cat?post=2126"},{"taxonomy":"product_tag","embeddable":true,"href":"https:\/\/audiobook-24.com\/en\/wp-json\/wp\/v2\/product_tag?post=2126"}],"curies":[{"name":"wp","href":"https:\/\/api.w.org\/{rel}","templated":true}]}}