{"id":2124,"date":"2025-12-06T18:02:20","date_gmt":"2025-12-06T18:02:20","guid":{"rendered":"https:\/\/audiobook-24.com\/?post_type=product&#038;p=2124"},"modified":"2025-12-06T18:02:20","modified_gmt":"2025-12-06T18:02:20","slug":"%f0%9f%8e%a7-hoerspiel-horror-stephen-king-finderlohn","status":"publish","type":"product","link":"https:\/\/audiobook-24.com\/en\/product\/%f0%9f%8e%a7-hoerspiel-horror-stephen-king-finderlohn\/","title":{"rendered":"\ud83c\udfa7 H\u00f6rspiel Horror \u2013 Stephen King \u2013 Finderlohn"},"content":{"rendered":"<article class=\"text-token-text-primary w-full focus:outline-none [--shadow-height:45px] has-data-writing-block:pointer-events-none has-data-writing-block:-mt-(--shadow-height) has-data-writing-block:pt-(--shadow-height) [&amp;:has([data-writing-block])&gt;*]:pointer-events-auto scroll-mt-[calc(var(--header-height)+min(200px,max(70px,20svh)))]\" dir=\"auto\" tabindex=\"-1\" data-turn-id=\"request-6932d594-759c-832c-b69c-265c07dd2545-7\" data-testid=\"conversation-turn-72\" data-scroll-anchor=\"true\" data-turn=\"assistant\">\n<div class=\"text-base my-auto mx-auto pb-10 [--thread-content-margin:--spacing(4)] @w-sm\/main:[--thread-content-margin:--spacing(6)] @w-lg\/main:[--thread-content-margin:--spacing(16)] px-(--thread-content-margin)\">\n<div class=\"[--thread-content-max-width:40rem] @w-lg\/main:[--thread-content-max-width:48rem] mx-auto max-w-(--thread-content-max-width) flex-1 group\/turn-messages focus-visible:outline-hidden relative flex w-full min-w-0 flex-col agent-turn\" tabindex=\"-1\">\n<div class=\"flex max-w-full flex-col grow\">\n<div class=\"min-h-8 text-message relative flex w-full flex-col items-end gap-2 text-start break-words whitespace-normal [.text-message+&amp;]:mt-1\" dir=\"auto\" data-message-author-role=\"assistant\" data-message-id=\"a32e4083-aa70-4e98-9309-8b3eb6fae09b\" data-message-model-slug=\"gpt-5-1\">\n<div class=\"flex w-full flex-col gap-1 empty:hidden first:pt-[1px]\">\n<div class=\"markdown prose dark:prose-invert w-full break-words light markdown-new-styling\">\n<p data-start=\"0\" data-end=\"153\">\ud83c\udfa7 <strong data-start=\"3\" data-end=\"50\">H\u00f6rspiel Horror \u2013 Stephen King \u2013 Finderlohn<\/strong><br data-start=\"50\" data-end=\"53\" \/>Ein Manuskript. Ein besessener Fan. Und ein Albtraum, der niemals h\u00e4tte aufgeschlagen werden d\u00fcrfen.<\/p>\n<p data-start=\"155\" data-end=\"452\">Der wahnsinnige Literaturfan Morris Bellamy t\u00f6tet den ber\u00fchmten Autor John Rothstein \u2013 nur um dessen unver\u00f6ffentlichte Notizb\u00fccher zu stehlen. Jahrzehnte sp\u00e4ter findet der junge Pete Saubers genau diese Aufzeichnungen.<br data-start=\"373\" data-end=\"376\" \/>Was als gl\u00fccklicher Fund beginnt, wird schnell zu einem t\u00f6dlichen Problem:<\/p>\n<p data-start=\"454\" data-end=\"628\">\ud83d\udcda Ein Killer, der seine Obsession nie vergessen hat<br data-start=\"506\" data-end=\"509\" \/>\ud83d\udcda Ein Junge, der das Geheimnis um jeden Preis sch\u00fctzen will<br data-start=\"569\" data-end=\"572\" \/>\ud83d\udcda Und ein Ermittler, der die Wahrheit zu sp\u00e4t erkennt<\/p>\n<p data-start=\"630\" data-end=\"823\">Als Bellamy aus dem Gef\u00e4ngnis entlassen wird, beginnt eine gnadenlose Jagd \u2013 brutal, erbarmungslos und typisch Stephen King: eine Mischung aus Psychothriller, Horror und menschlichen Abgr\u00fcnden.<\/p>\n<p data-start=\"825\" data-end=\"854\">\ud83d\udd0a <strong data-start=\"828\" data-end=\"854\">Format: H\u00f6rspiel (MP3)<\/strong><\/p>\n<p data-start=\"856\" data-end=\"1005\">\u2b07\ufe0f Sofortiger Download f\u00fcr Handy<br data-start=\"888\" data-end=\"891\" \/>\u2b07\ufe0f Sofortiger Download f\u00fcr PC<br data-start=\"920\" data-end=\"923\" \/>\u2b07\ufe0f Sofortiger Download f\u00fcrs Tablet<br data-start=\"957\" data-end=\"960\" \/>\u2b07\ufe0f Kompatibel mit allen MP3-f\u00e4higen Ger\u00e4ten<\/p>\n<p data-start=\"1007\" data-end=\"1043\" data-is-last-node=\"\" data-is-only-node=\"\"><strong data-start=\"1007\" data-end=\"1043\" data-is-last-node=\"\">Einmal gekauft \u2013 f\u00fcr immer dein!<\/strong><\/p>\n<\/div>\n<\/div>\n<\/div>\n<\/div>\n<div class=\"z-0 flex min-h-[46px] justify-start\"><\/div>\n<div class=\"mt-3 w-full empty:hidden\">\n<div class=\"text-center\"><\/div>\n<\/div>\n<\/div>\n<\/div>\n<\/article>\n<div class=\"pointer-events-none h-px w-px\" aria-hidden=\"true\" data-edge=\"true\"><\/div>\n","protected":false},"excerpt":{"rendered":"<p>\ud83c\udfa7 H\u00f6rspiel Horror \u2013 Stephen King \u2013 FinderlohnEin Manuskript. Ein besessener Fan. Und ein Albtraum, der niemals h\u00e4tte aufgeschlagen werden d\u00fcrfen. Der wahnsinnige Literaturfan Morris Bellamy t\u00f6tet den ber\u00fchmten Autor John Rothstein \u2013 nur um dessen unver\u00f6ffentlichte Notizb\u00fccher zu stehlen. Jahrzehnte sp\u00e4ter findet der junge Pete Saubers genau diese Aufzeichnungen.Was als gl\u00fccklicher Fund beginnt, wird [&hellip;]<\/p>\n","protected":false},"featured_media":2125,"comment_status":"open","ping_status":"closed","template":"","meta":[],"product_brand":[],"product_cat":[48],"product_tag":[],"class_list":{"0":"post-2124","1":"product","2":"type-product","3":"status-publish","4":"has-post-thumbnail","6":"product_cat-grusel-geschichten","8":"first","9":"instock","10":"sale","11":"virtual","12":"purchasable","13":"product-type-simple"},"jetpack_sharing_enabled":true,"_links":{"self":[{"href":"https:\/\/audiobook-24.com\/en\/wp-json\/wp\/v2\/product\/2124","targetHints":{"allow":["GET"]}}],"collection":[{"href":"https:\/\/audiobook-24.com\/en\/wp-json\/wp\/v2\/product"}],"about":[{"href":"https:\/\/audiobook-24.com\/en\/wp-json\/wp\/v2\/types\/product"}],"replies":[{"embeddable":true,"href":"https:\/\/audiobook-24.com\/en\/wp-json\/wp\/v2\/comments?post=2124"}],"wp:featuredmedia":[{"embeddable":true,"href":"https:\/\/audiobook-24.com\/en\/wp-json\/wp\/v2\/media\/2125"}],"wp:attachment":[{"href":"https:\/\/audiobook-24.com\/en\/wp-json\/wp\/v2\/media?parent=2124"}],"wp:term":[{"taxonomy":"product_brand","embeddable":true,"href":"https:\/\/audiobook-24.com\/en\/wp-json\/wp\/v2\/product_brand?post=2124"},{"taxonomy":"product_cat","embeddable":true,"href":"https:\/\/audiobook-24.com\/en\/wp-json\/wp\/v2\/product_cat?post=2124"},{"taxonomy":"product_tag","embeddable":true,"href":"https:\/\/audiobook-24.com\/en\/wp-json\/wp\/v2\/product_tag?post=2124"}],"curies":[{"name":"wp","href":"https:\/\/api.w.org\/{rel}","templated":true}]}}