{"id":2122,"date":"2025-12-06T17:59:31","date_gmt":"2025-12-06T17:59:31","guid":{"rendered":"https:\/\/audiobook-24.com\/?post_type=product&#038;p=2122"},"modified":"2025-12-06T17:59:31","modified_gmt":"2025-12-06T17:59:31","slug":"%f0%9f%8e%a7-hoerspiel-horror-stephen-king-gwendys-letzte-aufgabe","status":"publish","type":"product","link":"https:\/\/audiobook-24.com\/en\/product\/%f0%9f%8e%a7-hoerspiel-horror-stephen-king-gwendys-letzte-aufgabe\/","title":{"rendered":"\ud83c\udfa7 H\u00f6rspiel Horror \u2013 Stephen King \u2013 Gwendys letzte Aufgabe"},"content":{"rendered":"<article class=\"text-token-text-primary w-full focus:outline-none [--shadow-height:45px] has-data-writing-block:pointer-events-none has-data-writing-block:-mt-(--shadow-height) has-data-writing-block:pt-(--shadow-height) [&amp;:has([data-writing-block])&gt;*]:pointer-events-auto scroll-mt-[calc(var(--header-height)+min(200px,max(70px,20svh)))]\" dir=\"auto\" tabindex=\"-1\" data-turn-id=\"request-6932d594-759c-832c-b69c-265c07dd2545-6\" data-testid=\"conversation-turn-70\" data-scroll-anchor=\"true\" data-turn=\"assistant\">\n<div class=\"text-base my-auto mx-auto pb-10 [--thread-content-margin:--spacing(4)] @w-sm\/main:[--thread-content-margin:--spacing(6)] @w-lg\/main:[--thread-content-margin:--spacing(16)] px-(--thread-content-margin)\">\n<div class=\"[--thread-content-max-width:40rem] @w-lg\/main:[--thread-content-max-width:48rem] mx-auto max-w-(--thread-content-max-width) flex-1 group\/turn-messages focus-visible:outline-hidden relative flex w-full min-w-0 flex-col agent-turn\" tabindex=\"-1\">\n<div class=\"flex max-w-full flex-col grow\">\n<div class=\"min-h-8 text-message relative flex w-full flex-col items-end gap-2 text-start break-words whitespace-normal [.text-message+&amp;]:mt-1\" dir=\"auto\" data-message-author-role=\"assistant\" data-message-id=\"c3de61fd-5c2d-47ff-85c7-984a578e9b92\" data-message-model-slug=\"gpt-5-1\">\n<div class=\"flex w-full flex-col gap-1 empty:hidden first:pt-[1px]\">\n<div class=\"markdown prose dark:prose-invert w-full break-words light markdown-new-styling\">\n<p data-start=\"0\" data-end=\"188\">\ud83c\udfa7 <strong data-start=\"3\" data-end=\"62\">H\u00f6rspiel Horror \u2013 Stephen King \u2013 Gwendys letzte Aufgabe<\/strong><br data-start=\"62\" data-end=\"65\" \/>Eine Mission jenseits aller Vorstellungskraft. Ein Knopf, der die Welt ver\u00e4ndern kann. Und ein Abschied, der alles fordert.<\/p>\n<p data-start=\"190\" data-end=\"460\">Gwendy Peterson hat ihr Leben lang versucht, dem d\u00fcsteren Einfluss der geheimnisvollen <strong data-start=\"277\" data-end=\"292\">Knopfb\u00fcchse<\/strong> zu entkommen. Doch nun \u2013 viele Jahre sp\u00e4ter \u2013 kehrt sie zur\u00fcck.<br data-start=\"356\" data-end=\"359\" \/>Die B\u00fcchse ist wieder in ihrem Besitz.<br data-start=\"397\" data-end=\"400\" \/>Der Auftrag ist klar.<br data-start=\"421\" data-end=\"424\" \/>Und der Preis k\u00f6nnte ihr Leben sein.<\/p>\n<p data-start=\"462\" data-end=\"734\">Um das Schicksal der Welt zu sch\u00fctzen, muss Gwendy eine Reise antreten, die sie weit \u00fcber die Grenzen des Bekannten f\u00fchrt. W\u00e4hrend Erinnerungen an fr\u00fchere Begegnungen mit der B\u00fcchse zur\u00fcckkehren, lauert eine kosmische Bedrohung, die gr\u00f6\u00dfer ist als jeder menschliche Feind.<\/p>\n<p data-start=\"736\" data-end=\"904\">Stephen King und Richard Chizmar liefern den finalen, emotionalen und unheilvollen Abschluss der Gwendy-Trilogie \u2013 voller Mystery, Spannung und existenzieller Abgr\u00fcnde.<\/p>\n<p data-start=\"906\" data-end=\"935\">\ud83d\udd0a <strong data-start=\"909\" data-end=\"935\">Format: H\u00f6rspiel (MP3)<\/strong><\/p>\n<p data-start=\"937\" data-end=\"1086\">\u2b07\ufe0f Sofortiger Download f\u00fcr Handy<br data-start=\"969\" data-end=\"972\" \/>\u2b07\ufe0f Sofortiger Download f\u00fcr PC<br data-start=\"1001\" data-end=\"1004\" \/>\u2b07\ufe0f Sofortiger Download f\u00fcrs Tablet<br data-start=\"1038\" data-end=\"1041\" \/>\u2b07\ufe0f Kompatibel mit allen MP3-f\u00e4higen Ger\u00e4ten<\/p>\n<p data-start=\"1088\" data-end=\"1124\" data-is-last-node=\"\" data-is-only-node=\"\"><strong data-start=\"1088\" data-end=\"1124\" data-is-last-node=\"\">Einmal gekauft \u2013 f\u00fcr immer dein!<\/strong><\/p>\n<\/div>\n<\/div>\n<\/div>\n<\/div>\n<div class=\"z-0 flex min-h-[46px] justify-start\"><\/div>\n<div class=\"mt-3 w-full empty:hidden\">\n<div class=\"text-center\"><\/div>\n<\/div>\n<\/div>\n<\/div>\n<\/article>\n<div class=\"pointer-events-none h-px w-px\" aria-hidden=\"true\" data-edge=\"true\"><\/div>\n","protected":false},"excerpt":{"rendered":"<p>\ud83c\udfa7 H\u00f6rspiel Horror \u2013 Stephen King \u2013 Gwendys letzte AufgabeEine Mission jenseits aller Vorstellungskraft. Ein Knopf, der die Welt ver\u00e4ndern kann. Und ein Abschied, der alles fordert. Gwendy Peterson hat ihr Leben lang versucht, dem d\u00fcsteren Einfluss der geheimnisvollen Knopfb\u00fcchse zu entkommen. Doch nun \u2013 viele Jahre sp\u00e4ter \u2013 kehrt sie zur\u00fcck.Die B\u00fcchse ist wieder [&hellip;]<\/p>\n","protected":false},"featured_media":2123,"comment_status":"open","ping_status":"closed","template":"","meta":[],"product_brand":[],"product_cat":[48],"product_tag":[],"class_list":{"0":"post-2122","1":"product","2":"type-product","3":"status-publish","4":"has-post-thumbnail","6":"product_cat-grusel-geschichten","8":"first","9":"instock","10":"sale","11":"virtual","12":"purchasable","13":"product-type-simple"},"jetpack_sharing_enabled":true,"_links":{"self":[{"href":"https:\/\/audiobook-24.com\/en\/wp-json\/wp\/v2\/product\/2122","targetHints":{"allow":["GET"]}}],"collection":[{"href":"https:\/\/audiobook-24.com\/en\/wp-json\/wp\/v2\/product"}],"about":[{"href":"https:\/\/audiobook-24.com\/en\/wp-json\/wp\/v2\/types\/product"}],"replies":[{"embeddable":true,"href":"https:\/\/audiobook-24.com\/en\/wp-json\/wp\/v2\/comments?post=2122"}],"wp:featuredmedia":[{"embeddable":true,"href":"https:\/\/audiobook-24.com\/en\/wp-json\/wp\/v2\/media\/2123"}],"wp:attachment":[{"href":"https:\/\/audiobook-24.com\/en\/wp-json\/wp\/v2\/media?parent=2122"}],"wp:term":[{"taxonomy":"product_brand","embeddable":true,"href":"https:\/\/audiobook-24.com\/en\/wp-json\/wp\/v2\/product_brand?post=2122"},{"taxonomy":"product_cat","embeddable":true,"href":"https:\/\/audiobook-24.com\/en\/wp-json\/wp\/v2\/product_cat?post=2122"},{"taxonomy":"product_tag","embeddable":true,"href":"https:\/\/audiobook-24.com\/en\/wp-json\/wp\/v2\/product_tag?post=2122"}],"curies":[{"name":"wp","href":"https:\/\/api.w.org\/{rel}","templated":true}]}}