{"id":2120,"date":"2025-12-06T15:31:08","date_gmt":"2025-12-06T15:31:08","guid":{"rendered":"https:\/\/audiobook-24.com\/?post_type=product&#038;p=2120"},"modified":"2025-12-06T15:31:09","modified_gmt":"2025-12-06T15:31:09","slug":"chatgpt-%f0%9f%8e%a7-hoerspiel-krimi-salim-gueler-tatort-koeln-06-niemand","status":"publish","type":"product","link":"https:\/\/audiobook-24.com\/en\/product\/chatgpt-%f0%9f%8e%a7-hoerspiel-krimi-salim-gueler-tatort-koeln-06-niemand\/","title":{"rendered":"ChatGPT:  \ud83c\udfa7 H\u00f6rspiel Krimi \u2013 Salim G\u00fcler \u2013 Tatort K\u00f6ln 06: NIEMAND"},"content":{"rendered":"<h6 class=\"sr-only\"><span style=\"font-size: 16px;\">\ud83c\udfa7 <\/span><strong style=\"font-size: 16px;\" data-start=\"3\" data-end=\"61\">H\u00f6rspiel Krimi \u2013 Salim G\u00fcler \u2013 Tatort K\u00f6ln 06: NIEMAND<\/strong><\/h6>\n<div class=\"text-base my-auto mx-auto pb-10 [--thread-content-margin:--spacing(4)] @w-sm\/main:[--thread-content-margin:--spacing(6)] @w-lg\/main:[--thread-content-margin:--spacing(16)] px-(--thread-content-margin)\">\n<div class=\"[--thread-content-max-width:40rem] @w-lg\/main:[--thread-content-max-width:48rem] mx-auto max-w-(--thread-content-max-width) flex-1 group\/turn-messages focus-visible:outline-hidden relative flex w-full min-w-0 flex-col agent-turn\" tabindex=\"-1\">\n<div class=\"flex max-w-full flex-col grow\">\n<div class=\"min-h-8 text-message relative flex w-full flex-col items-end gap-2 text-start break-words whitespace-normal [.text-message+&amp;]:mt-1\" dir=\"auto\" data-message-author-role=\"assistant\" data-message-id=\"577e68ff-0b74-4f7b-a8f5-0a67bf141f81\" data-message-model-slug=\"gpt-5-1\">\n<div class=\"flex w-full flex-col gap-1 empty:hidden first:pt-[1px]\">\n<div class=\"markdown prose dark:prose-invert w-full break-words light markdown-new-styling\">\n<p data-start=\"0\" data-end=\"149\">Keine Spuren. Keine Zeugen. Kein Motiv.<br data-start=\"103\" data-end=\"106\" \/>Nur ein Name, der Angst macht: <strong data-start=\"137\" data-end=\"148\">NIEMAND<\/strong>.<\/p>\n<p data-start=\"151\" data-end=\"452\">Ein brutaler Mord ersch\u00fcttert K\u00f6ln \u2013 pr\u00e4zise, kalt und ohne jede erkennbare Verbindung. Kommissar Berger und sein Team stehen vor einem R\u00e4tsel, denn der T\u00e4ter scheint \u00fcberall und nirgends zu sein.<br data-start=\"347\" data-end=\"350\" \/>W\u00e4hrend sich Hinweise auft\u00fcrmen, verschwindet gleichzeitig alles, was zu einer L\u00f6sung f\u00fchren k\u00f6nnte.<\/p>\n<p data-start=\"454\" data-end=\"599\">Bald wird klar:<br data-start=\"469\" data-end=\"472\" \/>\ud83d\udd75\ufe0f \u201eNiemand\u201c sieht ALLES<br data-start=\"497\" data-end=\"500\" \/>\ud83d\udd75\ufe0f \u201eNiemand\u201c hinterl\u00e4sst NICHTS<br data-start=\"532\" data-end=\"535\" \/>\ud83d\udd75\ufe0f Und \u201eNiemand\u201c ist gef\u00e4hrlicher, als jeder bisherige Gegner<\/p>\n<p data-start=\"601\" data-end=\"745\">Ein psychologisch dichter Krimi, der mit verst\u00f6render Pr\u00e4zision erz\u00e4hlt, wie ein T\u00e4ter die Stadt in Angst versetzt \u2013 indem er unsichtbar bleibt.<\/p>\n<p data-start=\"747\" data-end=\"776\">\ud83d\udd0a <strong data-start=\"750\" data-end=\"776\">Format: H\u00f6rspiel (MP3)<\/strong><\/p>\n<p data-start=\"778\" data-end=\"927\">\u2b07\ufe0f Sofortiger Download f\u00fcr Handy<br data-start=\"810\" data-end=\"813\" \/>\u2b07\ufe0f Sofortiger Download f\u00fcr PC<br data-start=\"842\" data-end=\"845\" \/>\u2b07\ufe0f Sofortiger Download f\u00fcrs Tablet<br data-start=\"879\" data-end=\"882\" \/>\u2b07\ufe0f Kompatibel mit allen MP3-f\u00e4higen Ger\u00e4ten<\/p>\n<p data-start=\"929\" data-end=\"965\" data-is-last-node=\"\" data-is-only-node=\"\"><strong data-start=\"929\" data-end=\"965\" data-is-last-node=\"\">Einmal gekauft \u2013 f\u00fcr immer dein!<\/strong><\/p>\n<\/div>\n<\/div>\n<\/div>\n<\/div>\n<\/div>\n<\/div>\n","protected":false},"excerpt":{"rendered":"<p>\ud83c\udfa7 H\u00f6rspiel Krimi \u2013 Salim G\u00fcler \u2013 Tatort K\u00f6ln 06: NIEMAND Keine Spuren. Keine Zeugen. Kein Motiv.Nur ein Name, der Angst macht: NIEMAND. Ein brutaler Mord ersch\u00fcttert K\u00f6ln \u2013 pr\u00e4zise, kalt und ohne jede erkennbare Verbindung. Kommissar Berger und sein Team stehen vor einem R\u00e4tsel, denn der T\u00e4ter scheint \u00fcberall und nirgends zu sein.W\u00e4hrend sich [&hellip;]<\/p>\n","protected":false},"featured_media":2121,"comment_status":"open","ping_status":"closed","template":"","meta":[],"product_brand":[],"product_cat":[34],"product_tag":[],"class_list":{"0":"post-2120","1":"product","2":"type-product","3":"status-publish","4":"has-post-thumbnail","6":"product_cat-hoerspiel-krimi","8":"first","9":"instock","10":"sale","11":"virtual","12":"purchasable","13":"product-type-simple"},"jetpack_sharing_enabled":true,"_links":{"self":[{"href":"https:\/\/audiobook-24.com\/en\/wp-json\/wp\/v2\/product\/2120","targetHints":{"allow":["GET"]}}],"collection":[{"href":"https:\/\/audiobook-24.com\/en\/wp-json\/wp\/v2\/product"}],"about":[{"href":"https:\/\/audiobook-24.com\/en\/wp-json\/wp\/v2\/types\/product"}],"replies":[{"embeddable":true,"href":"https:\/\/audiobook-24.com\/en\/wp-json\/wp\/v2\/comments?post=2120"}],"wp:featuredmedia":[{"embeddable":true,"href":"https:\/\/audiobook-24.com\/en\/wp-json\/wp\/v2\/media\/2121"}],"wp:attachment":[{"href":"https:\/\/audiobook-24.com\/en\/wp-json\/wp\/v2\/media?parent=2120"}],"wp:term":[{"taxonomy":"product_brand","embeddable":true,"href":"https:\/\/audiobook-24.com\/en\/wp-json\/wp\/v2\/product_brand?post=2120"},{"taxonomy":"product_cat","embeddable":true,"href":"https:\/\/audiobook-24.com\/en\/wp-json\/wp\/v2\/product_cat?post=2120"},{"taxonomy":"product_tag","embeddable":true,"href":"https:\/\/audiobook-24.com\/en\/wp-json\/wp\/v2\/product_tag?post=2120"}],"curies":[{"name":"wp","href":"https:\/\/api.w.org\/{rel}","templated":true}]}}