{"id":2118,"date":"2025-12-06T15:29:20","date_gmt":"2025-12-06T15:29:20","guid":{"rendered":"https:\/\/audiobook-24.com\/?post_type=product&#038;p=2118"},"modified":"2025-12-06T15:29:20","modified_gmt":"2025-12-06T15:29:20","slug":"%f0%9f%8e%a7-hoerspiel-krimi-salim-gueler-tatort-koeln-05-sterben-ohne-tod","status":"publish","type":"product","link":"https:\/\/audiobook-24.com\/en\/product\/%f0%9f%8e%a7-hoerspiel-krimi-salim-gueler-tatort-koeln-05-sterben-ohne-tod\/","title":{"rendered":"\ud83c\udfa7 H\u00f6rspiel Krimi \u2013 Salim G\u00fcler \u2013 Tatort K\u00f6ln 05: Sterben ohne Tod"},"content":{"rendered":"<h6 class=\"sr-only\"><span style=\"font-size: 16px;\">\ud83c\udfa7 <\/span><strong style=\"font-size: 16px;\" data-start=\"3\" data-end=\"70\">H\u00f6rspiel Krimi \u2013 Salim G\u00fcler \u2013 Tatort K\u00f6ln 05: Sterben ohne Tod<\/strong><\/h6>\n<div class=\"text-base my-auto mx-auto pb-10 [--thread-content-margin:--spacing(4)] @w-sm\/main:[--thread-content-margin:--spacing(6)] @w-lg\/main:[--thread-content-margin:--spacing(16)] px-(--thread-content-margin)\">\n<div class=\"[--thread-content-max-width:40rem] @w-lg\/main:[--thread-content-max-width:48rem] mx-auto max-w-(--thread-content-max-width) flex-1 group\/turn-messages focus-visible:outline-hidden relative flex w-full min-w-0 flex-col agent-turn\" tabindex=\"-1\">\n<div class=\"flex max-w-full flex-col grow\">\n<div class=\"min-h-8 text-message relative flex w-full flex-col items-end gap-2 text-start break-words whitespace-normal [.text-message+&amp;]:mt-1\" dir=\"auto\" data-message-author-role=\"assistant\" data-message-id=\"eed32e97-254e-4344-97ff-bd975f9f0913\" data-message-model-slug=\"gpt-5-1\">\n<div class=\"flex w-full flex-col gap-1 empty:hidden first:pt-[1px]\">\n<div class=\"markdown prose dark:prose-invert w-full break-words light markdown-new-styling\">\n<p data-start=\"0\" data-end=\"173\">Ein Opfer, das nicht tot ist. Ein T\u00e4ter, der keine Grenzen kennt. Und ein Fall, der alles ver\u00e4ndert.<\/p>\n<p data-start=\"175\" data-end=\"447\">In K\u00f6ln wird ein bewusstloser Mann aufgefunden \u2013 ohne Erinnerung, ohne Identit\u00e4t, aber mit eindeutigen Spuren schwerster Gewalt. F\u00fcr Kommissar Berger und sein Team beginnt ein Albtraum, denn schnell wird klar:<br data-start=\"384\" data-end=\"387\" \/>Der T\u00e4ter wollte ihn nicht t\u00f6ten.<br data-start=\"420\" data-end=\"423\" \/>Er wollte ihn brechen.<\/p>\n<p data-start=\"449\" data-end=\"687\">W\u00e4hrend weitere F\u00e4lle auftauchen, alle mit derselben grausamen Handschrift, steigt der Druck:<br data-start=\"542\" data-end=\"545\" \/>\ud83d\udd75\ufe0f Ein Verbrechen, das kein Ende kennt<br data-start=\"584\" data-end=\"587\" \/>\ud83d\udd75\ufe0f Opfer, die sprechen k\u00f6nnten \u2013 aber nicht k\u00f6nnen<br data-start=\"638\" data-end=\"641\" \/>\ud83d\udd75\ufe0f Ein T\u00e4ter, der ein perfides Spiel spielt<\/p>\n<p data-start=\"689\" data-end=\"872\"><strong data-start=\"689\" data-end=\"711\">\u201eSterben ohne Tod\u201c<\/strong> ist ein intensiver, emotionaler Krimi, der tief unter die Haut geht und die Ermittler in moralische Grauzonen zwingt. Fesselnd, d\u00fcster und durchgehend spannend.<\/p>\n<p data-start=\"874\" data-end=\"903\">\ud83d\udd0a <strong data-start=\"877\" data-end=\"903\">Format: H\u00f6rspiel (MP3)<\/strong><\/p>\n<p data-start=\"905\" data-end=\"1054\">\u2b07\ufe0f Sofortiger Download f\u00fcr Handy<br data-start=\"937\" data-end=\"940\" \/>\u2b07\ufe0f Sofortiger Download f\u00fcr PC<br data-start=\"969\" data-end=\"972\" \/>\u2b07\ufe0f Sofortiger Download f\u00fcrs Tablet<br data-start=\"1006\" data-end=\"1009\" \/>\u2b07\ufe0f Kompatibel mit allen MP3-f\u00e4higen Ger\u00e4ten<\/p>\n<p data-start=\"1056\" data-end=\"1092\" data-is-last-node=\"\" data-is-only-node=\"\"><strong data-start=\"1056\" data-end=\"1092\" data-is-last-node=\"\">Einmal gekauft \u2013 f\u00fcr immer dein!<\/strong><\/p>\n<\/div>\n<\/div>\n<\/div>\n<\/div>\n<\/div>\n<\/div>\n","protected":false},"excerpt":{"rendered":"<p>\ud83c\udfa7 H\u00f6rspiel Krimi \u2013 Salim G\u00fcler \u2013 Tatort K\u00f6ln 05: Sterben ohne Tod Ein Opfer, das nicht tot ist. Ein T\u00e4ter, der keine Grenzen kennt. Und ein Fall, der alles ver\u00e4ndert. In K\u00f6ln wird ein bewusstloser Mann aufgefunden \u2013 ohne Erinnerung, ohne Identit\u00e4t, aber mit eindeutigen Spuren schwerster Gewalt. F\u00fcr Kommissar Berger und sein Team [&hellip;]<\/p>\n","protected":false},"featured_media":2119,"comment_status":"open","ping_status":"closed","template":"","meta":[],"product_brand":[],"product_cat":[34],"product_tag":[],"class_list":{"0":"post-2118","1":"product","2":"type-product","3":"status-publish","4":"has-post-thumbnail","6":"product_cat-hoerspiel-krimi","8":"first","9":"instock","10":"sale","11":"virtual","12":"purchasable","13":"product-type-simple"},"jetpack_sharing_enabled":true,"_links":{"self":[{"href":"https:\/\/audiobook-24.com\/en\/wp-json\/wp\/v2\/product\/2118","targetHints":{"allow":["GET"]}}],"collection":[{"href":"https:\/\/audiobook-24.com\/en\/wp-json\/wp\/v2\/product"}],"about":[{"href":"https:\/\/audiobook-24.com\/en\/wp-json\/wp\/v2\/types\/product"}],"replies":[{"embeddable":true,"href":"https:\/\/audiobook-24.com\/en\/wp-json\/wp\/v2\/comments?post=2118"}],"wp:featuredmedia":[{"embeddable":true,"href":"https:\/\/audiobook-24.com\/en\/wp-json\/wp\/v2\/media\/2119"}],"wp:attachment":[{"href":"https:\/\/audiobook-24.com\/en\/wp-json\/wp\/v2\/media?parent=2118"}],"wp:term":[{"taxonomy":"product_brand","embeddable":true,"href":"https:\/\/audiobook-24.com\/en\/wp-json\/wp\/v2\/product_brand?post=2118"},{"taxonomy":"product_cat","embeddable":true,"href":"https:\/\/audiobook-24.com\/en\/wp-json\/wp\/v2\/product_cat?post=2118"},{"taxonomy":"product_tag","embeddable":true,"href":"https:\/\/audiobook-24.com\/en\/wp-json\/wp\/v2\/product_tag?post=2118"}],"curies":[{"name":"wp","href":"https:\/\/api.w.org\/{rel}","templated":true}]}}