{"id":2111,"date":"2025-12-06T15:19:30","date_gmt":"2025-12-06T15:19:30","guid":{"rendered":"https:\/\/audiobook-24.com\/?post_type=product&#038;p=2111"},"modified":"2025-12-06T15:19:30","modified_gmt":"2025-12-06T15:19:30","slug":"%f0%9f%8e%a7-hoerspiel-krimi-salim-gueler-tatort-koeln-02-fuerchte-die-nacht","status":"publish","type":"product","link":"https:\/\/audiobook-24.com\/en\/product\/%f0%9f%8e%a7-hoerspiel-krimi-salim-gueler-tatort-koeln-02-fuerchte-die-nacht\/","title":{"rendered":"\ud83c\udfa7 H\u00f6rspiel Krimi \u2013 Salim G\u00fcler \u2013 Tatort K\u00f6ln 02: F\u00fcrchte die Nacht"},"content":{"rendered":"<h6 class=\"sr-only\"><span style=\"font-size: 16px;\">\ud83c\udfa7 <\/span><strong style=\"font-size: 16px;\" data-start=\"3\" data-end=\"71\">H\u00f6rspiel Krimi \u2013 Salim G\u00fcler \u2013 Tatort K\u00f6ln 02: F\u00fcrchte die Nacht<\/strong><\/h6>\n<div class=\"text-base my-auto mx-auto pb-10 [--thread-content-margin:--spacing(4)] @w-sm\/main:[--thread-content-margin:--spacing(6)] @w-lg\/main:[--thread-content-margin:--spacing(16)] px-(--thread-content-margin)\">\n<div class=\"[--thread-content-max-width:40rem] @w-lg\/main:[--thread-content-max-width:48rem] mx-auto max-w-(--thread-content-max-width) flex-1 group\/turn-messages focus-visible:outline-hidden relative flex w-full min-w-0 flex-col agent-turn\" tabindex=\"-1\">\n<div class=\"flex max-w-full flex-col grow\">\n<div class=\"min-h-8 text-message relative flex w-full flex-col items-end gap-2 text-start break-words whitespace-normal [.text-message+&amp;]:mt-1\" dir=\"auto\" data-message-author-role=\"assistant\" data-message-id=\"03cddf1e-7d3b-4dfa-8b2b-e9990ed68693\" data-message-model-slug=\"gpt-5-1\">\n<div class=\"flex w-full flex-col gap-1 empty:hidden first:pt-[1px]\">\n<div class=\"markdown prose dark:prose-invert w-full break-words light markdown-new-styling\">\n<p data-start=\"0\" data-end=\"146\">Dunkle Stra\u00dfen. Verst\u00f6rende Spuren. Ein T\u00e4ter, der die Finsternis liebt.<\/p>\n<p data-start=\"148\" data-end=\"586\">K\u00f6ln wird von einer neuen Mordserie ersch\u00fcttert. Die Opfer sterben immer nachts \u2013 pr\u00e4zise ausgew\u00e4hlt, brutal hingerichtet. F\u00fcr Kommissar Berger und sein Team beginnt ein Rennen gegen einen Killer, der scheinbar jedes Detail kontrolliert.<br data-start=\"385\" data-end=\"388\" \/>Doch je tiefer die Ermittler graben, desto klarer wird:<br data-start=\"443\" data-end=\"446\" \/>\ud83c\udf11 Die Nacht ist sein Revier<br data-start=\"474\" data-end=\"477\" \/>\ud83c\udf11 Seine Botschaften sind kryptisch \u2013 und erschreckend pers\u00f6nlich<br data-start=\"542\" data-end=\"545\" data-is-only-node=\"\" \/>\ud83c\udf11 Jeder Schritt k\u00f6nnte der letzte sein<\/p>\n<p data-start=\"588\" data-end=\"776\"><strong data-start=\"588\" data-end=\"611\">\u201eF\u00fcrchte die Nacht\u201c<\/strong> steigert die Spannung der Reihe konsequent: d\u00fcsterer, nervenaufreibender und voller unerwarteter Wendungen. Ein Krimi-H\u00f6rspiel, das packt \u2013 und nicht mehr losl\u00e4sst.<\/p>\n<p data-start=\"778\" data-end=\"807\">\ud83d\udd0a <strong data-start=\"781\" data-end=\"807\">Format: H\u00f6rspiel (MP3)<\/strong><\/p>\n<p data-start=\"809\" data-end=\"958\">\u2b07\ufe0f Sofortiger Download f\u00fcr Handy<br data-start=\"841\" data-end=\"844\" \/>\u2b07\ufe0f Sofortiger Download f\u00fcr PC<br data-start=\"873\" data-end=\"876\" \/>\u2b07\ufe0f Sofortiger Download f\u00fcrs Tablet<br data-start=\"910\" data-end=\"913\" \/>\u2b07\ufe0f Kompatibel mit allen MP3-f\u00e4higen Ger\u00e4ten<\/p>\n<p data-start=\"960\" data-end=\"996\" data-is-last-node=\"\" data-is-only-node=\"\"><strong data-start=\"960\" data-end=\"996\" data-is-last-node=\"\">Einmal gekauft \u2013 f\u00fcr immer dein!<\/strong><\/p>\n<\/div>\n<\/div>\n<\/div>\n<\/div>\n<\/div>\n<\/div>\n","protected":false},"excerpt":{"rendered":"<p>\ud83c\udfa7 H\u00f6rspiel Krimi \u2013 Salim G\u00fcler \u2013 Tatort K\u00f6ln 02: F\u00fcrchte die Nacht Dunkle Stra\u00dfen. Verst\u00f6rende Spuren. Ein T\u00e4ter, der die Finsternis liebt. K\u00f6ln wird von einer neuen Mordserie ersch\u00fcttert. Die Opfer sterben immer nachts \u2013 pr\u00e4zise ausgew\u00e4hlt, brutal hingerichtet. F\u00fcr Kommissar Berger und sein Team beginnt ein Rennen gegen einen Killer, der scheinbar jedes [&hellip;]<\/p>\n","protected":false},"featured_media":2112,"comment_status":"open","ping_status":"closed","template":"","meta":[],"product_brand":[],"product_cat":[34],"product_tag":[],"class_list":{"0":"post-2111","1":"product","2":"type-product","3":"status-publish","4":"has-post-thumbnail","6":"product_cat-hoerspiel-krimi","8":"first","9":"instock","10":"sale","11":"virtual","12":"purchasable","13":"product-type-simple"},"jetpack_sharing_enabled":true,"_links":{"self":[{"href":"https:\/\/audiobook-24.com\/en\/wp-json\/wp\/v2\/product\/2111","targetHints":{"allow":["GET"]}}],"collection":[{"href":"https:\/\/audiobook-24.com\/en\/wp-json\/wp\/v2\/product"}],"about":[{"href":"https:\/\/audiobook-24.com\/en\/wp-json\/wp\/v2\/types\/product"}],"replies":[{"embeddable":true,"href":"https:\/\/audiobook-24.com\/en\/wp-json\/wp\/v2\/comments?post=2111"}],"wp:featuredmedia":[{"embeddable":true,"href":"https:\/\/audiobook-24.com\/en\/wp-json\/wp\/v2\/media\/2112"}],"wp:attachment":[{"href":"https:\/\/audiobook-24.com\/en\/wp-json\/wp\/v2\/media?parent=2111"}],"wp:term":[{"taxonomy":"product_brand","embeddable":true,"href":"https:\/\/audiobook-24.com\/en\/wp-json\/wp\/v2\/product_brand?post=2111"},{"taxonomy":"product_cat","embeddable":true,"href":"https:\/\/audiobook-24.com\/en\/wp-json\/wp\/v2\/product_cat?post=2111"},{"taxonomy":"product_tag","embeddable":true,"href":"https:\/\/audiobook-24.com\/en\/wp-json\/wp\/v2\/product_tag?post=2111"}],"curies":[{"name":"wp","href":"https:\/\/api.w.org\/{rel}","templated":true}]}}