{"id":2100,"date":"2025-12-05T21:42:25","date_gmt":"2025-12-05T21:42:25","guid":{"rendered":"https:\/\/audiobook-24.com\/?post_type=product&#038;p=2100"},"modified":"2025-12-05T21:42:25","modified_gmt":"2025-12-05T21:42:25","slug":"%f0%9f%8e%a7-hoerbuch-horror-stephen-king-carrie","status":"publish","type":"product","link":"https:\/\/audiobook-24.com\/en\/product\/%f0%9f%8e%a7-hoerbuch-horror-stephen-king-carrie\/","title":{"rendered":"\ud83c\udfa7 H\u00f6rbuch Horror \u2013 Stephen King \u2013 Carrie"},"content":{"rendered":"<h2 class=\"sr-only\"><span style=\"font-size: 16px;\">\ud83c\udfa7 <\/span><strong style=\"font-size: 16px;\" data-start=\"3\" data-end=\"45\">H\u00f6rbuch Horror \u2013 Stephen King \u2013 Carrie<\/strong><\/h2>\n<div class=\"text-base my-auto mx-auto pb-10 [--thread-content-margin:--spacing(4)] @w-sm\/main:[--thread-content-margin:--spacing(6)] @w-lg\/main:[--thread-content-margin:--spacing(16)] px-(--thread-content-margin)\">\n<div class=\"[--thread-content-max-width:40rem] @w-lg\/main:[--thread-content-max-width:48rem] mx-auto max-w-(--thread-content-max-width) flex-1 group\/turn-messages focus-visible:outline-hidden relative flex w-full min-w-0 flex-col agent-turn\" tabindex=\"-1\">\n<div class=\"flex max-w-full flex-col grow\">\n<div class=\"min-h-8 text-message relative flex w-full flex-col items-end gap-2 text-start break-words whitespace-normal [.text-message+&amp;]:mt-1\" dir=\"auto\" data-message-author-role=\"assistant\" data-message-id=\"0d47027f-4d7a-4707-95ff-71ed995b4b73\" data-message-model-slug=\"gpt-5-1\">\n<div class=\"flex w-full flex-col gap-1 empty:hidden first:pt-[1px]\">\n<div class=\"markdown prose dark:prose-invert w-full break-words light markdown-new-styling\">\n<p data-start=\"0\" data-end=\"121\">Dem\u00fctigung, Wut \u2013 und eine Kraft, die niemand h\u00e4tte untersch\u00e4tzen d\u00fcrfen.<\/p>\n<p data-start=\"123\" data-end=\"274\">Carrie White ist eine Au\u00dfenseiterin.<br data-start=\"159\" data-end=\"162\" \/>Gemobbt in der Schule.<br data-start=\"184\" data-end=\"187\" \/>Unterdr\u00fcckt von ihrer religi\u00f6s fanatischen Mutter.<br data-start=\"237\" data-end=\"240\" \/>Allein \u2013 bis etwas in ihr erwacht.<\/p>\n<p data-start=\"276\" data-end=\"579\">Carrie besitzt telekinetische F\u00e4higkeiten, die mit jeder Dem\u00fctigung st\u00e4rker werden. Als ein grausamer Streich auf dem Abschlussball v\u00f6llig eskaliert, bricht all die jahrelang angestaute Qual \u00fcber die Stadt herab.<br data-start=\"488\" data-end=\"491\" \/>Es ist der Moment, in dem aus einem ver\u00e4ngstigten M\u00e4dchen eine unaufhaltsame Macht wird.<\/p>\n<p data-start=\"581\" data-end=\"773\">\u201eCarrie\u201c ist Stephen Kings Deb\u00fctroman \u2013 roh, intensiv, emotional und gnadenlos. Eine Geschichte \u00fcber Angst, Ausgrenzung und das Entsetzen, das entsteht, wenn ein Mensch zu weit getrieben wird.<\/p>\n<p data-start=\"775\" data-end=\"803\">\ud83d\udd0a <strong data-start=\"778\" data-end=\"803\">Format: H\u00f6rbuch (MP3)<\/strong><\/p>\n<p data-start=\"805\" data-end=\"954\">\u2b07\ufe0f Sofortiger Download f\u00fcr Handy<br data-start=\"837\" data-end=\"840\" \/>\u2b07\ufe0f Sofortiger Download f\u00fcr PC<br data-start=\"869\" data-end=\"872\" \/>\u2b07\ufe0f Sofortiger Download f\u00fcrs Tablet<br data-start=\"906\" data-end=\"909\" \/>\u2b07\ufe0f Kompatibel mit allen MP3-f\u00e4higen Ger\u00e4ten<\/p>\n<p data-start=\"956\" data-end=\"992\" data-is-last-node=\"\" data-is-only-node=\"\"><strong data-start=\"956\" data-end=\"992\" data-is-last-node=\"\">Einmal gekauft \u2013 f\u00fcr immer dein!<\/strong><\/p>\n<\/div>\n<\/div>\n<\/div>\n<\/div>\n<\/div>\n<\/div>\n","protected":false},"excerpt":{"rendered":"<p>\ud83c\udfa7 H\u00f6rbuch Horror \u2013 Stephen King \u2013 Carrie Dem\u00fctigung, Wut \u2013 und eine Kraft, die niemand h\u00e4tte untersch\u00e4tzen d\u00fcrfen. Carrie White ist eine Au\u00dfenseiterin.Gemobbt in der Schule.Unterdr\u00fcckt von ihrer religi\u00f6s fanatischen Mutter.Allein \u2013 bis etwas in ihr erwacht. Carrie besitzt telekinetische F\u00e4higkeiten, die mit jeder Dem\u00fctigung st\u00e4rker werden. Als ein grausamer Streich auf dem Abschlussball [&hellip;]<\/p>\n","protected":false},"featured_media":2101,"comment_status":"open","ping_status":"closed","template":"","meta":[],"product_brand":[],"product_cat":[48],"product_tag":[],"class_list":{"0":"post-2100","1":"product","2":"type-product","3":"status-publish","4":"has-post-thumbnail","6":"product_cat-grusel-geschichten","8":"first","9":"instock","10":"sale","11":"virtual","12":"purchasable","13":"product-type-simple"},"jetpack_sharing_enabled":true,"_links":{"self":[{"href":"https:\/\/audiobook-24.com\/en\/wp-json\/wp\/v2\/product\/2100","targetHints":{"allow":["GET"]}}],"collection":[{"href":"https:\/\/audiobook-24.com\/en\/wp-json\/wp\/v2\/product"}],"about":[{"href":"https:\/\/audiobook-24.com\/en\/wp-json\/wp\/v2\/types\/product"}],"replies":[{"embeddable":true,"href":"https:\/\/audiobook-24.com\/en\/wp-json\/wp\/v2\/comments?post=2100"}],"wp:featuredmedia":[{"embeddable":true,"href":"https:\/\/audiobook-24.com\/en\/wp-json\/wp\/v2\/media\/2101"}],"wp:attachment":[{"href":"https:\/\/audiobook-24.com\/en\/wp-json\/wp\/v2\/media?parent=2100"}],"wp:term":[{"taxonomy":"product_brand","embeddable":true,"href":"https:\/\/audiobook-24.com\/en\/wp-json\/wp\/v2\/product_brand?post=2100"},{"taxonomy":"product_cat","embeddable":true,"href":"https:\/\/audiobook-24.com\/en\/wp-json\/wp\/v2\/product_cat?post=2100"},{"taxonomy":"product_tag","embeddable":true,"href":"https:\/\/audiobook-24.com\/en\/wp-json\/wp\/v2\/product_tag?post=2100"}],"curies":[{"name":"wp","href":"https:\/\/api.w.org\/{rel}","templated":true}]}}