{"id":2091,"date":"2025-12-05T21:01:30","date_gmt":"2025-12-05T21:01:30","guid":{"rendered":"https:\/\/audiobook-24.com\/?post_type=product&#038;p=2091"},"modified":"2025-12-05T21:01:30","modified_gmt":"2025-12-05T21:01:30","slug":"%f0%9f%8e%a7-hoerbuch-horror-thriller-stephen-king-sunset-in-der-klemme","status":"publish","type":"product","link":"https:\/\/audiobook-24.com\/en\/product\/%f0%9f%8e%a7-hoerbuch-horror-thriller-stephen-king-sunset-in-der-klemme\/","title":{"rendered":"\ud83c\udfa7 H\u00f6rbuch Horror \/ Thriller \u2013 Stephen King \u2013 Sunset: In der Klemme"},"content":{"rendered":"<p data-start=\"0\" data-end=\"136\">\ud83c\udfa7 <strong data-start=\"3\" data-end=\"71\">H\u00f6rbuch Horror \/ Thriller \u2013 Stephen King \u2013 Sunset: In der Klemme<\/strong><br data-start=\"71\" data-end=\"74\" \/>Ein Auto. Eine enge Gasse. Und ein Moment, der alles zerst\u00f6rt.<\/p>\n<p data-start=\"138\" data-end=\"578\">In <strong data-start=\"141\" data-end=\"160\">\u201eIn der Klemme\u201c<\/strong>, einer der eindringlichsten Geschichten der <em data-start=\"205\" data-end=\"213\">Sunset<\/em>-Sammlung, zeigt Stephen King, wie schnell ein ganz normales Leben aus den Fugen geraten kann.<br data-start=\"307\" data-end=\"310\" \/>Eine Frau ger\u00e4t mit ihrem Wagen in eine immer enger werdende Sackgasse \u2013 und bald wird klar, dass sie nicht nur k\u00f6rperlich, sondern auch psychisch in die Enge getrieben wird.<br data-start=\"484\" data-end=\"487\" \/>Der Druck steigt.<br data-start=\"504\" data-end=\"507\" \/>Die W\u00e4nde r\u00fccken n\u00e4her.<br data-start=\"530\" data-end=\"533\" \/>Und die Angst wird zum einzigen Wegbegleiter.<\/p>\n<p data-start=\"580\" data-end=\"755\">King verwandelt eine scheinbar allt\u00e4gliche Situation in ein Kammerspiel der Panik, der Hilflosigkeit und der inneren D\u00e4monen, die lauter schreien, je stiller es um einen wird.<\/p>\n<p data-start=\"757\" data-end=\"785\">\ud83d\udd0a <strong data-start=\"760\" data-end=\"785\">Format: H\u00f6rbuch (MP3)<\/strong><\/p>\n<p data-start=\"787\" data-end=\"936\">\u2b07\ufe0f Sofortiger Download f\u00fcr Handy<br data-start=\"819\" data-end=\"822\" \/>\u2b07\ufe0f Sofortiger Download f\u00fcr PC<br data-start=\"851\" data-end=\"854\" \/>\u2b07\ufe0f Sofortiger Download f\u00fcrs Tablet<br data-start=\"888\" data-end=\"891\" \/>\u2b07\ufe0f Kompatibel mit allen MP3-f\u00e4higen Ger\u00e4ten<\/p>\n<p data-start=\"938\" data-end=\"974\" data-is-last-node=\"\" data-is-only-node=\"\"><strong data-start=\"938\" data-end=\"974\" data-is-last-node=\"\">Einmal gekauft \u2013 f\u00fcr immer dein!<\/strong><\/p>","protected":false},"excerpt":{"rendered":"<p>\ud83c\udfa7 H\u00f6rbuch Horror \/ Thriller \u2013 Stephen King \u2013 Sunset: In der KlemmeEin Auto. Eine enge Gasse. Und ein Moment, der alles zerst\u00f6rt. In \u201eIn der Klemme\u201c, einer der eindringlichsten Geschichten der Sunset-Sammlung, zeigt Stephen King, wie schnell ein ganz normales Leben aus den Fugen geraten kann.Eine Frau ger\u00e4t mit ihrem Wagen in eine immer [&hellip;]<\/p>\n","protected":false},"featured_media":2093,"comment_status":"open","ping_status":"closed","template":"","meta":[],"product_brand":[],"product_cat":[48],"product_tag":[],"class_list":{"0":"post-2091","1":"product","2":"type-product","3":"status-publish","4":"has-post-thumbnail","6":"product_cat-grusel-geschichten","8":"first","9":"instock","10":"sale","11":"virtual","12":"purchasable","13":"product-type-simple"},"jetpack_sharing_enabled":true,"_links":{"self":[{"href":"https:\/\/audiobook-24.com\/en\/wp-json\/wp\/v2\/product\/2091","targetHints":{"allow":["GET"]}}],"collection":[{"href":"https:\/\/audiobook-24.com\/en\/wp-json\/wp\/v2\/product"}],"about":[{"href":"https:\/\/audiobook-24.com\/en\/wp-json\/wp\/v2\/types\/product"}],"replies":[{"embeddable":true,"href":"https:\/\/audiobook-24.com\/en\/wp-json\/wp\/v2\/comments?post=2091"}],"wp:featuredmedia":[{"embeddable":true,"href":"https:\/\/audiobook-24.com\/en\/wp-json\/wp\/v2\/media\/2093"}],"wp:attachment":[{"href":"https:\/\/audiobook-24.com\/en\/wp-json\/wp\/v2\/media?parent=2091"}],"wp:term":[{"taxonomy":"product_brand","embeddable":true,"href":"https:\/\/audiobook-24.com\/en\/wp-json\/wp\/v2\/product_brand?post=2091"},{"taxonomy":"product_cat","embeddable":true,"href":"https:\/\/audiobook-24.com\/en\/wp-json\/wp\/v2\/product_cat?post=2091"},{"taxonomy":"product_tag","embeddable":true,"href":"https:\/\/audiobook-24.com\/en\/wp-json\/wp\/v2\/product_tag?post=2091"}],"curies":[{"name":"wp","href":"https:\/\/api.w.org\/{rel}","templated":true}]}}