{"id":209,"date":"2025-11-14T20:42:14","date_gmt":"2025-11-14T20:42:14","guid":{"rendered":"https:\/\/audiobook-24.com\/?post_type=product&#038;p=209"},"modified":"2025-11-14T20:42:14","modified_gmt":"2025-11-14T20:42:14","slug":"erotik-hoerbuch-lady-tara-lutscher","status":"publish","type":"product","link":"https:\/\/audiobook-24.com\/en\/product\/erotik-hoerbuch-lady-tara-lutscher\/","title":{"rendered":"Erotik H\u00f6rbuch: Lady Tara \u2013 Lutscher"},"content":{"rendered":"<h3 class=\"\">Erotik H\u00f6rbuch: Lady Tara \u2013 Lutscher<\/h3>\n<p class=\"\"><strong>\u201eLady Tara \u2013 Lutscher\u201c<\/strong>\u00a0ist ein aufregendes erotisches H\u00f6rbuch, das Sie in eine Welt voller Sinnlichkeit und Verf\u00fchrung entf\u00fchrt. Lassen Sie sich von leidenschaftlichen Geschichten fesseln und genie\u00dfen Sie die lebhaften Erz\u00e4hlungen.<\/p>\n<p>Inhalt<\/p>\n<p class=\"\">In diesem H\u00f6rbuch erwarten Sie:<\/p>\n<ul class=\"\">\n<li class=\"\"><strong>Verf\u00fchrerische Geschichten voller Erotik und Lust<\/strong><\/li>\n<li class=\"\"><strong>Fesselnde Begegnungen und intensive Charaktere<\/strong><\/li>\n<li class=\"\"><strong>Einblicke in die aufregende Welt von Lady Tara<\/strong><\/li>\n<\/ul>\n<p>Format<\/p>\n<p class=\"\">Das H\u00f6rbuch ist im\u00a0<strong>MP3-Format<\/strong>\u00a0erh\u00e4ltlich und l\u00e4sst sich bequem auf verschiedenen Ger\u00e4ten abspielen.<\/p>\n<hr \/>\n<p class=\"\"><strong>\ud83c\udfa7 H\u00f6rbuch: Lady Tara \u2013 Lutscher &#8211; Sofort Download<\/strong><\/p>\n<p class=\"\">\ud83d\udcbb\u00a0<strong>PC<\/strong>\u00a0\ud83d\udcf1\u00a0<strong>Handy<\/strong>\u00a0\ud83d\udcf2\u00a0<strong>Tablet<\/strong>\u00a0\ud83c\udfb5\u00a0<strong>MP3 Player<\/strong><\/p>\n<p class=\"\"><strong>Laden Sie das H\u00f6rbuch herunter und tauchen Sie in die Erotik ein!<\/strong><\/p>","protected":false},"excerpt":{"rendered":"<p>Erotik H\u00f6rbuch: Lady Tara \u2013 Lutscher \u201eLady Tara \u2013 Lutscher\u201c\u00a0ist ein aufregendes erotisches H\u00f6rbuch, das Sie in eine Welt voller Sinnlichkeit und Verf\u00fchrung entf\u00fchrt. Lassen Sie sich von leidenschaftlichen Geschichten fesseln und genie\u00dfen Sie die lebhaften Erz\u00e4hlungen. Inhalt In diesem H\u00f6rbuch erwarten Sie: Verf\u00fchrerische Geschichten voller Erotik und Lust Fesselnde Begegnungen und intensive Charaktere Einblicke [&hellip;]<\/p>\n","protected":false},"featured_media":210,"comment_status":"open","ping_status":"closed","template":"","meta":[],"product_brand":[],"product_cat":[29,30],"product_tag":[],"class_list":{"0":"post-209","1":"product","2":"type-product","3":"status-publish","4":"has-post-thumbnail","6":"product_cat-erotik","7":"product_cat-erotik-hoerbuecher","9":"first","10":"instock","11":"sale","12":"virtual","13":"purchasable","14":"product-type-simple"},"jetpack_sharing_enabled":true,"_links":{"self":[{"href":"https:\/\/audiobook-24.com\/en\/wp-json\/wp\/v2\/product\/209","targetHints":{"allow":["GET"]}}],"collection":[{"href":"https:\/\/audiobook-24.com\/en\/wp-json\/wp\/v2\/product"}],"about":[{"href":"https:\/\/audiobook-24.com\/en\/wp-json\/wp\/v2\/types\/product"}],"replies":[{"embeddable":true,"href":"https:\/\/audiobook-24.com\/en\/wp-json\/wp\/v2\/comments?post=209"}],"wp:featuredmedia":[{"embeddable":true,"href":"https:\/\/audiobook-24.com\/en\/wp-json\/wp\/v2\/media\/210"}],"wp:attachment":[{"href":"https:\/\/audiobook-24.com\/en\/wp-json\/wp\/v2\/media?parent=209"}],"wp:term":[{"taxonomy":"product_brand","embeddable":true,"href":"https:\/\/audiobook-24.com\/en\/wp-json\/wp\/v2\/product_brand?post=209"},{"taxonomy":"product_cat","embeddable":true,"href":"https:\/\/audiobook-24.com\/en\/wp-json\/wp\/v2\/product_cat?post=209"},{"taxonomy":"product_tag","embeddable":true,"href":"https:\/\/audiobook-24.com\/en\/wp-json\/wp\/v2\/product_tag?post=209"}],"curies":[{"name":"wp","href":"https:\/\/api.w.org\/{rel}","templated":true}]}}