{"id":2088,"date":"2025-12-05T20:59:06","date_gmt":"2025-12-05T20:59:06","guid":{"rendered":"https:\/\/audiobook-24.com\/?post_type=product&#038;p=2088"},"modified":"2025-12-05T20:59:07","modified_gmt":"2025-12-05T20:59:07","slug":"%f0%9f%8e%a7-hoerbuch-horror-stephen-king-im-kabinett-des-todes","status":"publish","type":"product","link":"https:\/\/audiobook-24.com\/en\/product\/%f0%9f%8e%a7-hoerbuch-horror-stephen-king-im-kabinett-des-todes\/","title":{"rendered":"\ud83c\udfa7 H\u00f6rbuch Horror \u2013 Stephen King \u2013 Im Kabinett des Todes"},"content":{"rendered":"<p data-start=\"0\" data-end=\"195\">\ud83c\udfa7 <strong data-start=\"3\" data-end=\"60\">H\u00f6rbuch Horror \u2013 Stephen King \u2013 Im Kabinett des Todes<\/strong><br data-start=\"60\" data-end=\"63\" \/>D\u00fcster. Unheimlich. Unberechenbar. Stephen King \u00f6ffnet die T\u00fcr zu einem Raum voller Geschichten, die direkt in die Albtr\u00e4ume f\u00fchren.<\/p>\n<p data-start=\"197\" data-end=\"558\"><strong data-start=\"197\" data-end=\"224\">\u201eIm Kabinett des Todes\u201c<\/strong> versammelt eine beeindruckend vielschichtige Sammlung von Kurzgeschichten, in denen das Grauen unterschiedliche Gestalten annimmt:<br data-start=\"355\" data-end=\"358\" \/>\ud83d\udc41 Schatten, die mehr wissen, als sie sollten.<br data-start=\"404\" data-end=\"407\" \/>\ud83d\udcda B\u00fccher, die Leben ver\u00e4ndern \u2013 und zerst\u00f6ren.<br data-start=\"454\" data-end=\"457\" \/>\ud83e\ude78 Menschen, die in Extremsituationen zu Monstern werden.<br data-start=\"514\" data-end=\"517\" \/>\ud83c\udfda Orte, die ihre eigenen Regeln haben.<\/p>\n<p data-start=\"560\" data-end=\"830\">King zeigt seine ganze Bandbreite: vom subtilen Schauer bis zur direkten Bedrohung, vom psychologischen Druck bis zum \u00fcbernat\u00fcrlichen Terror. Jede Geschichte ist ein kleines Horrorkabinett f\u00fcr sich \u2013 und zusammen ergeben sie ein Bild der Finsternis, das lange nachhallt.<\/p>\n<p data-start=\"832\" data-end=\"860\">\ud83d\udd0a <strong data-start=\"835\" data-end=\"860\">Format: H\u00f6rbuch (MP3)<\/strong><\/p>\n<p data-start=\"862\" data-end=\"1011\">\u2b07\ufe0f Sofortiger Download f\u00fcr Handy<br data-start=\"894\" data-end=\"897\" \/>\u2b07\ufe0f Sofortiger Download f\u00fcr PC<br data-start=\"926\" data-end=\"929\" \/>\u2b07\ufe0f Sofortiger Download f\u00fcrs Tablet<br data-start=\"963\" data-end=\"966\" \/>\u2b07\ufe0f Kompatibel mit allen MP3-f\u00e4higen Ger\u00e4ten<\/p>\n<p data-start=\"1013\" data-end=\"1049\" data-is-last-node=\"\" data-is-only-node=\"\"><strong data-start=\"1013\" data-end=\"1049\" data-is-last-node=\"\">Einmal gekauft \u2013 f\u00fcr immer dein!<\/strong><\/p>","protected":false},"excerpt":{"rendered":"<p>\ud83c\udfa7 H\u00f6rbuch Horror \u2013 Stephen King \u2013 Im Kabinett des TodesD\u00fcster. Unheimlich. Unberechenbar. Stephen King \u00f6ffnet die T\u00fcr zu einem Raum voller Geschichten, die direkt in die Albtr\u00e4ume f\u00fchren. \u201eIm Kabinett des Todes\u201c versammelt eine beeindruckend vielschichtige Sammlung von Kurzgeschichten, in denen das Grauen unterschiedliche Gestalten annimmt:\ud83d\udc41 Schatten, die mehr wissen, als sie sollten.\ud83d\udcda B\u00fccher, [&hellip;]<\/p>\n","protected":false},"featured_media":2090,"comment_status":"open","ping_status":"closed","template":"","meta":[],"product_brand":[],"product_cat":[48],"product_tag":[],"class_list":{"0":"post-2088","1":"product","2":"type-product","3":"status-publish","4":"has-post-thumbnail","6":"product_cat-grusel-geschichten","8":"first","9":"instock","10":"sale","11":"virtual","12":"purchasable","13":"product-type-simple"},"jetpack_sharing_enabled":true,"_links":{"self":[{"href":"https:\/\/audiobook-24.com\/en\/wp-json\/wp\/v2\/product\/2088","targetHints":{"allow":["GET"]}}],"collection":[{"href":"https:\/\/audiobook-24.com\/en\/wp-json\/wp\/v2\/product"}],"about":[{"href":"https:\/\/audiobook-24.com\/en\/wp-json\/wp\/v2\/types\/product"}],"replies":[{"embeddable":true,"href":"https:\/\/audiobook-24.com\/en\/wp-json\/wp\/v2\/comments?post=2088"}],"wp:featuredmedia":[{"embeddable":true,"href":"https:\/\/audiobook-24.com\/en\/wp-json\/wp\/v2\/media\/2090"}],"wp:attachment":[{"href":"https:\/\/audiobook-24.com\/en\/wp-json\/wp\/v2\/media?parent=2088"}],"wp:term":[{"taxonomy":"product_brand","embeddable":true,"href":"https:\/\/audiobook-24.com\/en\/wp-json\/wp\/v2\/product_brand?post=2088"},{"taxonomy":"product_cat","embeddable":true,"href":"https:\/\/audiobook-24.com\/en\/wp-json\/wp\/v2\/product_cat?post=2088"},{"taxonomy":"product_tag","embeddable":true,"href":"https:\/\/audiobook-24.com\/en\/wp-json\/wp\/v2\/product_tag?post=2088"}],"curies":[{"name":"wp","href":"https:\/\/api.w.org\/{rel}","templated":true}]}}