{"id":2086,"date":"2025-12-05T20:57:10","date_gmt":"2025-12-05T20:57:10","guid":{"rendered":"https:\/\/audiobook-24.com\/?post_type=product&#038;p=2086"},"modified":"2025-12-05T20:57:11","modified_gmt":"2025-12-05T20:57:11","slug":"%f0%9f%8e%a7-hoerbuch-horror-stephen-king-blut-und-rauch","status":"publish","type":"product","link":"https:\/\/audiobook-24.com\/en\/product\/%f0%9f%8e%a7-hoerbuch-horror-stephen-king-blut-und-rauch\/","title":{"rendered":"\ud83c\udfa7 H\u00f6rbuch Horror \u2013 Stephen King \u2013 Blut und Rauch"},"content":{"rendered":"<p data-start=\"0\" data-end=\"117\">\ud83c\udfa7 <strong data-start=\"3\" data-end=\"53\">H\u00f6rbuch Horror \u2013 Stephen King \u2013 Blut und Rauch<\/strong><br data-start=\"53\" data-end=\"56\" \/>Drei Geschichten. Drei Abgr\u00fcnde. Drei Male pures King-Grauen.<\/p>\n<p data-start=\"119\" data-end=\"323\"><strong data-start=\"119\" data-end=\"139\">\u201eBlut und Rauch\u201c<\/strong> vereint drei unheimliche Erz\u00e4hlungen, die sich wie heimliche Gest\u00e4ndnisse anf\u00fchlen \u2013 roh, intensiv und voller dunkler Bilder. Jede Geschichte f\u00fchrt in eine andere Form des Schreckens:<\/p>\n<p data-start=\"325\" data-end=\"465\">\ud83d\udd25 <strong data-start=\"328\" data-end=\"336\">1408<\/strong> \u2013 Das ber\u00fcchtigte Hotelzimmer, in dem niemand die Nacht \u00fcberlebt. Ein Skeptiker zieht ein\u2026 und entdeckt, dass manche Orte leben.<\/p>\n<p data-start=\"467\" data-end=\"597\">\ud83d\udd25 <strong data-start=\"470\" data-end=\"492\">In der Todeskammer<\/strong> \u2013 Ein brutales Verh\u00f6r, eine tickende Uhr und ein Mann, dessen Geheimnisse t\u00f6dlicher sind als jede Waffe.<\/p>\n<p data-start=\"599\" data-end=\"719\">\ud83d\udd25 <strong data-start=\"602\" data-end=\"616\">Der Mieter<\/strong> \u2013 Eine Begegnung in einem Auto, die sich zu einem Albtraum entwickelt, aus dem es kein Entrinnen gibt.<\/p>\n<p data-start=\"721\" data-end=\"881\">King erz\u00e4hlt diese Geschichten mit perfektem Timing, psychologischem Druck und unvorhersehbaren Wendungen \u2013 ein H\u00f6rbuch, das dich bis zur letzten Sekunde packt.<\/p>\n<p data-start=\"883\" data-end=\"911\">\ud83d\udd0a <strong data-start=\"886\" data-end=\"911\">Format: H\u00f6rbuch (MP3)<\/strong><\/p>\n<p data-start=\"913\" data-end=\"1062\">\u2b07\ufe0f Sofortiger Download f\u00fcr Handy<br data-start=\"945\" data-end=\"948\" \/>\u2b07\ufe0f Sofortiger Download f\u00fcr PC<br data-start=\"977\" data-end=\"980\" \/>\u2b07\ufe0f Sofortiger Download f\u00fcrs Tablet<br data-start=\"1014\" data-end=\"1017\" \/>\u2b07\ufe0f Kompatibel mit allen MP3-f\u00e4higen Ger\u00e4ten<\/p>\n<p data-start=\"1064\" data-end=\"1100\" data-is-last-node=\"\" data-is-only-node=\"\"><strong data-start=\"1064\" data-end=\"1100\" data-is-last-node=\"\">Einmal gekauft \u2013 f\u00fcr immer dein!<\/strong><\/p>","protected":false},"excerpt":{"rendered":"<p>\ud83c\udfa7 H\u00f6rbuch Horror \u2013 Stephen King \u2013 Blut und RauchDrei Geschichten. Drei Abgr\u00fcnde. Drei Male pures King-Grauen. \u201eBlut und Rauch\u201c vereint drei unheimliche Erz\u00e4hlungen, die sich wie heimliche Gest\u00e4ndnisse anf\u00fchlen \u2013 roh, intensiv und voller dunkler Bilder. Jede Geschichte f\u00fchrt in eine andere Form des Schreckens: \ud83d\udd25 1408 \u2013 Das ber\u00fcchtigte Hotelzimmer, in dem niemand [&hellip;]<\/p>\n","protected":false},"featured_media":2087,"comment_status":"open","ping_status":"closed","template":"","meta":[],"product_brand":[],"product_cat":[48],"product_tag":[],"class_list":{"0":"post-2086","1":"product","2":"type-product","3":"status-publish","4":"has-post-thumbnail","6":"product_cat-grusel-geschichten","8":"first","9":"instock","10":"sale","11":"virtual","12":"purchasable","13":"product-type-simple"},"jetpack_sharing_enabled":true,"_links":{"self":[{"href":"https:\/\/audiobook-24.com\/en\/wp-json\/wp\/v2\/product\/2086","targetHints":{"allow":["GET"]}}],"collection":[{"href":"https:\/\/audiobook-24.com\/en\/wp-json\/wp\/v2\/product"}],"about":[{"href":"https:\/\/audiobook-24.com\/en\/wp-json\/wp\/v2\/types\/product"}],"replies":[{"embeddable":true,"href":"https:\/\/audiobook-24.com\/en\/wp-json\/wp\/v2\/comments?post=2086"}],"wp:featuredmedia":[{"embeddable":true,"href":"https:\/\/audiobook-24.com\/en\/wp-json\/wp\/v2\/media\/2087"}],"wp:attachment":[{"href":"https:\/\/audiobook-24.com\/en\/wp-json\/wp\/v2\/media?parent=2086"}],"wp:term":[{"taxonomy":"product_brand","embeddable":true,"href":"https:\/\/audiobook-24.com\/en\/wp-json\/wp\/v2\/product_brand?post=2086"},{"taxonomy":"product_cat","embeddable":true,"href":"https:\/\/audiobook-24.com\/en\/wp-json\/wp\/v2\/product_cat?post=2086"},{"taxonomy":"product_tag","embeddable":true,"href":"https:\/\/audiobook-24.com\/en\/wp-json\/wp\/v2\/product_tag?post=2086"}],"curies":[{"name":"wp","href":"https:\/\/api.w.org\/{rel}","templated":true}]}}