{"id":2080,"date":"2025-12-05T18:01:22","date_gmt":"2025-12-05T18:01:22","guid":{"rendered":"https:\/\/audiobook-24.com\/?post_type=product&#038;p=2080"},"modified":"2025-12-05T18:01:22","modified_gmt":"2025-12-05T18:01:22","slug":"%f0%9f%8e%a7-hoerbuch-horror-stephen-king-brennen-muss-salem","status":"publish","type":"product","link":"https:\/\/audiobook-24.com\/en\/product\/%f0%9f%8e%a7-hoerbuch-horror-stephen-king-brennen-muss-salem\/","title":{"rendered":"\ud83c\udfa7 H\u00f6rbuch Horror \u2013 Stephen King \u2013 Brennen muss Salem"},"content":{"rendered":"<h2 data-start=\"0\" data-end=\"158\">\ud83c\udfa7 <strong data-start=\"3\" data-end=\"57\">H\u00f6rbuch Horror \u2013 Stephen King \u2013 Brennen muss Salem<\/strong><br data-start=\"57\" data-end=\"60\" \/>Ein verfluchtes Haus. Eine Stadt, die langsam stirbt. Und ein uraltes B\u00f6se, das im Dunkeln lauert.<\/h2>\n<p data-start=\"160\" data-end=\"476\">Als der Schriftsteller Ben Mears nach <strong data-start=\"198\" data-end=\"217\">Jerusalem\u2019s Lot<\/strong> zur\u00fcckkehrt, will er eigentlich nur die Schatten seiner Vergangenheit vertreiben. Doch etwas in der Stadt hat sich ver\u00e4ndert. Menschen verschwinden. Andere wirken seltsam bleich, verst\u00f6rt \u2013 und nachts gehen unheimliche Lichter im verlassenen Marsten-Haus an.<\/p>\n<p data-start=\"478\" data-end=\"692\">Ben beginnt zu ahnen, dass eine finstere Macht Salem \u00fcbernommen hat. Gemeinsam mit einer kleinen Gruppe Verb\u00fcndeter k\u00e4mpft er gegen ein \u00dcbel, das so alt wie die Menschheit selbst ist \u2013 und so hungrig wie nie zuvor.<\/p>\n<p data-start=\"694\" data-end=\"869\">Atmosph\u00e4risch, d\u00fcster und unbarmherzig: \u201eBrennen muss Salem\u201c ist Stephen Kings moderne Interpretation des klassischen Vampir-Horrors \u2013 spannungsgeladen bis zur letzten Minute.<\/p>\n<p data-start=\"871\" data-end=\"899\">\ud83d\udd0a <strong data-start=\"874\" data-end=\"899\">Format: H\u00f6rbuch (MP3)<\/strong><\/p>\n<p data-start=\"901\" data-end=\"1050\">\u2b07\ufe0f Sofortiger Download f\u00fcr Handy<br data-start=\"933\" data-end=\"936\" \/>\u2b07\ufe0f Sofortiger Download f\u00fcr PC<br data-start=\"965\" data-end=\"968\" \/>\u2b07\ufe0f Sofortiger Download f\u00fcrs Tablet<br data-start=\"1002\" data-end=\"1005\" \/>\u2b07\ufe0f Kompatibel mit allen MP3-f\u00e4higen Ger\u00e4ten<\/p>\n<p data-start=\"1052\" data-end=\"1088\" data-is-last-node=\"\" data-is-only-node=\"\"><strong data-start=\"1052\" data-end=\"1088\" data-is-last-node=\"\">Einmal gekauft \u2013 f\u00fcr immer dein!<\/strong><\/p>","protected":false},"excerpt":{"rendered":"<p>\ud83c\udfa7 H\u00f6rbuch Horror \u2013 Stephen King \u2013 Brennen muss SalemEin verfluchtes Haus. Eine Stadt, die langsam stirbt. Und ein uraltes B\u00f6se, das im Dunkeln lauert. Als der Schriftsteller Ben Mears nach Jerusalem\u2019s Lot zur\u00fcckkehrt, will er eigentlich nur die Schatten seiner Vergangenheit vertreiben. Doch etwas in der Stadt hat sich ver\u00e4ndert. Menschen verschwinden. Andere wirken [&hellip;]<\/p>\n","protected":false},"featured_media":2081,"comment_status":"open","ping_status":"closed","template":"","meta":[],"product_brand":[],"product_cat":[48],"product_tag":[],"class_list":{"0":"post-2080","1":"product","2":"type-product","3":"status-publish","4":"has-post-thumbnail","6":"product_cat-grusel-geschichten","8":"first","9":"instock","10":"sale","11":"virtual","12":"purchasable","13":"product-type-simple"},"jetpack_sharing_enabled":true,"_links":{"self":[{"href":"https:\/\/audiobook-24.com\/en\/wp-json\/wp\/v2\/product\/2080","targetHints":{"allow":["GET"]}}],"collection":[{"href":"https:\/\/audiobook-24.com\/en\/wp-json\/wp\/v2\/product"}],"about":[{"href":"https:\/\/audiobook-24.com\/en\/wp-json\/wp\/v2\/types\/product"}],"replies":[{"embeddable":true,"href":"https:\/\/audiobook-24.com\/en\/wp-json\/wp\/v2\/comments?post=2080"}],"wp:featuredmedia":[{"embeddable":true,"href":"https:\/\/audiobook-24.com\/en\/wp-json\/wp\/v2\/media\/2081"}],"wp:attachment":[{"href":"https:\/\/audiobook-24.com\/en\/wp-json\/wp\/v2\/media?parent=2080"}],"wp:term":[{"taxonomy":"product_brand","embeddable":true,"href":"https:\/\/audiobook-24.com\/en\/wp-json\/wp\/v2\/product_brand?post=2080"},{"taxonomy":"product_cat","embeddable":true,"href":"https:\/\/audiobook-24.com\/en\/wp-json\/wp\/v2\/product_cat?post=2080"},{"taxonomy":"product_tag","embeddable":true,"href":"https:\/\/audiobook-24.com\/en\/wp-json\/wp\/v2\/product_tag?post=2080"}],"curies":[{"name":"wp","href":"https:\/\/api.w.org\/{rel}","templated":true}]}}