{"id":2078,"date":"2025-12-05T17:57:55","date_gmt":"2025-12-05T17:57:55","guid":{"rendered":"https:\/\/audiobook-24.com\/?post_type=product&#038;p=2078"},"modified":"2025-12-05T17:57:56","modified_gmt":"2025-12-05T17:57:56","slug":"%f0%9f%8e%a7-hoerbuch-horror-stephen-king-ihr-wollt-es-dunkler","status":"publish","type":"product","link":"https:\/\/audiobook-24.com\/en\/product\/%f0%9f%8e%a7-hoerbuch-horror-stephen-king-ihr-wollt-es-dunkler\/","title":{"rendered":"\ud83c\udfa7 H\u00f6rbuch Horror \u2013 Stephen King \u2013 Ihr wollt es dunkler"},"content":{"rendered":"<p data-start=\"0\" data-end=\"146\">\ud83c\udfa7 <strong data-start=\"3\" data-end=\"59\">H\u00f6rbuch Horror \u2013 Stephen King \u2013 Ihr wollt es dunkler<\/strong><br data-start=\"59\" data-end=\"62\" \/>Dunkle Gedanken. Unerwartete Wendungen. Und Geschichten, die unter die Haut gehen.<\/p>\n<p data-start=\"148\" data-end=\"493\">In dieser Sammlung erschafft Stephen King ein Panorama des Schreckens, das weit \u00fcber klassische Horrormotive hinausgeht. Jeder Text ist ein kleiner Blick in Abgr\u00fcnde:<br data-start=\"314\" data-end=\"317\" \/>Menschen, deren Entscheidungen fatale Folgen haben.<br data-start=\"368\" data-end=\"371\" \/>D\u00e4monen, die sich in den Alltag einschleichen.<br data-start=\"417\" data-end=\"420\" \/>Und das unheimliche Gef\u00fchl, dass das B\u00f6se oft n\u00e4her ist, als man denkt.<\/p>\n<p data-start=\"495\" data-end=\"746\">\u201eIhr wollt es dunkler\u201c vereint King-typische Spannung, psychologischen Tiefgang und die meisterhafte F\u00e4higkeit, selbst das Allt\u00e4gliche in etwas Unheimliches zu verwandeln. Ein H\u00f6rbuch, das Horrorfans sowohl schaudern als auch nachdenklich zur\u00fcckl\u00e4sst.<\/p>\n<p data-start=\"748\" data-end=\"776\">\ud83d\udd0a <strong data-start=\"751\" data-end=\"776\">Format: H\u00f6rbuch (MP3)<\/strong><\/p>\n<p data-start=\"778\" data-end=\"927\">\u2b07\ufe0f Sofortiger Download f\u00fcr Handy<br data-start=\"810\" data-end=\"813\" \/>\u2b07\ufe0f Sofortiger Download f\u00fcr PC<br data-start=\"842\" data-end=\"845\" \/>\u2b07\ufe0f Sofortiger Download f\u00fcrs Tablet<br data-start=\"879\" data-end=\"882\" \/>\u2b07\ufe0f Kompatibel mit allen MP3-f\u00e4higen Ger\u00e4ten<\/p>\n<p data-start=\"929\" data-end=\"965\" data-is-last-node=\"\" data-is-only-node=\"\"><strong data-start=\"929\" data-end=\"965\" data-is-last-node=\"\">Einmal gekauft \u2013 f\u00fcr immer dein!<\/strong><\/p>","protected":false},"excerpt":{"rendered":"<p>\ud83c\udfa7 H\u00f6rbuch Horror \u2013 Stephen King \u2013 Ihr wollt es dunklerDunkle Gedanken. Unerwartete Wendungen. Und Geschichten, die unter die Haut gehen. In dieser Sammlung erschafft Stephen King ein Panorama des Schreckens, das weit \u00fcber klassische Horrormotive hinausgeht. Jeder Text ist ein kleiner Blick in Abgr\u00fcnde:Menschen, deren Entscheidungen fatale Folgen haben.D\u00e4monen, die sich in den Alltag [&hellip;]<\/p>\n","protected":false},"featured_media":2079,"comment_status":"open","ping_status":"closed","template":"","meta":[],"product_brand":[],"product_cat":[48],"product_tag":[],"class_list":{"0":"post-2078","1":"product","2":"type-product","3":"status-publish","4":"has-post-thumbnail","6":"product_cat-grusel-geschichten","8":"first","9":"instock","10":"sale","11":"virtual","12":"purchasable","13":"product-type-simple"},"jetpack_sharing_enabled":true,"_links":{"self":[{"href":"https:\/\/audiobook-24.com\/en\/wp-json\/wp\/v2\/product\/2078","targetHints":{"allow":["GET"]}}],"collection":[{"href":"https:\/\/audiobook-24.com\/en\/wp-json\/wp\/v2\/product"}],"about":[{"href":"https:\/\/audiobook-24.com\/en\/wp-json\/wp\/v2\/types\/product"}],"replies":[{"embeddable":true,"href":"https:\/\/audiobook-24.com\/en\/wp-json\/wp\/v2\/comments?post=2078"}],"wp:featuredmedia":[{"embeddable":true,"href":"https:\/\/audiobook-24.com\/en\/wp-json\/wp\/v2\/media\/2079"}],"wp:attachment":[{"href":"https:\/\/audiobook-24.com\/en\/wp-json\/wp\/v2\/media?parent=2078"}],"wp:term":[{"taxonomy":"product_brand","embeddable":true,"href":"https:\/\/audiobook-24.com\/en\/wp-json\/wp\/v2\/product_brand?post=2078"},{"taxonomy":"product_cat","embeddable":true,"href":"https:\/\/audiobook-24.com\/en\/wp-json\/wp\/v2\/product_cat?post=2078"},{"taxonomy":"product_tag","embeddable":true,"href":"https:\/\/audiobook-24.com\/en\/wp-json\/wp\/v2\/product_tag?post=2078"}],"curies":[{"name":"wp","href":"https:\/\/api.w.org\/{rel}","templated":true}]}}