{"id":2075,"date":"2025-12-05T17:51:19","date_gmt":"2025-12-05T17:51:19","guid":{"rendered":"https:\/\/audiobook-24.com\/?post_type=product&#038;p=2075"},"modified":"2025-12-05T17:51:20","modified_gmt":"2025-12-05T17:51:20","slug":"%f0%9f%8e%a7-hoerspiel-horror-gruselkabinett-folge-179-flaxman-low-der-fall-medhans","status":"publish","type":"product","link":"https:\/\/audiobook-24.com\/en\/product\/%f0%9f%8e%a7-hoerspiel-horror-gruselkabinett-folge-179-flaxman-low-der-fall-medhans\/","title":{"rendered":"\ud83c\udfa7 H\u00f6rspiel Horror \u2013 Gruselkabinett \u2013 Folge 179: Flaxman Low \u2013 Der Fall Medhans"},"content":{"rendered":"<p data-start=\"0\" data-end=\"209\">\ud83c\udfa7 <strong data-start=\"3\" data-end=\"83\">H\u00f6rspiel Horror \u2013 Gruselkabinett \u2013 Folge 179: Flaxman Low \u2013 Der Fall Medhans<\/strong><br data-start=\"83\" data-end=\"86\" \/>Ein r\u00e4tselhafter Mord. Geheimnisvolle Kr\u00e4fte. Und ein Ermittler, der in die dunklen Tiefen des \u00dcbernat\u00fcrlichen eintaucht.<\/p>\n<p data-start=\"211\" data-end=\"661\">Flaxman Low, der Meister der okkulten Ermittlungen, wird mit einem mysteri\u00f6sen Fall konfrontiert: In einem abgelegenen Anwesen kommt ein Mann unter ungekl\u00e4rten Umst\u00e4nden zu Tode. Doch schnell wird klar, dass hier mehr im Spiel ist als blo\u00dfer Zufall.<br data-start=\"460\" data-end=\"463\" \/>Seltsame Ph\u00e4nomene h\u00e4ufen sich.<br data-start=\"494\" data-end=\"497\" \/>Zeugen berichten von Schatten, die sich eigenst\u00e4ndig bewegen.<br data-start=\"558\" data-end=\"561\" \/>Und jeder Schritt bringt Flaxman Low n\u00e4her an eine Wahrheit, die besser unentdeckt geblieben w\u00e4re.<\/p>\n<p data-start=\"663\" data-end=\"847\">Mit spannender Erz\u00e4hlkunst, subtiler Gruselatmosph\u00e4re und einem Hauch viktorianischer Mystik entfaltet \u201eDer Fall Medhans\u201c ein H\u00f6rspiel, das Krimi- und Horrorfans gleicherma\u00dfen fesselt.<\/p>\n<p data-start=\"849\" data-end=\"878\">\ud83d\udd0a <strong data-start=\"852\" data-end=\"878\">Format: H\u00f6rspiel (MP3)<\/strong><\/p>\n<p data-start=\"880\" data-end=\"1029\">\u2b07\ufe0f Sofortiger Download f\u00fcr Handy<br data-start=\"912\" data-end=\"915\" \/>\u2b07\ufe0f Sofortiger Download f\u00fcr PC<br data-start=\"944\" data-end=\"947\" \/>\u2b07\ufe0f Sofortiger Download f\u00fcrs Tablet<br data-start=\"981\" data-end=\"984\" \/>\u2b07\ufe0f Kompatibel mit allen MP3-f\u00e4higen Ger\u00e4ten<\/p>\n<p data-start=\"1031\" data-end=\"1067\" data-is-last-node=\"\" data-is-only-node=\"\"><strong data-start=\"1031\" data-end=\"1067\" data-is-last-node=\"\">Einmal gekauft \u2013 f\u00fcr immer dein!<\/strong><\/p>","protected":false},"excerpt":{"rendered":"<p>\ud83c\udfa7 H\u00f6rspiel Horror \u2013 Gruselkabinett \u2013 Folge 179: Flaxman Low \u2013 Der Fall MedhansEin r\u00e4tselhafter Mord. Geheimnisvolle Kr\u00e4fte. Und ein Ermittler, der in die dunklen Tiefen des \u00dcbernat\u00fcrlichen eintaucht. Flaxman Low, der Meister der okkulten Ermittlungen, wird mit einem mysteri\u00f6sen Fall konfrontiert: In einem abgelegenen Anwesen kommt ein Mann unter ungekl\u00e4rten Umst\u00e4nden zu Tode. Doch [&hellip;]<\/p>\n","protected":false},"featured_media":2076,"comment_status":"open","ping_status":"closed","template":"","meta":[],"product_brand":[],"product_cat":[48],"product_tag":[],"class_list":{"0":"post-2075","1":"product","2":"type-product","3":"status-publish","4":"has-post-thumbnail","6":"product_cat-grusel-geschichten","8":"first","9":"instock","10":"sale","11":"virtual","12":"purchasable","13":"product-type-simple"},"jetpack_sharing_enabled":true,"_links":{"self":[{"href":"https:\/\/audiobook-24.com\/en\/wp-json\/wp\/v2\/product\/2075","targetHints":{"allow":["GET"]}}],"collection":[{"href":"https:\/\/audiobook-24.com\/en\/wp-json\/wp\/v2\/product"}],"about":[{"href":"https:\/\/audiobook-24.com\/en\/wp-json\/wp\/v2\/types\/product"}],"replies":[{"embeddable":true,"href":"https:\/\/audiobook-24.com\/en\/wp-json\/wp\/v2\/comments?post=2075"}],"wp:featuredmedia":[{"embeddable":true,"href":"https:\/\/audiobook-24.com\/en\/wp-json\/wp\/v2\/media\/2076"}],"wp:attachment":[{"href":"https:\/\/audiobook-24.com\/en\/wp-json\/wp\/v2\/media?parent=2075"}],"wp:term":[{"taxonomy":"product_brand","embeddable":true,"href":"https:\/\/audiobook-24.com\/en\/wp-json\/wp\/v2\/product_brand?post=2075"},{"taxonomy":"product_cat","embeddable":true,"href":"https:\/\/audiobook-24.com\/en\/wp-json\/wp\/v2\/product_cat?post=2075"},{"taxonomy":"product_tag","embeddable":true,"href":"https:\/\/audiobook-24.com\/en\/wp-json\/wp\/v2\/product_tag?post=2075"}],"curies":[{"name":"wp","href":"https:\/\/api.w.org\/{rel}","templated":true}]}}