{"id":2073,"date":"2025-12-05T17:49:02","date_gmt":"2025-12-05T17:49:02","guid":{"rendered":"https:\/\/audiobook-24.com\/?post_type=product&#038;p=2073"},"modified":"2025-12-05T17:49:02","modified_gmt":"2025-12-05T17:49:02","slug":"chatgpt-%f0%9f%8e%a7-hoerbuch-krimi-horror-stephen-king-spaeter","status":"publish","type":"product","link":"https:\/\/audiobook-24.com\/en\/product\/chatgpt-%f0%9f%8e%a7-hoerbuch-krimi-horror-stephen-king-spaeter\/","title":{"rendered":"ChatGPT:  \ud83c\udfa7 H\u00f6rbuch Krimi \/ Horror \u2013 Stephen King \u2013 Sp\u00e4ter"},"content":{"rendered":"<p data-start=\"0\" data-end=\"188\">\ud83c\udfa7 <strong data-start=\"3\" data-end=\"53\">H\u00f6rbuch Krimi \/ Horror \u2013 Stephen King \u2013 Sp\u00e4ter<\/strong><br data-start=\"53\" data-end=\"56\" \/>Ein dunkles Geheimnis. Ein Junge, der mehr sieht, als er sollte. Und eine Geschichte, die dich bis zur letzten Seite nicht losl\u00e4sst.<\/p>\n<p data-start=\"190\" data-end=\"568\">Jamie Conklin w\u00e4chst in New York auf und hat eine besondere Gabe: Er kann Dinge sehen, die andere nicht sehen \u2014 und mit Menschen kommunizieren, die l\u00e4ngst tot sind. Doch als ein verzweifelter Auftrag ihn zwingt, seine Kr\u00e4fte f\u00fcr eine gef\u00e4hrliche Aufgabe einzusetzen, erkennt er:<br data-start=\"468\" data-end=\"471\" \/>Manche Wahrheiten sind t\u00f6dlich.<br data-start=\"502\" data-end=\"505\" \/>Manche Menschen skrupellos.<br data-start=\"532\" data-end=\"535\" \/>Und die Zeit ist immer gegen ihn.<\/p>\n<p data-start=\"570\" data-end=\"764\">\u201eSp\u00e4ter\u201c verbindet Stephen Kings typisches psychologisches Gesp\u00fcr mit \u00fcbernat\u00fcrlichem Horror, tiefen Charakteren und einem Spannungstempo, das unaufhaltsam auf ein ersch\u00fctterndes Finale zul\u00e4uft.<\/p>\n<p data-start=\"766\" data-end=\"794\">\ud83d\udd0a <strong data-start=\"769\" data-end=\"794\">Format: H\u00f6rbuch (MP3)<\/strong><\/p>\n<p data-start=\"796\" data-end=\"945\">\u2b07\ufe0f Sofortiger Download f\u00fcr Handy<br data-start=\"828\" data-end=\"831\" \/>\u2b07\ufe0f Sofortiger Download f\u00fcr PC<br data-start=\"860\" data-end=\"863\" \/>\u2b07\ufe0f Sofortiger Download f\u00fcrs Tablet<br data-start=\"897\" data-end=\"900\" \/>\u2b07\ufe0f Kompatibel mit allen MP3-f\u00e4higen Ger\u00e4ten<\/p>\n<p data-start=\"947\" data-end=\"983\" data-is-last-node=\"\" data-is-only-node=\"\"><strong data-start=\"947\" data-end=\"983\" data-is-last-node=\"\">Einmal gekauft \u2013 f\u00fcr immer dein!<\/strong><\/p>","protected":false},"excerpt":{"rendered":"<p>\ud83c\udfa7 H\u00f6rbuch Krimi \/ Horror \u2013 Stephen King \u2013 Sp\u00e4terEin dunkles Geheimnis. Ein Junge, der mehr sieht, als er sollte. Und eine Geschichte, die dich bis zur letzten Seite nicht losl\u00e4sst. Jamie Conklin w\u00e4chst in New York auf und hat eine besondere Gabe: Er kann Dinge sehen, die andere nicht sehen \u2014 und mit Menschen [&hellip;]<\/p>\n","protected":false},"featured_media":2074,"comment_status":"open","ping_status":"closed","template":"","meta":[],"product_brand":[],"product_cat":[48],"product_tag":[],"class_list":{"0":"post-2073","1":"product","2":"type-product","3":"status-publish","4":"has-post-thumbnail","6":"product_cat-grusel-geschichten","8":"first","9":"instock","10":"sale","11":"virtual","12":"purchasable","13":"product-type-simple"},"jetpack_sharing_enabled":true,"_links":{"self":[{"href":"https:\/\/audiobook-24.com\/en\/wp-json\/wp\/v2\/product\/2073","targetHints":{"allow":["GET"]}}],"collection":[{"href":"https:\/\/audiobook-24.com\/en\/wp-json\/wp\/v2\/product"}],"about":[{"href":"https:\/\/audiobook-24.com\/en\/wp-json\/wp\/v2\/types\/product"}],"replies":[{"embeddable":true,"href":"https:\/\/audiobook-24.com\/en\/wp-json\/wp\/v2\/comments?post=2073"}],"wp:featuredmedia":[{"embeddable":true,"href":"https:\/\/audiobook-24.com\/en\/wp-json\/wp\/v2\/media\/2074"}],"wp:attachment":[{"href":"https:\/\/audiobook-24.com\/en\/wp-json\/wp\/v2\/media?parent=2073"}],"wp:term":[{"taxonomy":"product_brand","embeddable":true,"href":"https:\/\/audiobook-24.com\/en\/wp-json\/wp\/v2\/product_brand?post=2073"},{"taxonomy":"product_cat","embeddable":true,"href":"https:\/\/audiobook-24.com\/en\/wp-json\/wp\/v2\/product_cat?post=2073"},{"taxonomy":"product_tag","embeddable":true,"href":"https:\/\/audiobook-24.com\/en\/wp-json\/wp\/v2\/product_tag?post=2073"}],"curies":[{"name":"wp","href":"https:\/\/api.w.org\/{rel}","templated":true}]}}