{"id":2060,"date":"2025-12-05T16:51:33","date_gmt":"2025-12-05T16:51:33","guid":{"rendered":"https:\/\/audiobook-24.com\/?post_type=product&#038;p=2060"},"modified":"2025-12-05T16:51:33","modified_gmt":"2025-12-05T16:51:33","slug":"%f0%9f%8e%a7-hoerbuch-horror-holy-horror-folge-40-flammengrab","status":"publish","type":"product","link":"https:\/\/audiobook-24.com\/en\/product\/%f0%9f%8e%a7-hoerbuch-horror-holy-horror-folge-40-flammengrab\/","title":{"rendered":"\ud83c\udfa7 H\u00f6rbuch Horror \u2013 Holy Horror \u2013 Folge 40: Flammengrab"},"content":{"rendered":"<p data-start=\"0\" data-end=\"191\">\ud83c\udfa7 <strong data-start=\"3\" data-end=\"59\">H\u00f6rbuch Horror \u2013 Holy Horror \u2013 Folge 40: Flammengrab<\/strong><br data-start=\"59\" data-end=\"62\" \/>Ein brennendes Geheimnis. Ein Ort, den man besser nicht betreten h\u00e4tte. Und ein Grauen, das selbst das Feuer nicht reinigen kann.<\/p>\n<p data-start=\"193\" data-end=\"501\">Als eine alte verlassene Industrieanlage pl\u00f6tzlich in Flammen aufgeht, sto\u00dfen die Ermittler auf eine Reihe unheimlicher Hinweise:<br data-start=\"322\" data-end=\"325\" \/>schwarze Asche, die sich gegen jede Logik verh\u00e4lt,<br data-start=\"375\" data-end=\"378\" \/>verzerrte Stimmen, die aus dem Rauch zu kommen scheinen,<br data-start=\"434\" data-end=\"437\" \/>und eine Macht, die schon lange unter der Oberfl\u00e4che schlummert.<\/p>\n<p data-start=\"503\" data-end=\"799\">Die Spur f\u00fchrt in die Vergangenheit eines Mannes, dessen Schuld niemals verziehen wurde \u2014 und dessen Rache im Flammenschein neu entfacht wird. W\u00e4hrend die Grenzen zwischen Realit\u00e4t und H\u00f6llenvision verschwimmen, wird klar:<br data-start=\"725\" data-end=\"728\" \/>Dieses Feuer frisst nicht nur alles um sich herum,<br data-start=\"778\" data-end=\"781\" \/>es verlangt Opfer.<\/p>\n<p data-start=\"801\" data-end=\"971\">D\u00fcster, unheilvoll und mit dem unverwechselbaren Holy-Horror-Ton erz\u00e4hlt \u201eFlammengrab\u201c eine Episode voller Albtraumstimmung, beklemmender Bilder und gnadenloser Spannung.<\/p>\n<p data-start=\"973\" data-end=\"1001\">\ud83d\udd0a <strong data-start=\"976\" data-end=\"1001\">Format: H\u00f6rbuch (MP3)<\/strong><\/p>\n<p data-start=\"1003\" data-end=\"1152\">\u2b07\ufe0f Sofortiger Download f\u00fcr Handy<br data-start=\"1035\" data-end=\"1038\" \/>\u2b07\ufe0f Sofortiger Download f\u00fcr PC<br data-start=\"1067\" data-end=\"1070\" \/>\u2b07\ufe0f Sofortiger Download f\u00fcrs Tablet<br data-start=\"1104\" data-end=\"1107\" \/>\u2b07\ufe0f Kompatibel mit allen MP3-f\u00e4higen Ger\u00e4ten<\/p>\n<p data-start=\"1154\" data-end=\"1190\" data-is-last-node=\"\" data-is-only-node=\"\"><strong data-start=\"1154\" data-end=\"1190\" data-is-last-node=\"\">Einmal gekauft \u2013 f\u00fcr immer dein!<\/strong><\/p>","protected":false},"excerpt":{"rendered":"<p>\ud83c\udfa7 H\u00f6rbuch Horror \u2013 Holy Horror \u2013 Folge 40: FlammengrabEin brennendes Geheimnis. Ein Ort, den man besser nicht betreten h\u00e4tte. Und ein Grauen, das selbst das Feuer nicht reinigen kann. Als eine alte verlassene Industrieanlage pl\u00f6tzlich in Flammen aufgeht, sto\u00dfen die Ermittler auf eine Reihe unheimlicher Hinweise:schwarze Asche, die sich gegen jede Logik verh\u00e4lt,verzerrte Stimmen, [&hellip;]<\/p>\n","protected":false},"featured_media":2061,"comment_status":"open","ping_status":"closed","template":"","meta":[],"product_brand":[],"product_cat":[48],"product_tag":[],"class_list":{"0":"post-2060","1":"product","2":"type-product","3":"status-publish","4":"has-post-thumbnail","6":"product_cat-grusel-geschichten","8":"first","9":"instock","10":"sale","11":"shipping-taxable","12":"purchasable","13":"product-type-simple"},"jetpack_sharing_enabled":true,"_links":{"self":[{"href":"https:\/\/audiobook-24.com\/en\/wp-json\/wp\/v2\/product\/2060","targetHints":{"allow":["GET"]}}],"collection":[{"href":"https:\/\/audiobook-24.com\/en\/wp-json\/wp\/v2\/product"}],"about":[{"href":"https:\/\/audiobook-24.com\/en\/wp-json\/wp\/v2\/types\/product"}],"replies":[{"embeddable":true,"href":"https:\/\/audiobook-24.com\/en\/wp-json\/wp\/v2\/comments?post=2060"}],"wp:featuredmedia":[{"embeddable":true,"href":"https:\/\/audiobook-24.com\/en\/wp-json\/wp\/v2\/media\/2061"}],"wp:attachment":[{"href":"https:\/\/audiobook-24.com\/en\/wp-json\/wp\/v2\/media?parent=2060"}],"wp:term":[{"taxonomy":"product_brand","embeddable":true,"href":"https:\/\/audiobook-24.com\/en\/wp-json\/wp\/v2\/product_brand?post=2060"},{"taxonomy":"product_cat","embeddable":true,"href":"https:\/\/audiobook-24.com\/en\/wp-json\/wp\/v2\/product_cat?post=2060"},{"taxonomy":"product_tag","embeddable":true,"href":"https:\/\/audiobook-24.com\/en\/wp-json\/wp\/v2\/product_tag?post=2060"}],"curies":[{"name":"wp","href":"https:\/\/api.w.org\/{rel}","templated":true}]}}