{"id":206,"date":"2025-11-14T20:38:39","date_gmt":"2025-11-14T20:38:39","guid":{"rendered":"https:\/\/audiobook-24.com\/?post_type=product&#038;p=206"},"modified":"2025-11-14T20:38:40","modified_gmt":"2025-11-14T20:38:40","slug":"erotik-hoerbuch-callboy","status":"publish","type":"product","link":"https:\/\/audiobook-24.com\/en\/product\/erotik-hoerbuch-callboy\/","title":{"rendered":"Erotik H\u00f6rbuch: Callboy"},"content":{"rendered":"<p class=\"\"><strong>Callboy\u201c<\/strong>\u00a0ist ein fesselndes erotisches H\u00f6rbuch, das Sie in die aufregende Welt der Leidenschaft und Beziehungen entf\u00fchrt. Genie\u00dfen Sie mitrei\u00dfende Erz\u00e4hlungen und lassen Sie sich von der packenden Stimme des Erz\u00e4hlers mitrei\u00dfen.<\/p>\n<p>Inhalt<\/p>\n<p class=\"\">In diesem H\u00f6rbuch erwarten Sie:<\/p>\n<ul class=\"\">\n<li class=\"\"><strong>Verf\u00fchrerische Geschichten voller Erotik und Abenteuer<\/strong><\/li>\n<li class=\"\"><strong>Intensive Charaktere und fesselnde Handlungen<\/strong><\/li>\n<li class=\"\"><strong>Einblicke in die geheimnisvolle Welt der Callboys<\/strong><\/li>\n<\/ul>\n<p>Format<\/p>\n<p class=\"\">Das H\u00f6rbuch ist im\u00a0<strong>MP3-Format<\/strong>\u00a0erh\u00e4ltlich und l\u00e4sst sich bequem auf verschiedenen Ger\u00e4ten abspielen.<\/p>\n<hr \/>\n<p class=\"\"><strong>\ud83c\udfa7 H\u00f6rbuch: Callboy &#8211; Sofort Download<\/strong><\/p>\n<p class=\"\">\ud83d\udcbb\u00a0<strong>PC<\/strong>\u00a0\ud83d\udcf1\u00a0<strong>Handy<\/strong>\u00a0\ud83d\udcf2\u00a0<strong>Tablet<\/strong>\u00a0\ud83c\udfb5\u00a0<strong>MP3 Player<\/strong><\/p>\n<p class=\"\"><strong>Laden Sie das H\u00f6rbuch herunter und tauchen Sie in die Erotik ein!<\/strong><\/p>","protected":false},"excerpt":{"rendered":"<p>Callboy\u201c\u00a0ist ein fesselndes erotisches H\u00f6rbuch, das Sie in die aufregende Welt der Leidenschaft und Beziehungen entf\u00fchrt. Genie\u00dfen Sie mitrei\u00dfende Erz\u00e4hlungen und lassen Sie sich von der packenden Stimme des Erz\u00e4hlers mitrei\u00dfen. Inhalt In diesem H\u00f6rbuch erwarten Sie: Verf\u00fchrerische Geschichten voller Erotik und Abenteuer Intensive Charaktere und fesselnde Handlungen Einblicke in die geheimnisvolle Welt der Callboys [&hellip;]<\/p>\n","protected":false},"featured_media":207,"comment_status":"open","ping_status":"closed","template":"","meta":[],"product_brand":[],"product_cat":[30],"product_tag":[],"class_list":{"0":"post-206","1":"product","2":"type-product","3":"status-publish","4":"has-post-thumbnail","6":"product_cat-erotik-hoerbuecher","8":"first","9":"instock","10":"sale","11":"virtual","12":"purchasable","13":"product-type-simple"},"jetpack_sharing_enabled":true,"_links":{"self":[{"href":"https:\/\/audiobook-24.com\/en\/wp-json\/wp\/v2\/product\/206","targetHints":{"allow":["GET"]}}],"collection":[{"href":"https:\/\/audiobook-24.com\/en\/wp-json\/wp\/v2\/product"}],"about":[{"href":"https:\/\/audiobook-24.com\/en\/wp-json\/wp\/v2\/types\/product"}],"replies":[{"embeddable":true,"href":"https:\/\/audiobook-24.com\/en\/wp-json\/wp\/v2\/comments?post=206"}],"wp:featuredmedia":[{"embeddable":true,"href":"https:\/\/audiobook-24.com\/en\/wp-json\/wp\/v2\/media\/207"}],"wp:attachment":[{"href":"https:\/\/audiobook-24.com\/en\/wp-json\/wp\/v2\/media?parent=206"}],"wp:term":[{"taxonomy":"product_brand","embeddable":true,"href":"https:\/\/audiobook-24.com\/en\/wp-json\/wp\/v2\/product_brand?post=206"},{"taxonomy":"product_cat","embeddable":true,"href":"https:\/\/audiobook-24.com\/en\/wp-json\/wp\/v2\/product_cat?post=206"},{"taxonomy":"product_tag","embeddable":true,"href":"https:\/\/audiobook-24.com\/en\/wp-json\/wp\/v2\/product_tag?post=206"}],"curies":[{"name":"wp","href":"https:\/\/api.w.org\/{rel}","templated":true}]}}