{"id":2052,"date":"2025-12-05T13:04:36","date_gmt":"2025-12-05T13:04:36","guid":{"rendered":"https:\/\/audiobook-24.com\/?post_type=product&#038;p=2052"},"modified":"2025-12-05T13:04:37","modified_gmt":"2025-12-05T13:04:37","slug":"%f0%9f%8e%a7-hoerbuch-krimi-alex-hansen-toedliche-saat","status":"publish","type":"product","link":"https:\/\/audiobook-24.com\/en\/product\/%f0%9f%8e%a7-hoerbuch-krimi-alex-hansen-toedliche-saat\/","title":{"rendered":"\ud83c\udfa7 H\u00f6rbuch Krimi \u2013 Alex Hansen \u2013 T\u00f6dliche Saat"},"content":{"rendered":"<h6 class=\"sr-only\"><\/h6>\n<div class=\"text-base my-auto mx-auto pb-10 [--thread-content-margin:--spacing(4)] @w-sm\/main:[--thread-content-margin:--spacing(6)] @w-lg\/main:[--thread-content-margin:--spacing(16)] px-(--thread-content-margin)\">\n<div class=\"[--thread-content-max-width:40rem] @w-lg\/main:[--thread-content-max-width:48rem] mx-auto max-w-(--thread-content-max-width) flex-1 group\/turn-messages focus-visible:outline-hidden relative flex w-full min-w-0 flex-col agent-turn\" tabindex=\"-1\">\n<div class=\"flex max-w-full flex-col grow\">\n<div class=\"min-h-8 text-message relative flex w-full flex-col items-end gap-2 text-start break-words whitespace-normal [.text-message+&amp;]:mt-1\" dir=\"auto\" data-message-author-role=\"assistant\" data-message-id=\"4d820d65-5550-46b3-bca5-387f13f64e64\" data-message-model-slug=\"gpt-5-1\">\n<div class=\"flex w-full flex-col gap-1 empty:hidden first:pt-[1px]\">\n<div class=\"markdown prose dark:prose-invert w-full break-words light markdown-new-styling\">\n<h2 data-start=\"0\" data-end=\"176\">\ud83c\udfa7 <strong data-start=\"3\" data-end=\"50\">H\u00f6rbuch Krimi \u2013 Alex Hansen \u2013 T\u00f6dliche Saat<\/strong><br data-start=\"50\" data-end=\"53\" \/>Ein abgelegener Hof. Ein t\u00f6dliches Geheimnis. Und ein Ermittler, der zwischen L\u00fcgen und Schweigen die Wahrheit finden muss.<\/h2>\n<p data-start=\"178\" data-end=\"506\">Als auf einem einsamen Landwirtschaftsbetrieb eine grausam zugerichtete Leiche entdeckt wird, scheint zun\u00e4chst alles auf einen tragischen Unfall hinzudeuten. Doch schnell wird klar:<br data-start=\"359\" data-end=\"362\" \/>Hier war jemand am Werk, der genau wusste, was er tat.<br data-start=\"416\" data-end=\"419\" \/>Jemand, der sich in der Gegend auskennt.<br data-start=\"459\" data-end=\"462\" \/>Jemand, der bereit ist, erneut zuzuschlagen.<\/p>\n<p data-start=\"508\" data-end=\"859\">Kommissar Malte Lorenzen \u00fcbernimmt den Fall und st\u00f6\u00dft auf eine Mauer aus Misstrauen, Angst und alten Feindschaften. Die Dorfbewohner schweigen \u2014 aus Loyalit\u00e4t oder aus Furcht? Zwischen Giftspuren, famili\u00e4ren Intrigen und einem Netz aus verdeckten Gesch\u00e4ften wird bald deutlich:<br data-start=\"785\" data-end=\"788\" \/>In dieser Gemeinschaft tr\u00e4gt jeder seinen Teil zur Ernte des B\u00f6sen bei.<\/p>\n<p data-start=\"861\" data-end=\"1009\">Atmosph\u00e4risch dicht, rural, beklemmend und bis zur letzten Minute unberechenbar \u2014 ein Krimi, der tief unter die Oberfl\u00e4che l\u00e4ndlicher Idylle blickt.<\/p>\n<p data-start=\"1011\" data-end=\"1039\">\ud83d\udd0a <strong data-start=\"1014\" data-end=\"1039\">Format: H\u00f6rbuch (MP3)<\/strong><\/p>\n<p data-start=\"1041\" data-end=\"1190\">\u2b07\ufe0f Sofortiger Download f\u00fcr Handy<br data-start=\"1073\" data-end=\"1076\" \/>\u2b07\ufe0f Sofortiger Download f\u00fcr PC<br data-start=\"1105\" data-end=\"1108\" \/>\u2b07\ufe0f Sofortiger Download f\u00fcrs Tablet<br data-start=\"1142\" data-end=\"1145\" \/>\u2b07\ufe0f Kompatibel mit allen MP3-f\u00e4higen Ger\u00e4ten<\/p>\n<p data-start=\"1192\" data-end=\"1228\" data-is-last-node=\"\" data-is-only-node=\"\"><strong data-start=\"1192\" data-end=\"1228\" data-is-last-node=\"\">Einmal gekauft \u2013 f\u00fcr immer dein!<\/strong><\/p>\n<\/div>\n<\/div>\n<\/div>\n<\/div>\n<\/div>\n<\/div>\n","protected":false},"excerpt":{"rendered":"<p>\ud83c\udfa7 H\u00f6rbuch Krimi \u2013 Alex Hansen \u2013 T\u00f6dliche SaatEin abgelegener Hof. Ein t\u00f6dliches Geheimnis. Und ein Ermittler, der zwischen L\u00fcgen und Schweigen die Wahrheit finden muss. Als auf einem einsamen Landwirtschaftsbetrieb eine grausam zugerichtete Leiche entdeckt wird, scheint zun\u00e4chst alles auf einen tragischen Unfall hinzudeuten. Doch schnell wird klar:Hier war jemand am Werk, der genau [&hellip;]<\/p>\n","protected":false},"featured_media":2054,"comment_status":"open","ping_status":"closed","template":"","meta":[],"product_brand":[],"product_cat":[19],"product_tag":[],"class_list":{"0":"post-2052","1":"product","2":"type-product","3":"status-publish","4":"has-post-thumbnail","6":"product_cat-hoerbuecher","8":"first","9":"instock","10":"sale","11":"virtual","12":"purchasable","13":"product-type-simple"},"jetpack_sharing_enabled":true,"_links":{"self":[{"href":"https:\/\/audiobook-24.com\/en\/wp-json\/wp\/v2\/product\/2052","targetHints":{"allow":["GET"]}}],"collection":[{"href":"https:\/\/audiobook-24.com\/en\/wp-json\/wp\/v2\/product"}],"about":[{"href":"https:\/\/audiobook-24.com\/en\/wp-json\/wp\/v2\/types\/product"}],"replies":[{"embeddable":true,"href":"https:\/\/audiobook-24.com\/en\/wp-json\/wp\/v2\/comments?post=2052"}],"wp:featuredmedia":[{"embeddable":true,"href":"https:\/\/audiobook-24.com\/en\/wp-json\/wp\/v2\/media\/2054"}],"wp:attachment":[{"href":"https:\/\/audiobook-24.com\/en\/wp-json\/wp\/v2\/media?parent=2052"}],"wp:term":[{"taxonomy":"product_brand","embeddable":true,"href":"https:\/\/audiobook-24.com\/en\/wp-json\/wp\/v2\/product_brand?post=2052"},{"taxonomy":"product_cat","embeddable":true,"href":"https:\/\/audiobook-24.com\/en\/wp-json\/wp\/v2\/product_cat?post=2052"},{"taxonomy":"product_tag","embeddable":true,"href":"https:\/\/audiobook-24.com\/en\/wp-json\/wp\/v2\/product_tag?post=2052"}],"curies":[{"name":"wp","href":"https:\/\/api.w.org\/{rel}","templated":true}]}}