{"id":2050,"date":"2025-12-05T12:59:19","date_gmt":"2025-12-05T12:59:19","guid":{"rendered":"https:\/\/audiobook-24.com\/?post_type=product&#038;p=2050"},"modified":"2025-12-05T12:59:19","modified_gmt":"2025-12-05T12:59:19","slug":"%f0%9f%8e%a7-hoerbuch-krimi-thomas-bogenberger-hattinger-und-der-nebel","status":"publish","type":"product","link":"https:\/\/audiobook-24.com\/en\/product\/%f0%9f%8e%a7-hoerbuch-krimi-thomas-bogenberger-hattinger-und-der-nebel\/","title":{"rendered":"\ud83c\udfa7 H\u00f6rbuch Krimi \u2013 Thomas Bogenberger \u2013 Hattinger und der Nebel"},"content":{"rendered":"<p data-start=\"0\" data-end=\"186\">\ud83c\udfa7 <strong data-start=\"3\" data-end=\"67\">H\u00f6rbuch Krimi \u2013 Thomas Bogenberger \u2013 Hattinger und der Nebel<\/strong><br data-start=\"67\" data-end=\"70\" \/>Ein mysteri\u00f6ser Todesfall. Ein Dorf im Ausnahmezustand. Und ein Kommissar, der tiefer graben muss, als ihm lieb ist.<\/p>\n<p data-start=\"188\" data-end=\"530\">Als dichter Nebel \u00fcber den Chiemgau f\u00e4llt, wird die idyllische Landschaft zur B\u00fchne eines undurchsichtigen Verbrechens. Ein Mann wird tot aufgefunden \u2014 scheinbar ein Unfall, doch Kommissar Hattinger sp\u00fcrt sofort, dass mehr dahintersteckt.<br data-start=\"426\" data-end=\"429\" \/>Zeugen widersprechen sich.<br data-start=\"455\" data-end=\"458\" \/>Spuren verlaufen im Nichts.<br data-start=\"485\" data-end=\"488\" \/>Und die Dorfbewohner schweigen hartn\u00e4ckig.<\/p>\n<p data-start=\"532\" data-end=\"836\">W\u00e4hrend Hattinger versucht, die Puzzleteile zusammenzusetzen, verdichten sich die Hinweise auf dunkle Machenschaften, alte Feindschaften und eine Wahrheit, die im Nebel verborgen bleiben sollte. Doch Hattinger l\u00e4sst nicht locker \u2014 selbst als die Grenzen zwischen T\u00e4ter und Opfer zu verschwimmen scheinen.<\/p>\n<p data-start=\"838\" data-end=\"950\">Atmosph\u00e4risch, spannend und mit feinem bayerischen Humor \u2014 ein Alpenkrimi, der dich sofort in seinen Bann zieht.<\/p>\n<p data-start=\"952\" data-end=\"980\">\ud83d\udd0a <strong data-start=\"955\" data-end=\"980\">Format: H\u00f6rbuch (MP3)<\/strong><\/p>\n<p data-start=\"982\" data-end=\"1131\">\u2b07\ufe0f Sofortiger Download f\u00fcr Handy<br data-start=\"1014\" data-end=\"1017\" \/>\u2b07\ufe0f Sofortiger Download f\u00fcr PC<br data-start=\"1046\" data-end=\"1049\" \/>\u2b07\ufe0f Sofortiger Download f\u00fcrs Tablet<br data-start=\"1083\" data-end=\"1086\" \/>\u2b07\ufe0f Kompatibel mit allen MP3-f\u00e4higen Ger\u00e4ten<\/p>\n<p data-start=\"1133\" data-end=\"1169\" data-is-last-node=\"\" data-is-only-node=\"\"><strong data-start=\"1133\" data-end=\"1169\" data-is-last-node=\"\">Einmal gekauft \u2013 f\u00fcr immer dein!<\/strong><\/p>","protected":false},"excerpt":{"rendered":"<p>\ud83c\udfa7 H\u00f6rbuch Krimi \u2013 Thomas Bogenberger \u2013 Hattinger und der NebelEin mysteri\u00f6ser Todesfall. Ein Dorf im Ausnahmezustand. Und ein Kommissar, der tiefer graben muss, als ihm lieb ist. Als dichter Nebel \u00fcber den Chiemgau f\u00e4llt, wird die idyllische Landschaft zur B\u00fchne eines undurchsichtigen Verbrechens. Ein Mann wird tot aufgefunden \u2014 scheinbar ein Unfall, doch Kommissar [&hellip;]<\/p>\n","protected":false},"featured_media":2051,"comment_status":"open","ping_status":"closed","template":"","meta":[],"product_brand":[],"product_cat":[19],"product_tag":[],"class_list":{"0":"post-2050","1":"product","2":"type-product","3":"status-publish","4":"has-post-thumbnail","6":"product_cat-hoerbuecher","8":"first","9":"instock","10":"sale","11":"virtual","12":"purchasable","13":"product-type-simple"},"jetpack_sharing_enabled":true,"_links":{"self":[{"href":"https:\/\/audiobook-24.com\/en\/wp-json\/wp\/v2\/product\/2050","targetHints":{"allow":["GET"]}}],"collection":[{"href":"https:\/\/audiobook-24.com\/en\/wp-json\/wp\/v2\/product"}],"about":[{"href":"https:\/\/audiobook-24.com\/en\/wp-json\/wp\/v2\/types\/product"}],"replies":[{"embeddable":true,"href":"https:\/\/audiobook-24.com\/en\/wp-json\/wp\/v2\/comments?post=2050"}],"wp:featuredmedia":[{"embeddable":true,"href":"https:\/\/audiobook-24.com\/en\/wp-json\/wp\/v2\/media\/2051"}],"wp:attachment":[{"href":"https:\/\/audiobook-24.com\/en\/wp-json\/wp\/v2\/media?parent=2050"}],"wp:term":[{"taxonomy":"product_brand","embeddable":true,"href":"https:\/\/audiobook-24.com\/en\/wp-json\/wp\/v2\/product_brand?post=2050"},{"taxonomy":"product_cat","embeddable":true,"href":"https:\/\/audiobook-24.com\/en\/wp-json\/wp\/v2\/product_cat?post=2050"},{"taxonomy":"product_tag","embeddable":true,"href":"https:\/\/audiobook-24.com\/en\/wp-json\/wp\/v2\/product_tag?post=2050"}],"curies":[{"name":"wp","href":"https:\/\/api.w.org\/{rel}","templated":true}]}}