{"id":2046,"date":"2025-12-05T12:50:50","date_gmt":"2025-12-05T12:50:50","guid":{"rendered":"https:\/\/audiobook-24.com\/?post_type=product&#038;p=2046"},"modified":"2025-12-05T12:50:50","modified_gmt":"2025-12-05T12:50:50","slug":"%f0%9f%8e%a7-hoerbuch-krimi-romy-hausmann-liebes-kind","status":"publish","type":"product","link":"https:\/\/audiobook-24.com\/en\/product\/%f0%9f%8e%a7-hoerbuch-krimi-romy-hausmann-liebes-kind\/","title":{"rendered":"\ud83c\udfa7 H\u00f6rbuch Krimi \u2013 Romy Hausmann \u2013 Liebes Kind"},"content":{"rendered":"<hr data-start=\"185\" data-end=\"188\" \/>\n<h1 data-start=\"190\" data-end=\"244\">\ud83c\udfa7 <strong data-start=\"195\" data-end=\"242\">H\u00f6rbuch Krimi \u2013 Romy Hausmann \u2013 Liebes Kind<\/strong><\/h1>\n<h3 data-start=\"245\" data-end=\"346\">Ein entkommenes Opfer. Eine H\u00fctte im Wald. Und eine Wahrheit, die tiefer verletzt als jede Wunde.<\/h3>\n<p data-start=\"348\" data-end=\"766\">In einer einsamen Waldh\u00fctte wird eine junge Frau gemeinsam mit zwei Kindern festgehalten \u2014 bis ihr eines Nachts die Flucht gelingt. Was f\u00fcr die Polizei wie die pl\u00f6tzliche L\u00f6sung eines uralten Vermisstenfalls aussieht, entpuppt sich schnell als Beginn eines Albtraums:<br data-start=\"615\" data-end=\"618\" \/>Nichts ist so, wie es scheint.<br data-start=\"648\" data-end=\"651\" \/>Keine Erinnerung ist zuverl\u00e4ssig.<br data-start=\"684\" data-end=\"687\" \/>Und jeder Beteiligte tr\u00e4gt ein St\u00fcck Wahrheit \u2014 und ein St\u00fcck L\u00fcge \u2014 in sich.<\/p>\n<p data-start=\"768\" data-end=\"1041\">Die Stimmen der \u00dcberlebenden zeichnen ein Bild, das sich st\u00e4ndig ver\u00e4ndert. Eine Mutter, die seit Jahren um ihr verschwundenes Kind trauert. Ein Ermittler, der die Vergangenheit nicht loslassen kann. Und ein M\u00e4dchen, das viel zu viel wei\u00df f\u00fcr ihr Alter \u2014 oder doch nicht?<\/p>\n<p data-start=\"1043\" data-end=\"1227\">Mit psychologischer Tiefe, beklemmender N\u00e4he und der st\u00e4ndigen Frage \u201eWer sagt die Wahrheit?\u201c entfaltet sich ein Thriller, der bis zur letzten Minute fesselt und keine Atempause l\u00e4sst.<\/p>\n<hr data-start=\"1229\" data-end=\"1232\" \/>\n<h3 data-start=\"1234\" data-end=\"1268\">\ud83d\udd0a <strong data-start=\"1241\" data-end=\"1266\">Format: H\u00f6rbuch (MP3)<\/strong><\/h3>\n<p data-start=\"1270\" data-end=\"1419\">\u2b07\ufe0f Sofortiger Download f\u00fcr Handy<br data-start=\"1302\" data-end=\"1305\" \/>\u2b07\ufe0f Sofortiger Download f\u00fcr PC<br data-start=\"1334\" data-end=\"1337\" \/>\u2b07\ufe0f Sofortiger Download f\u00fcrs Tablet<br data-start=\"1371\" data-end=\"1374\" \/>\u2b07\ufe0f Kompatibel mit allen MP3-f\u00e4higen Ger\u00e4ten<\/p>\n<p data-start=\"1421\" data-end=\"1458\"><strong data-start=\"1421\" data-end=\"1458\">Einmal gekauft \u2013 f\u00fcr immer deins!<\/strong><\/p>","protected":false},"excerpt":{"rendered":"<p>\ud83c\udfa7 H\u00f6rbuch Krimi \u2013 Romy Hausmann \u2013 Liebes Kind Ein entkommenes Opfer. Eine H\u00fctte im Wald. Und eine Wahrheit, die tiefer verletzt als jede Wunde. In einer einsamen Waldh\u00fctte wird eine junge Frau gemeinsam mit zwei Kindern festgehalten \u2014 bis ihr eines Nachts die Flucht gelingt. Was f\u00fcr die Polizei wie die pl\u00f6tzliche L\u00f6sung eines [&hellip;]<\/p>\n","protected":false},"featured_media":2047,"comment_status":"open","ping_status":"closed","template":"","meta":[],"product_brand":[],"product_cat":[19],"product_tag":[],"class_list":{"0":"post-2046","1":"product","2":"type-product","3":"status-publish","4":"has-post-thumbnail","6":"product_cat-hoerbuecher","8":"first","9":"instock","10":"sale","11":"virtual","12":"purchasable","13":"product-type-simple"},"jetpack_sharing_enabled":true,"_links":{"self":[{"href":"https:\/\/audiobook-24.com\/en\/wp-json\/wp\/v2\/product\/2046","targetHints":{"allow":["GET"]}}],"collection":[{"href":"https:\/\/audiobook-24.com\/en\/wp-json\/wp\/v2\/product"}],"about":[{"href":"https:\/\/audiobook-24.com\/en\/wp-json\/wp\/v2\/types\/product"}],"replies":[{"embeddable":true,"href":"https:\/\/audiobook-24.com\/en\/wp-json\/wp\/v2\/comments?post=2046"}],"wp:featuredmedia":[{"embeddable":true,"href":"https:\/\/audiobook-24.com\/en\/wp-json\/wp\/v2\/media\/2047"}],"wp:attachment":[{"href":"https:\/\/audiobook-24.com\/en\/wp-json\/wp\/v2\/media?parent=2046"}],"wp:term":[{"taxonomy":"product_brand","embeddable":true,"href":"https:\/\/audiobook-24.com\/en\/wp-json\/wp\/v2\/product_brand?post=2046"},{"taxonomy":"product_cat","embeddable":true,"href":"https:\/\/audiobook-24.com\/en\/wp-json\/wp\/v2\/product_cat?post=2046"},{"taxonomy":"product_tag","embeddable":true,"href":"https:\/\/audiobook-24.com\/en\/wp-json\/wp\/v2\/product_tag?post=2046"}],"curies":[{"name":"wp","href":"https:\/\/api.w.org\/{rel}","templated":true}]}}