{"id":2032,"date":"2025-12-05T10:13:45","date_gmt":"2025-12-05T10:13:45","guid":{"rendered":"https:\/\/audiobook-24.com\/?post_type=product&#038;p=2032"},"modified":"2025-12-05T10:13:45","modified_gmt":"2025-12-05T10:13:45","slug":"%f0%9f%8e%a7-erotik-hoerspiel-valerie-nilon-die-masseurin","status":"publish","type":"product","link":"https:\/\/audiobook-24.com\/en\/product\/%f0%9f%8e%a7-erotik-hoerspiel-valerie-nilon-die-masseurin\/","title":{"rendered":"\ud83c\udfa7 Erotik H\u00f6rspiel \u2013 Valerie Nilon \u2013 Die Masseurin"},"content":{"rendered":"<h1 data-start=\"251\" data-end=\"309\">\ud83c\udfa7 <strong data-start=\"256\" data-end=\"307\">Erotik H\u00f6rspiel \u2013 Valerie Nilon \u2013 Die Masseurin<\/strong><\/h1>\n<h3 data-start=\"310\" data-end=\"420\">Sanfte Ber\u00fchrungen, spannende N\u00e4he \u2013 und eine Frau, die genau wei\u00df, wie viel Kraft in ihren H\u00e4nden steckt.<\/h3>\n<p data-start=\"422\" data-end=\"765\">In <strong data-start=\"425\" data-end=\"444\">\u201eDie Masseurin\u201c<\/strong> begleitet Valerie Nilon eine <strong data-start=\"474\" data-end=\"493\">erwachsene Frau<\/strong>, die beruflich Massagen anbietet \u2013 professionell, selbstbewusst und mit einer Ausstrahlung, die Ruhe und Sinnlichkeit zugleich vermittelt. Sie liebt die Kunst der Ber\u00fchrung, die Konzentration, den Atemrhythmus, die W\u00e4rme ihrer H\u00e4nde auf der Haut eines anderen Menschen.<\/p>\n<p data-start=\"767\" data-end=\"1062\">Manche ihrer Kund:innen kommen wegen Verspannungen, andere wegen Stress \u2013 doch mit manchen entsteht eine besondere Art von N\u00e4he. Ein Blick, der l\u00e4nger dauert. Ein Moment, der intensiver wirkt. Ein leises Kribbeln in der Luft, das nicht geplant ist, aber dennoch sp\u00fcrbar zwischen ihnen schwebt.<\/p>\n<p data-start=\"1064\" data-end=\"1386\">Als sie eines Tages auf einen Stammkunden trifft, mit dem schon lange eine unausgesprochene Spannung existiert, beginnt ein Spiel aus Vertrauen, Hingabe und achtsamer Ann\u00e4herung. Jede Ber\u00fchrung erz\u00e4hlt eine Geschichte \u2013 ruhig, respektvoll und mit einer sinnlichen Tiefe, die weit \u00fcber k\u00f6rperliche Entspannung hinausgeht.<\/p>\n<p data-start=\"1388\" data-end=\"1521\">Professionell eingesprochen entfaltet diese Geschichte eine sanft-erotische Atmosph\u00e4re voller W\u00e4rme, Gef\u00fchl und erwachsener Fantasie.<\/p>\n<hr data-start=\"1523\" data-end=\"1526\" \/>\n<h3 data-start=\"1528\" data-end=\"1563\">\ud83d\udd0a <strong data-start=\"1535\" data-end=\"1561\">Format: H\u00f6rspiel (MP3)<\/strong><\/h3>\n<p data-start=\"1565\" data-end=\"1714\">\u2b07\ufe0f Sofortiger Download f\u00fcr Handy<br data-start=\"1597\" data-end=\"1600\" \/>\u2b07\ufe0f Sofortiger Download f\u00fcr PC<br data-start=\"1629\" data-end=\"1632\" \/>\u2b07\ufe0f Sofortiger Download f\u00fcrs Tablet<br data-start=\"1666\" data-end=\"1669\" \/>\u2b07\ufe0f Kompatibel mit allen MP3-f\u00e4higen Ger\u00e4ten<\/p>\n<p data-start=\"1716\" data-end=\"1753\"><strong data-start=\"1716\" data-end=\"1753\">Einmal gekauft \u2013 f\u00fcr immer deins!<\/strong><\/p>","protected":false},"excerpt":{"rendered":"<p>\ud83c\udfa7 Erotik H\u00f6rspiel \u2013 Valerie Nilon \u2013 Die Masseurin Sanfte Ber\u00fchrungen, spannende N\u00e4he \u2013 und eine Frau, die genau wei\u00df, wie viel Kraft in ihren H\u00e4nden steckt. In \u201eDie Masseurin\u201c begleitet Valerie Nilon eine erwachsene Frau, die beruflich Massagen anbietet \u2013 professionell, selbstbewusst und mit einer Ausstrahlung, die Ruhe und Sinnlichkeit zugleich vermittelt. Sie liebt [&hellip;]<\/p>\n","protected":false},"featured_media":2034,"comment_status":"open","ping_status":"closed","template":"","meta":[],"product_brand":[],"product_cat":[30],"product_tag":[],"class_list":{"0":"post-2032","1":"product","2":"type-product","3":"status-publish","4":"has-post-thumbnail","6":"product_cat-erotik-hoerbuecher","8":"first","9":"instock","10":"sale","11":"virtual","12":"purchasable","13":"product-type-simple"},"jetpack_sharing_enabled":true,"_links":{"self":[{"href":"https:\/\/audiobook-24.com\/en\/wp-json\/wp\/v2\/product\/2032","targetHints":{"allow":["GET"]}}],"collection":[{"href":"https:\/\/audiobook-24.com\/en\/wp-json\/wp\/v2\/product"}],"about":[{"href":"https:\/\/audiobook-24.com\/en\/wp-json\/wp\/v2\/types\/product"}],"replies":[{"embeddable":true,"href":"https:\/\/audiobook-24.com\/en\/wp-json\/wp\/v2\/comments?post=2032"}],"wp:featuredmedia":[{"embeddable":true,"href":"https:\/\/audiobook-24.com\/en\/wp-json\/wp\/v2\/media\/2034"}],"wp:attachment":[{"href":"https:\/\/audiobook-24.com\/en\/wp-json\/wp\/v2\/media?parent=2032"}],"wp:term":[{"taxonomy":"product_brand","embeddable":true,"href":"https:\/\/audiobook-24.com\/en\/wp-json\/wp\/v2\/product_brand?post=2032"},{"taxonomy":"product_cat","embeddable":true,"href":"https:\/\/audiobook-24.com\/en\/wp-json\/wp\/v2\/product_cat?post=2032"},{"taxonomy":"product_tag","embeddable":true,"href":"https:\/\/audiobook-24.com\/en\/wp-json\/wp\/v2\/product_tag?post=2032"}],"curies":[{"name":"wp","href":"https:\/\/api.w.org\/{rel}","templated":true}]}}