{"id":2028,"date":"2025-12-05T12:39:35","date_gmt":"2025-12-05T12:39:35","guid":{"rendered":"https:\/\/audiobook-24.com\/?post_type=product&#038;p=2028"},"modified":"2025-12-05T12:39:35","modified_gmt":"2025-12-05T12:39:35","slug":"%f0%9f%8e%a7-hoerspiel-krimi-megan-miranda-tick-tack-wie-lange-kannst-du-luegen","status":"publish","type":"product","link":"https:\/\/audiobook-24.com\/en\/product\/%f0%9f%8e%a7-hoerspiel-krimi-megan-miranda-tick-tack-wie-lange-kannst-du-luegen\/","title":{"rendered":"\ud83c\udfa7 H\u00f6rspiel Krimi \u2013 Megan Miranda \u2013 Tick Tack \u2013 Wie lange kannst du l\u00fcgen?"},"content":{"rendered":"<h1 data-start=\"178\" data-end=\"260\">\ud83c\udfa7 <strong data-start=\"183\" data-end=\"258\">H\u00f6rspiel Krimi \u2013 Megan Miranda \u2013 Tick Tack \u2013 Wie lange kannst du l\u00fcgen?<\/strong><\/h1>\n<h3 data-start=\"261\" data-end=\"403\">Eine vermisste Freundin. Eine kleine Stadt voller Geheimnisse. Und eine Frau, deren Vergangenheit sie schneller einholt, als ihr lieb ist.<\/h3>\n<p data-start=\"405\" data-end=\"696\">Als <strong data-start=\"409\" data-end=\"430\">Nicolette Farrell<\/strong> nach zehn Jahren in ihre Heimatstadt zur\u00fcckkehrt, wird sie sofort mit einem ungel\u00f6sten Fall konfrontiert: dem mysteri\u00f6sen Verschwinden ihrer besten Freundin. Damals geriet die ganze Stadt in Aufruhr \u2013 und Nicolette selbst stand im Mittelpunkt der Verd\u00e4chtigungen.<\/p>\n<p data-start=\"698\" data-end=\"1047\">Doch kaum ist sie wieder da, verschwindet eine weitere junge Frau. Die Parallelen sind unheimlich, die Spuren widerspr\u00fcchlich, und in den engen Stra\u00dfen der Kleinstadt wird jeder Blick zum Verdacht. Alte Freundschaften zerbrechen erneut, L\u00fcgen brechen auf, und die Vergangenheit sitzt Nicolette im Nacken wie ein Schatten, der nie verschwunden ist.<\/p>\n<p data-start=\"1049\" data-end=\"1222\">W\u00e4hrend sich Vergangenheit und Gegenwart immer dichter verweben, wird klar:<br data-start=\"1124\" data-end=\"1127\" \/><strong data-start=\"1127\" data-end=\"1220\">Jede Erinnerung kann tr\u00fcgen. Jeder Zeuge kann l\u00fcgen. Und jede Wahrheit kann t\u00f6dlich sein.<\/strong><\/p>\n<p data-start=\"1224\" data-end=\"1324\">Ein intensiver, psychologisch dichter Thriller, bei dem die Zeit gnadenlos gegen die Wahrheit tickt.<\/p>\n<hr data-start=\"1326\" data-end=\"1329\" \/>\n<h3 data-start=\"1331\" data-end=\"1366\">\ud83d\udd0a <strong data-start=\"1338\" data-end=\"1364\">Format: H\u00f6rspiel (MP3)<\/strong><\/h3>\n<p data-start=\"1368\" data-end=\"1517\">\u2b07\ufe0f Sofortiger Download f\u00fcr Handy<br data-start=\"1400\" data-end=\"1403\" \/>\u2b07\ufe0f Sofortiger Download f\u00fcr PC<br data-start=\"1432\" data-end=\"1435\" \/>\u2b07\ufe0f Sofortiger Download f\u00fcrs Tablet<br data-start=\"1469\" data-end=\"1472\" \/>\u2b07\ufe0f Kompatibel mit allen MP3-f\u00e4higen Ger\u00e4ten<\/p>\n<p data-start=\"1519\" data-end=\"1556\"><strong data-start=\"1519\" data-end=\"1556\">Einmal gekauft \u2013 f\u00fcr immer deins!<\/strong><\/p>","protected":false},"excerpt":{"rendered":"<p>\ud83c\udfa7 H\u00f6rspiel Krimi \u2013 Megan Miranda \u2013 Tick Tack \u2013 Wie lange kannst du l\u00fcgen? Eine vermisste Freundin. Eine kleine Stadt voller Geheimnisse. Und eine Frau, deren Vergangenheit sie schneller einholt, als ihr lieb ist. Als Nicolette Farrell nach zehn Jahren in ihre Heimatstadt zur\u00fcckkehrt, wird sie sofort mit einem ungel\u00f6sten Fall konfrontiert: dem mysteri\u00f6sen [&hellip;]<\/p>\n","protected":false},"featured_media":2042,"comment_status":"open","ping_status":"closed","template":"","meta":[],"product_brand":[],"product_cat":[34],"product_tag":[],"class_list":{"0":"post-2028","1":"product","2":"type-product","3":"status-publish","4":"has-post-thumbnail","6":"product_cat-hoerspiel-krimi","8":"first","9":"instock","10":"sale","11":"virtual","12":"purchasable","13":"product-type-simple"},"jetpack_sharing_enabled":true,"_links":{"self":[{"href":"https:\/\/audiobook-24.com\/en\/wp-json\/wp\/v2\/product\/2028","targetHints":{"allow":["GET"]}}],"collection":[{"href":"https:\/\/audiobook-24.com\/en\/wp-json\/wp\/v2\/product"}],"about":[{"href":"https:\/\/audiobook-24.com\/en\/wp-json\/wp\/v2\/types\/product"}],"replies":[{"embeddable":true,"href":"https:\/\/audiobook-24.com\/en\/wp-json\/wp\/v2\/comments?post=2028"}],"wp:featuredmedia":[{"embeddable":true,"href":"https:\/\/audiobook-24.com\/en\/wp-json\/wp\/v2\/media\/2042"}],"wp:attachment":[{"href":"https:\/\/audiobook-24.com\/en\/wp-json\/wp\/v2\/media?parent=2028"}],"wp:term":[{"taxonomy":"product_brand","embeddable":true,"href":"https:\/\/audiobook-24.com\/en\/wp-json\/wp\/v2\/product_brand?post=2028"},{"taxonomy":"product_cat","embeddable":true,"href":"https:\/\/audiobook-24.com\/en\/wp-json\/wp\/v2\/product_cat?post=2028"},{"taxonomy":"product_tag","embeddable":true,"href":"https:\/\/audiobook-24.com\/en\/wp-json\/wp\/v2\/product_tag?post=2028"}],"curies":[{"name":"wp","href":"https:\/\/api.w.org\/{rel}","templated":true}]}}