{"id":2013,"date":"2025-12-03T10:29:28","date_gmt":"2025-12-03T10:29:28","guid":{"rendered":"https:\/\/audiobook-24.com\/?post_type=product&#038;p=2013"},"modified":"2025-12-03T10:29:28","modified_gmt":"2025-12-03T10:29:28","slug":"%f0%9f%93%b1-erotik-e-reader-gallery-magazine-2019-01","status":"publish","type":"product","link":"https:\/\/audiobook-24.com\/en\/product\/%f0%9f%93%b1-erotik-e-reader-gallery-magazine-2019-01\/","title":{"rendered":"\ud83d\udcf1 Erotik E-Reader \u2013 Gallery Magazine \u2013 2019 \/ 01"},"content":{"rendered":"<h1 data-start=\"233\" data-end=\"290\">\ud83d\udcf1 <strong data-start=\"238\" data-end=\"288\">Erotik E-Reader \u2013 Gallery Magazine \u2013 2019 \/ 01<\/strong><\/h1>\n<h3 data-start=\"291\" data-end=\"381\">Klare \u00c4sthetik, lebendige Sinnlichkeit \u2013 eine moderne Ausgabe mit vollj\u00e4hrigen Models.<\/h3>\n<p data-start=\"383\" data-end=\"722\">Die <strong data-start=\"387\" data-end=\"427\">Gallery Magazine \u2013 Ausgabe 01 \/ 2019<\/strong> pr\u00e4sentiert professionell gestaltete Fotoserien mit <strong data-start=\"480\" data-end=\"520\">selbstbewussten, vollj\u00e4hrigen Models<\/strong>, die in frischen, modernen Bildwelten in Szene gesetzt wurden. Die Kombination aus klaren Farben, weichem Licht und eleganten Kompositionen verleiht der Ausgabe eine zeitgem\u00e4\u00dfe, stilvolle Atmosph\u00e4re.<\/p>\n<p data-start=\"724\" data-end=\"937\">Jede Fotostrecke setzt auf Ausdruck, Nat\u00fcrlichkeit und geschmackvolle Sinnlichkeit. Die Darstellung bleibt hochwertig, visuell harmonisch und konzentriert sich auf \u00e4sthetische Erotikfotografie statt Provokation.<\/p>\n<p data-start=\"939\" data-end=\"1060\"><strong data-start=\"939\" data-end=\"1060\">Ein ideales Magazin f\u00fcr alle, die moderne, erwachsene Erotik in k\u00fcnstlerischer und hochwertiger Bildsprache sch\u00e4tzen.<\/strong><\/p>\n<hr data-start=\"1062\" data-end=\"1065\" \/>\n<h3 data-start=\"1067\" data-end=\"1100\">\ud83d\udcd8 <strong data-start=\"1074\" data-end=\"1098\">Format: E-Book (PDF)<\/strong><\/h3>\n<p data-start=\"1102\" data-end=\"1237\">\u2b07\ufe0f Sofortiger Download f\u00fcr Handy<br data-start=\"1134\" data-end=\"1137\" \/>\u2b07\ufe0f Sofortiger Download f\u00fcr PC<br data-start=\"1166\" data-end=\"1169\" \/>\u2b07\ufe0f Sofortiger Download f\u00fcrs Tablet<br data-start=\"1203\" data-end=\"1206\" \/>\u2b07\ufe0f F\u00fcr alle E-Reader geeignet<\/p>\n<p data-start=\"1239\" data-end=\"1276\"><strong data-start=\"1239\" data-end=\"1276\">Einmal gekauft \u2013 f\u00fcr immer deins!<\/strong><\/p>","protected":false},"excerpt":{"rendered":"<p>\ud83d\udcf1 Erotik E-Reader \u2013 Gallery Magazine \u2013 2019 \/ 01 Klare \u00c4sthetik, lebendige Sinnlichkeit \u2013 eine moderne Ausgabe mit vollj\u00e4hrigen Models. Die Gallery Magazine \u2013 Ausgabe 01 \/ 2019 pr\u00e4sentiert professionell gestaltete Fotoserien mit selbstbewussten, vollj\u00e4hrigen Models, die in frischen, modernen Bildwelten in Szene gesetzt wurden. Die Kombination aus klaren Farben, weichem Licht und eleganten [&hellip;]<\/p>\n","protected":false},"featured_media":2014,"comment_status":"open","ping_status":"closed","template":"","meta":[],"product_brand":[],"product_cat":[45],"product_tag":[],"class_list":{"0":"post-2013","1":"product","2":"type-product","3":"status-publish","4":"has-post-thumbnail","6":"product_cat-finally-legal-erotikmagazin","8":"first","9":"instock","10":"sale","11":"virtual","12":"purchasable","13":"product-type-simple"},"jetpack_sharing_enabled":true,"_links":{"self":[{"href":"https:\/\/audiobook-24.com\/en\/wp-json\/wp\/v2\/product\/2013","targetHints":{"allow":["GET"]}}],"collection":[{"href":"https:\/\/audiobook-24.com\/en\/wp-json\/wp\/v2\/product"}],"about":[{"href":"https:\/\/audiobook-24.com\/en\/wp-json\/wp\/v2\/types\/product"}],"replies":[{"embeddable":true,"href":"https:\/\/audiobook-24.com\/en\/wp-json\/wp\/v2\/comments?post=2013"}],"wp:featuredmedia":[{"embeddable":true,"href":"https:\/\/audiobook-24.com\/en\/wp-json\/wp\/v2\/media\/2014"}],"wp:attachment":[{"href":"https:\/\/audiobook-24.com\/en\/wp-json\/wp\/v2\/media?parent=2013"}],"wp:term":[{"taxonomy":"product_brand","embeddable":true,"href":"https:\/\/audiobook-24.com\/en\/wp-json\/wp\/v2\/product_brand?post=2013"},{"taxonomy":"product_cat","embeddable":true,"href":"https:\/\/audiobook-24.com\/en\/wp-json\/wp\/v2\/product_cat?post=2013"},{"taxonomy":"product_tag","embeddable":true,"href":"https:\/\/audiobook-24.com\/en\/wp-json\/wp\/v2\/product_tag?post=2013"}],"curies":[{"name":"wp","href":"https:\/\/api.w.org\/{rel}","templated":true}]}}