{"id":2008,"date":"2025-12-03T10:23:06","date_gmt":"2025-12-03T10:23:06","guid":{"rendered":"https:\/\/audiobook-24.com\/?post_type=product&#038;p=2008"},"modified":"2025-12-03T10:23:31","modified_gmt":"2025-12-03T10:23:31","slug":"%f0%9f%93%b1-erotik-e-reader-gallery-magazine-2018-09","status":"publish","type":"product","link":"https:\/\/audiobook-24.com\/en\/product\/%f0%9f%93%b1-erotik-e-reader-gallery-magazine-2018-09\/","title":{"rendered":"\ud83d\udcf1 Erotik E-Reader \u2013 Gallery Magazine \u2013 2018 \/ 09"},"content":{"rendered":"<h1 data-start=\"269\" data-end=\"326\">\ud83d\udcf1 <strong data-start=\"274\" data-end=\"324\">Erotik E-Reader \u2013 Gallery Magazine \u2013 2018 \/ 09<\/strong><\/h1>\n<h3 data-start=\"327\" data-end=\"427\">Ausdrucksstarke Fotokunst, moderne Sinnlichkeit \u2013 eine elegante Ausgabe mit vollj\u00e4hrigen Models.<\/h3>\n<p data-start=\"429\" data-end=\"765\">Die <strong data-start=\"433\" data-end=\"473\">Gallery Magazine \u2013 Ausgabe 09 \/ 2018<\/strong> pr\u00e4sentiert eindrucksvoll gestaltete Fotoserien mit <strong data-start=\"526\" data-end=\"566\">selbstbewussten, vollj\u00e4hrigen Models<\/strong>, die in zeitgem\u00e4\u00dfer, stilvoller Bildsprache inszeniert wurden. Sanfte Farben, klare Linien und professionelle Kompositionen verleihen der Ausgabe eine hochwertige, visuell ansprechende Atmosph\u00e4re.<\/p>\n<p data-start=\"767\" data-end=\"1053\">Die Fotostrecken verbinden nat\u00fcrliche Ausstrahlung, dezente Erotik und ein modernes, k\u00fcnstlerisches Design. Jede Serie bleibt geschmackvoll, \u00e4sthetisch und legt Wert auf Pers\u00f6nlichkeit, Eleganz und fotografische Qualit\u00e4t \u2013 perfekt f\u00fcr Liebhaber visueller Sinnlichkeit ohne \u00dcbertreibung.<\/p>\n<p data-start=\"1055\" data-end=\"1131\"><strong data-start=\"1055\" data-end=\"1131\">Eine Ausgabe, die moderne Erotikfotografie auf hohem Niveau pr\u00e4sentiert.<\/strong><\/p>\n<hr data-start=\"1133\" data-end=\"1136\" \/>\n<h3 data-start=\"1138\" data-end=\"1171\">\ud83d\udcd8 <strong data-start=\"1145\" data-end=\"1169\">Format: E-Book (PDF)<\/strong><\/h3>\n<p data-start=\"1173\" data-end=\"1308\">\u2b07\ufe0f Sofortiger Download f\u00fcr Handy<br data-start=\"1205\" data-end=\"1208\" \/>\u2b07\ufe0f Sofortiger Download f\u00fcr PC<br data-start=\"1237\" data-end=\"1240\" \/>\u2b07\ufe0f Sofortiger Download f\u00fcrs Tablet<br data-start=\"1274\" data-end=\"1277\" \/>\u2b07\ufe0f F\u00fcr alle E-Reader geeignet<\/p>\n<p data-start=\"1310\" data-end=\"1347\"><strong data-start=\"1310\" data-end=\"1347\">Einmal gekauft \u2013 f\u00fcr immer deins!<\/strong><\/p>","protected":false},"excerpt":{"rendered":"<p>\ud83d\udcf1 Erotik E-Reader \u2013 Gallery Magazine \u2013 2018 \/ 09 Ausdrucksstarke Fotokunst, moderne Sinnlichkeit \u2013 eine elegante Ausgabe mit vollj\u00e4hrigen Models. Die Gallery Magazine \u2013 Ausgabe 09 \/ 2018 pr\u00e4sentiert eindrucksvoll gestaltete Fotoserien mit selbstbewussten, vollj\u00e4hrigen Models, die in zeitgem\u00e4\u00dfer, stilvoller Bildsprache inszeniert wurden. Sanfte Farben, klare Linien und professionelle Kompositionen verleihen der Ausgabe eine [&hellip;]<\/p>\n","protected":false},"featured_media":2010,"comment_status":"open","ping_status":"closed","template":"","meta":[],"product_brand":[],"product_cat":[45],"product_tag":[],"class_list":{"0":"post-2008","1":"product","2":"type-product","3":"status-publish","4":"has-post-thumbnail","6":"product_cat-finally-legal-erotikmagazin","8":"first","9":"instock","10":"sale","11":"virtual","12":"purchasable","13":"product-type-simple"},"jetpack_sharing_enabled":true,"_links":{"self":[{"href":"https:\/\/audiobook-24.com\/en\/wp-json\/wp\/v2\/product\/2008","targetHints":{"allow":["GET"]}}],"collection":[{"href":"https:\/\/audiobook-24.com\/en\/wp-json\/wp\/v2\/product"}],"about":[{"href":"https:\/\/audiobook-24.com\/en\/wp-json\/wp\/v2\/types\/product"}],"replies":[{"embeddable":true,"href":"https:\/\/audiobook-24.com\/en\/wp-json\/wp\/v2\/comments?post=2008"}],"wp:featuredmedia":[{"embeddable":true,"href":"https:\/\/audiobook-24.com\/en\/wp-json\/wp\/v2\/media\/2010"}],"wp:attachment":[{"href":"https:\/\/audiobook-24.com\/en\/wp-json\/wp\/v2\/media?parent=2008"}],"wp:term":[{"taxonomy":"product_brand","embeddable":true,"href":"https:\/\/audiobook-24.com\/en\/wp-json\/wp\/v2\/product_brand?post=2008"},{"taxonomy":"product_cat","embeddable":true,"href":"https:\/\/audiobook-24.com\/en\/wp-json\/wp\/v2\/product_cat?post=2008"},{"taxonomy":"product_tag","embeddable":true,"href":"https:\/\/audiobook-24.com\/en\/wp-json\/wp\/v2\/product_tag?post=2008"}],"curies":[{"name":"wp","href":"https:\/\/api.w.org\/{rel}","templated":true}]}}