{"id":2002,"date":"2025-12-03T09:51:30","date_gmt":"2025-12-03T09:51:30","guid":{"rendered":"https:\/\/audiobook-24.com\/?post_type=product&#038;p=2002"},"modified":"2025-12-03T10:36:16","modified_gmt":"2025-12-03T10:36:16","slug":"%f0%9f%93%b1-erotik-e-reader-gallery-magazine-2018-07","status":"publish","type":"product","link":"https:\/\/audiobook-24.com\/en\/product\/%f0%9f%93%b1-erotik-e-reader-gallery-magazine-2018-07\/","title":{"rendered":"\ud83d\udcf1 Erotik E-Reader \u2013 Gallery Magazine \u2013 2018 \/ 07"},"content":{"rendered":"<h1 data-start=\"178\" data-end=\"235\">\ud83d\udcf1 <strong data-start=\"183\" data-end=\"233\">Erotik E-Reader \u2013 Gallery Magazine \u2013 2018 \/ 07<\/strong><\/h1>\n<h3 data-start=\"236\" data-end=\"327\">Stilvolle Erotik, moderne Fotokunst \u2013 eine hochwertige Ausgabe mit vollj\u00e4hrigen Models.<\/h3>\n<p data-start=\"329\" data-end=\"696\">Die <strong data-start=\"333\" data-end=\"373\">Gallery Magazine \u2013 Ausgabe 07 \/ 2018<\/strong> pr\u00e4sentiert \u00e4sthetisch gestaltete Fotoserien mit <strong data-start=\"423\" data-end=\"463\">selbstbewussten, vollj\u00e4hrigen Models<\/strong>, die in eleganten, hochwertigen Bildwelten inszeniert wurden. Die Ausgabe kombiniert klare Linien, nat\u00fcrliche Lichtstimmung und moderne Farbgestaltung zu einer zeitgem\u00e4\u00dfen Erotikoptik, die Stil und Sinnlichkeit harmonisch vereint.<\/p>\n<p data-start=\"698\" data-end=\"961\">Die Fotostrecken setzen auf Ausdruckskraft, nat\u00fcrliche Sch\u00f6nheit und eine ansprechende Balance zwischen Verf\u00fchrung und Eleganz. Jede Serie bleibt geschmackvoll, professionell fotografiert und legt den Fokus auf k\u00fcnstlerische Pr\u00e4sentation, nicht auf Provokation.<\/p>\n<p data-start=\"963\" data-end=\"1096\"><strong data-start=\"963\" data-end=\"1096\">Eine Ausgabe f\u00fcr alle, die hochwertige Erotikfotografie, moderne \u00c4sthetik und erwachsene Models in stilvoller Umsetzung sch\u00e4tzen.<\/strong><\/p>\n<hr data-start=\"1098\" data-end=\"1101\" \/>\n<h3 data-start=\"1103\" data-end=\"1141\">\ud83d\udcd8 <strong data-start=\"1110\" data-end=\"1139\">Format: E-Book (EPUB\/PDF)<\/strong><\/h3>\n<p data-start=\"1143\" data-end=\"1278\">\u2b07\ufe0f Sofortiger Download f\u00fcr Handy<br data-start=\"1175\" data-end=\"1178\" \/>\u2b07\ufe0f Sofortiger Download f\u00fcr PC<br data-start=\"1207\" data-end=\"1210\" \/>\u2b07\ufe0f Sofortiger Download f\u00fcrs Tablet<br data-start=\"1244\" data-end=\"1247\" \/>\u2b07\ufe0f F\u00fcr alle E-Reader geeignet<\/p>\n<p data-start=\"1280\" data-end=\"1317\"><strong data-start=\"1280\" data-end=\"1317\">Einmal gekauft \u2013 f\u00fcr immer deins!<\/strong><\/p>","protected":false},"excerpt":{"rendered":"<p>\ud83d\udcf1 Erotik E-Reader \u2013 Gallery Magazine \u2013 2018 \/ 07 Stilvolle Erotik, moderne Fotokunst \u2013 eine hochwertige Ausgabe mit vollj\u00e4hrigen Models. Die Gallery Magazine \u2013 Ausgabe 07 \/ 2018 pr\u00e4sentiert \u00e4sthetisch gestaltete Fotoserien mit selbstbewussten, vollj\u00e4hrigen Models, die in eleganten, hochwertigen Bildwelten inszeniert wurden. Die Ausgabe kombiniert klare Linien, nat\u00fcrliche Lichtstimmung und moderne Farbgestaltung zu [&hellip;]<\/p>\n","protected":false},"featured_media":2003,"comment_status":"open","ping_status":"closed","template":"","meta":[],"product_brand":[],"product_cat":[45],"product_tag":[],"class_list":{"0":"post-2002","1":"product","2":"type-product","3":"status-publish","4":"has-post-thumbnail","6":"product_cat-finally-legal-erotikmagazin","8":"first","9":"instock","10":"sale","11":"virtual","12":"purchasable","13":"product-type-simple"},"jetpack_sharing_enabled":true,"_links":{"self":[{"href":"https:\/\/audiobook-24.com\/en\/wp-json\/wp\/v2\/product\/2002","targetHints":{"allow":["GET"]}}],"collection":[{"href":"https:\/\/audiobook-24.com\/en\/wp-json\/wp\/v2\/product"}],"about":[{"href":"https:\/\/audiobook-24.com\/en\/wp-json\/wp\/v2\/types\/product"}],"replies":[{"embeddable":true,"href":"https:\/\/audiobook-24.com\/en\/wp-json\/wp\/v2\/comments?post=2002"}],"wp:featuredmedia":[{"embeddable":true,"href":"https:\/\/audiobook-24.com\/en\/wp-json\/wp\/v2\/media\/2003"}],"wp:attachment":[{"href":"https:\/\/audiobook-24.com\/en\/wp-json\/wp\/v2\/media?parent=2002"}],"wp:term":[{"taxonomy":"product_brand","embeddable":true,"href":"https:\/\/audiobook-24.com\/en\/wp-json\/wp\/v2\/product_brand?post=2002"},{"taxonomy":"product_cat","embeddable":true,"href":"https:\/\/audiobook-24.com\/en\/wp-json\/wp\/v2\/product_cat?post=2002"},{"taxonomy":"product_tag","embeddable":true,"href":"https:\/\/audiobook-24.com\/en\/wp-json\/wp\/v2\/product_tag?post=2002"}],"curies":[{"name":"wp","href":"https:\/\/api.w.org\/{rel}","templated":true}]}}