{"id":1994,"date":"2025-12-02T16:12:57","date_gmt":"2025-12-02T16:12:57","guid":{"rendered":"https:\/\/audiobook-24.com\/?post_type=product&#038;p=1994"},"modified":"2025-12-02T16:22:49","modified_gmt":"2025-12-02T16:22:49","slug":"%f0%9f%8e%a7-hoerspiel-krimi-rita-falk-die-grosse-eberhofer-hoerspiel-box","status":"publish","type":"product","link":"https:\/\/audiobook-24.com\/en\/product\/%f0%9f%8e%a7-hoerspiel-krimi-rita-falk-die-grosse-eberhofer-hoerspiel-box\/","title":{"rendered":"\ud83c\udfa7 H\u00f6rspiel Krimi \u2013 Rita Falk \u2013 Die gro\u00dfe Eberhofer-H\u00f6rspiel-Box"},"content":{"rendered":"<h1 data-start=\"187\" data-end=\"259\">\ud83c\udfa7 <strong data-start=\"192\" data-end=\"257\">H\u00f6rspiel Krimi \u2013 Rita Falk \u2013 Die gro\u00dfe Eberhofer-H\u00f6rspiel-Box<\/strong><\/h1>\n<h3 data-start=\"260\" data-end=\"380\">Niederkaltenkirchen pur \u2013 alle F\u00e4lle, alle Eskapaden und der unverwechselbare Eberhofer-Humor in einer einzigen Box.<\/h3>\n<p data-start=\"382\" data-end=\"730\">Die <strong data-start=\"386\" data-end=\"418\">gro\u00dfe Eberhofer-H\u00f6rspiel-Box<\/strong> vereint die kultigen F\u00e4lle des niederbayerischen Dorfpolizisten <strong data-start=\"483\" data-end=\"502\">Franz Eberhofer<\/strong> in einer Sammlung voller Witz, Spannung und bayerischer Lebensart. Vom Schweinskopf im Briefkasten \u00fcber explosive Dorffeste bis hin zu den wildesten Familieneskalationen \u2013 hier ist alles drin, was die beliebte Reihe ausmacht.<\/p>\n<p data-start=\"732\" data-end=\"1000\">Franz k\u00e4mpft mit Mordf\u00e4llen, Dorfger\u00fcchten, Rudi Birkenbergers \u201eUnterst\u00fctzung\u201c, der unerm\u00fcdlichen Oma und dem ganz normalen Wahnsinn in Niederkaltenkirchen. Jeder Fall bringt neue Verstrickungen, skurrile Figuren und den typischen Schlagabtausch, den Fans so lieben.<\/p>\n<p data-start=\"1002\" data-end=\"1186\">Professionell eingesprochen, entsteht eine lebendige Mischung aus Krimi, Klamauk und Heimatgef\u00fchl \u2013 ideal f\u00fcr alle, die den unvergleichlichen Eberhofer-Charme am St\u00fcck genie\u00dfen wollen.<\/p>\n<p data-start=\"1188\" data-end=\"1240\"><strong data-start=\"1188\" data-end=\"1240\">Mehr Eberhofer geht nicht. Mehr Spa\u00df auch nicht.<\/strong><\/p>\n<hr data-start=\"1242\" data-end=\"1245\" \/>\n<h3 data-start=\"1247\" data-end=\"1282\">\ud83d\udd0a <strong data-start=\"1254\" data-end=\"1280\">Format: H\u00f6rspiel (MP3)<\/strong><\/h3>\n<p data-start=\"1284\" data-end=\"1433\">\u2b07\ufe0f Sofortiger Download f\u00fcr Handy<br data-start=\"1316\" data-end=\"1319\" \/>\u2b07\ufe0f Sofortiger Download f\u00fcr PC<br data-start=\"1348\" data-end=\"1351\" \/>\u2b07\ufe0f Sofortiger Download f\u00fcrs Tablet<br data-start=\"1385\" data-end=\"1388\" \/>\u2b07\ufe0f Kompatibel mit allen MP3-f\u00e4higen Ger\u00e4ten<\/p>\n<p data-start=\"1435\" data-end=\"1472\"><strong data-start=\"1435\" data-end=\"1472\">Einmal gekauft \u2013 f\u00fcr immer deins!<\/strong><\/p>","protected":false},"excerpt":{"rendered":"<p>\ud83c\udfa7 H\u00f6rspiel Krimi \u2013 Rita Falk \u2013 Die gro\u00dfe Eberhofer-H\u00f6rspiel-Box Niederkaltenkirchen pur \u2013 alle F\u00e4lle, alle Eskapaden und der unverwechselbare Eberhofer-Humor in einer einzigen Box. Die gro\u00dfe Eberhofer-H\u00f6rspiel-Box vereint die kultigen F\u00e4lle des niederbayerischen Dorfpolizisten Franz Eberhofer in einer Sammlung voller Witz, Spannung und bayerischer Lebensart. Vom Schweinskopf im Briefkasten \u00fcber explosive Dorffeste bis hin [&hellip;]<\/p>\n","protected":false},"featured_media":1996,"comment_status":"open","ping_status":"closed","template":"","meta":[],"product_brand":[],"product_cat":[34],"product_tag":[],"class_list":{"0":"post-1994","1":"product","2":"type-product","3":"status-publish","4":"has-post-thumbnail","6":"product_cat-hoerspiel-krimi","8":"first","9":"instock","10":"sale","11":"virtual","12":"purchasable","13":"product-type-simple"},"jetpack_sharing_enabled":true,"_links":{"self":[{"href":"https:\/\/audiobook-24.com\/en\/wp-json\/wp\/v2\/product\/1994","targetHints":{"allow":["GET"]}}],"collection":[{"href":"https:\/\/audiobook-24.com\/en\/wp-json\/wp\/v2\/product"}],"about":[{"href":"https:\/\/audiobook-24.com\/en\/wp-json\/wp\/v2\/types\/product"}],"replies":[{"embeddable":true,"href":"https:\/\/audiobook-24.com\/en\/wp-json\/wp\/v2\/comments?post=1994"}],"wp:featuredmedia":[{"embeddable":true,"href":"https:\/\/audiobook-24.com\/en\/wp-json\/wp\/v2\/media\/1996"}],"wp:attachment":[{"href":"https:\/\/audiobook-24.com\/en\/wp-json\/wp\/v2\/media?parent=1994"}],"wp:term":[{"taxonomy":"product_brand","embeddable":true,"href":"https:\/\/audiobook-24.com\/en\/wp-json\/wp\/v2\/product_brand?post=1994"},{"taxonomy":"product_cat","embeddable":true,"href":"https:\/\/audiobook-24.com\/en\/wp-json\/wp\/v2\/product_cat?post=1994"},{"taxonomy":"product_tag","embeddable":true,"href":"https:\/\/audiobook-24.com\/en\/wp-json\/wp\/v2\/product_tag?post=1994"}],"curies":[{"name":"wp","href":"https:\/\/api.w.org\/{rel}","templated":true}]}}