{"id":1992,"date":"2025-12-02T16:06:57","date_gmt":"2025-12-02T16:06:57","guid":{"rendered":"https:\/\/audiobook-24.com\/?post_type=product&#038;p=1992"},"modified":"2025-12-02T16:06:58","modified_gmt":"2025-12-02T16:06:58","slug":"%f0%9f%8e%a7-hoerspiel-krimi-catherine-shepherd-julia-schwarz-nachtspiel","status":"publish","type":"product","link":"https:\/\/audiobook-24.com\/en\/product\/%f0%9f%8e%a7-hoerspiel-krimi-catherine-shepherd-julia-schwarz-nachtspiel\/","title":{"rendered":"\ud83c\udfa7 H\u00f6rspiel Krimi \u2013 Catherine Shepherd \u2013 Julia Schwarz \u2013 Nachtspiel"},"content":{"rendered":"<h1 data-start=\"172\" data-end=\"247\">\ud83c\udfa7 <strong data-start=\"177\" data-end=\"245\">H\u00f6rspiel Krimi \u2013 Catherine Shepherd \u2013 Julia Schwarz \u2013 Nachtspiel<\/strong><\/h1>\n<h3 data-start=\"248\" data-end=\"384\">Ein grausames Spiel in der Dunkelheit. Eine Profilerin, die mehr sieht als andere. Und ein T\u00e4ter, der sich im Schatten sicher f\u00fchlt.<\/h3>\n<p data-start=\"386\" data-end=\"745\">In <strong data-start=\"389\" data-end=\"405\">\u201eNachtspiel\u201c<\/strong> wird Profilerin <strong data-start=\"422\" data-end=\"439\">Julia Schwarz<\/strong> zu einem Tatort gerufen, der selbst die erfahrensten Ermittler erschauern l\u00e4sst. Ein Opfer, sorgf\u00e4ltig drapiert wie eine Figur aus einem makabren Theaterst\u00fcck. Hinweise, die eher an R\u00e4tsel erinnern als an Spuren. Und eine Handschrift, die von einem T\u00e4ter stammt, der seine Opfer nicht zuf\u00e4llig ausw\u00e4hlt.<\/p>\n<p data-start=\"747\" data-end=\"980\">W\u00e4hrend Julia versucht, das Muster zu entschl\u00fcsseln, wird klar: Das \u201eNachtspiel\u201c hat l\u00e4ngst begonnen \u2013 und der T\u00e4ter bestimmt die Regeln. Jede neue Tat folgt einem unheimlichen dramaturgischen Aufbau, jeder Schritt scheint geplant.<\/p>\n<p data-start=\"982\" data-end=\"1288\">Doch je n\u00e4her Julia der Wahrheit kommt, desto tiefer sinkt sie in die Gedankenwelt eines Menschen, der die Nacht als B\u00fchne nutzt und die Polizei zu Statisten seines grausamen Spiels degradiert. Und schlie\u00dflich muss sie erkennen:<br data-start=\"1210\" data-end=\"1213\" \/><strong data-start=\"1213\" data-end=\"1288\">Dieses Spiel endet erst, wenn er es will \u2013 oder wenn jemand ihn stoppt.<\/strong><\/p>\n<p data-start=\"1290\" data-end=\"1434\">Ein nervenaufreibender Thriller voller psychologischer Intensit\u00e4t, d\u00fcsteren Wendungen und der unverwechselbaren Spannung von Catherine Shepherd.<\/p>\n<hr data-start=\"1436\" data-end=\"1439\" \/>\n<h3 data-start=\"1441\" data-end=\"1476\">\ud83d\udd0a <strong data-start=\"1448\" data-end=\"1474\">Format: H\u00f6rspiel (MP3)<\/strong><\/h3>\n<p data-start=\"1478\" data-end=\"1627\">\u2b07\ufe0f Sofortiger Download f\u00fcr Handy<br data-start=\"1510\" data-end=\"1513\" \/>\u2b07\ufe0f Sofortiger Download f\u00fcr PC<br data-start=\"1542\" data-end=\"1545\" \/>\u2b07\ufe0f Sofortiger Download f\u00fcrs Tablet<br data-start=\"1579\" data-end=\"1582\" \/>\u2b07\ufe0f Kompatibel mit allen MP3-f\u00e4higen Ger\u00e4ten<\/p>\n<p data-start=\"1629\" data-end=\"1666\"><strong data-start=\"1629\" data-end=\"1666\">Einmal gekauft \u2013 f\u00fcr immer deins!<\/strong><\/p>","protected":false},"excerpt":{"rendered":"<p>\ud83c\udfa7 H\u00f6rspiel Krimi \u2013 Catherine Shepherd \u2013 Julia Schwarz \u2013 Nachtspiel Ein grausames Spiel in der Dunkelheit. Eine Profilerin, die mehr sieht als andere. Und ein T\u00e4ter, der sich im Schatten sicher f\u00fchlt. In \u201eNachtspiel\u201c wird Profilerin Julia Schwarz zu einem Tatort gerufen, der selbst die erfahrensten Ermittler erschauern l\u00e4sst. Ein Opfer, sorgf\u00e4ltig drapiert wie [&hellip;]<\/p>\n","protected":false},"featured_media":1993,"comment_status":"open","ping_status":"closed","template":"","meta":[],"product_brand":[],"product_cat":[34],"product_tag":[],"class_list":{"0":"post-1992","1":"product","2":"type-product","3":"status-publish","4":"has-post-thumbnail","6":"product_cat-hoerspiel-krimi","8":"first","9":"instock","10":"sale","11":"virtual","12":"purchasable","13":"product-type-simple"},"jetpack_sharing_enabled":true,"_links":{"self":[{"href":"https:\/\/audiobook-24.com\/en\/wp-json\/wp\/v2\/product\/1992","targetHints":{"allow":["GET"]}}],"collection":[{"href":"https:\/\/audiobook-24.com\/en\/wp-json\/wp\/v2\/product"}],"about":[{"href":"https:\/\/audiobook-24.com\/en\/wp-json\/wp\/v2\/types\/product"}],"replies":[{"embeddable":true,"href":"https:\/\/audiobook-24.com\/en\/wp-json\/wp\/v2\/comments?post=1992"}],"wp:featuredmedia":[{"embeddable":true,"href":"https:\/\/audiobook-24.com\/en\/wp-json\/wp\/v2\/media\/1993"}],"wp:attachment":[{"href":"https:\/\/audiobook-24.com\/en\/wp-json\/wp\/v2\/media?parent=1992"}],"wp:term":[{"taxonomy":"product_brand","embeddable":true,"href":"https:\/\/audiobook-24.com\/en\/wp-json\/wp\/v2\/product_brand?post=1992"},{"taxonomy":"product_cat","embeddable":true,"href":"https:\/\/audiobook-24.com\/en\/wp-json\/wp\/v2\/product_cat?post=1992"},{"taxonomy":"product_tag","embeddable":true,"href":"https:\/\/audiobook-24.com\/en\/wp-json\/wp\/v2\/product_tag?post=1992"}],"curies":[{"name":"wp","href":"https:\/\/api.w.org\/{rel}","templated":true}]}}