{"id":1988,"date":"2025-12-02T15:38:55","date_gmt":"2025-12-02T15:38:55","guid":{"rendered":"https:\/\/audiobook-24.com\/?post_type=product&#038;p=1988"},"modified":"2025-12-02T15:38:55","modified_gmt":"2025-12-02T15:38:55","slug":"%f0%9f%8e%a7-hoerspiel-krimi-rita-falk-franz-eberhofer-12-steckerlfischfiasko","status":"publish","type":"product","link":"https:\/\/audiobook-24.com\/en\/product\/%f0%9f%8e%a7-hoerspiel-krimi-rita-falk-franz-eberhofer-12-steckerlfischfiasko\/","title":{"rendered":"\ud83c\udfa7 H\u00f6rspiel Krimi \u2013 Rita Falk \u2013 Franz Eberhofer 12 \u2013 Steckerlfischfiasko"},"content":{"rendered":"<h1 data-start=\"157\" data-end=\"237\">\ud83c\udfa7 <strong data-start=\"162\" data-end=\"235\">H\u00f6rspiel Krimi \u2013 Rita Falk \u2013 Franz Eberhofer 12 \u2013 Steckerlfischfiasko<\/strong><\/h1>\n<h3 data-start=\"238\" data-end=\"323\">Ein Fest, ein Fiasko \u2013 und ein Eberhofer, der mitten drin steckt statt nur dabei.<\/h3>\n<p data-start=\"325\" data-end=\"639\">In <strong data-start=\"328\" data-end=\"353\">\u201eSteckerlfischfiasko\u201c<\/strong> ger\u00e4t der niederbayerische Alltag des Dorfpolizisten <strong data-start=\"407\" data-end=\"426\">Franz Eberhofer<\/strong> erneut gewaltig aus den Fugen. Beim gem\u00fctlichen Sommerfest von Niederkaltenkirchen kommt es zu einem \u00fcberraschenden Zwischenfall, der schneller zum Mordfall wird, als der Franz sein erstes Bier austrinken kann.<\/p>\n<p data-start=\"641\" data-end=\"898\">Zwischen dem verr\u00fcckten Chaos seiner Familie, dem Dauerstress mit der Susi und den \u00fcblichen Dorf-Intrigen versucht Eberhofer, Licht ins Dunkel zu bringen. Doch genau das wird schwierig, als pl\u00f6tzlich jeder im Ort ein Geheimnis hat \u2013 und manche sogar zwei.<\/p>\n<p data-start=\"900\" data-end=\"1152\">Mit Unterst\u00fctzung von <strong data-start=\"922\" data-end=\"943\">Rudi Birkenberger<\/strong>, der wie immer mehr Drama als Hilfe ist, st\u00f6\u00dft Franz auf Spuren, die in unerwartete Richtungen f\u00fchren. Bald wird klar:<br data-start=\"1062\" data-end=\"1065\" \/><strong data-start=\"1065\" data-end=\"1152\">Hinter dem harmlosen Steckerlfisch steckt weit mehr, als irgendjemand zugeben will.<\/strong><\/p>\n<p data-start=\"1154\" data-end=\"1267\">Ein bayerischer Krimispa\u00df voller Humor, Dorfgefl\u00fcster, Spa\u00df, Spannung und dem unverwechselbaren Eberhofer-Charme.<\/p>\n<hr data-start=\"1269\" data-end=\"1272\" \/>\n<h3 data-start=\"1274\" data-end=\"1309\">\ud83d\udd0a <strong data-start=\"1281\" data-end=\"1307\">Format: H\u00f6rspiel (MP3)<\/strong><\/h3>\n<p data-start=\"1311\" data-end=\"1460\">\u2b07\ufe0f Sofortiger Download f\u00fcr Handy<br data-start=\"1343\" data-end=\"1346\" \/>\u2b07\ufe0f Sofortiger Download f\u00fcr PC<br data-start=\"1375\" data-end=\"1378\" \/>\u2b07\ufe0f Sofortiger Download f\u00fcrs Tablet<br data-start=\"1412\" data-end=\"1415\" \/>\u2b07\ufe0f Kompatibel mit allen MP3-f\u00e4higen Ger\u00e4ten<\/p>\n<p data-start=\"1462\" data-end=\"1499\"><strong data-start=\"1462\" data-end=\"1499\">Einmal gekauft \u2013 f\u00fcr immer deins!<\/strong><\/p>","protected":false},"excerpt":{"rendered":"<p>\ud83c\udfa7 H\u00f6rspiel Krimi \u2013 Rita Falk \u2013 Franz Eberhofer 12 \u2013 Steckerlfischfiasko Ein Fest, ein Fiasko \u2013 und ein Eberhofer, der mitten drin steckt statt nur dabei. In \u201eSteckerlfischfiasko\u201c ger\u00e4t der niederbayerische Alltag des Dorfpolizisten Franz Eberhofer erneut gewaltig aus den Fugen. Beim gem\u00fctlichen Sommerfest von Niederkaltenkirchen kommt es zu einem \u00fcberraschenden Zwischenfall, der schneller [&hellip;]<\/p>\n","protected":false},"featured_media":1989,"comment_status":"open","ping_status":"closed","template":"","meta":[],"product_brand":[],"product_cat":[34],"product_tag":[],"class_list":{"0":"post-1988","1":"product","2":"type-product","3":"status-publish","4":"has-post-thumbnail","6":"product_cat-hoerspiel-krimi","8":"first","9":"instock","10":"sale","11":"virtual","12":"purchasable","13":"product-type-simple"},"jetpack_sharing_enabled":true,"_links":{"self":[{"href":"https:\/\/audiobook-24.com\/en\/wp-json\/wp\/v2\/product\/1988","targetHints":{"allow":["GET"]}}],"collection":[{"href":"https:\/\/audiobook-24.com\/en\/wp-json\/wp\/v2\/product"}],"about":[{"href":"https:\/\/audiobook-24.com\/en\/wp-json\/wp\/v2\/types\/product"}],"replies":[{"embeddable":true,"href":"https:\/\/audiobook-24.com\/en\/wp-json\/wp\/v2\/comments?post=1988"}],"wp:featuredmedia":[{"embeddable":true,"href":"https:\/\/audiobook-24.com\/en\/wp-json\/wp\/v2\/media\/1989"}],"wp:attachment":[{"href":"https:\/\/audiobook-24.com\/en\/wp-json\/wp\/v2\/media?parent=1988"}],"wp:term":[{"taxonomy":"product_brand","embeddable":true,"href":"https:\/\/audiobook-24.com\/en\/wp-json\/wp\/v2\/product_brand?post=1988"},{"taxonomy":"product_cat","embeddable":true,"href":"https:\/\/audiobook-24.com\/en\/wp-json\/wp\/v2\/product_cat?post=1988"},{"taxonomy":"product_tag","embeddable":true,"href":"https:\/\/audiobook-24.com\/en\/wp-json\/wp\/v2\/product_tag?post=1988"}],"curies":[{"name":"wp","href":"https:\/\/api.w.org\/{rel}","templated":true}]}}