{"id":1979,"date":"2025-12-01T22:33:42","date_gmt":"2025-12-01T22:33:42","guid":{"rendered":"https:\/\/audiobook-24.com\/?post_type=product&#038;p=1979"},"modified":"2025-12-01T22:33:42","modified_gmt":"2025-12-01T22:33:42","slug":"%f0%9f%8e%a7-hoerbuch-stefanie-stahl-jeder-ist-beziehungsfaehig-der-goldene-weg-zwischen-freiheit-und-naehe","status":"publish","type":"product","link":"https:\/\/audiobook-24.com\/en\/product\/%f0%9f%8e%a7-hoerbuch-stefanie-stahl-jeder-ist-beziehungsfaehig-der-goldene-weg-zwischen-freiheit-und-naehe\/","title":{"rendered":"\ud83c\udfa7 H\u00f6rbuch \u2013 Stefanie Stahl \u2013 Jeder ist beziehungsf\u00e4hig \u2013 Der goldene Weg zwischen Freiheit und N\u00e4he"},"content":{"rendered":"<h1 data-start=\"295\" data-end=\"403\">\ud83c\udfa7 <strong data-start=\"300\" data-end=\"401\">H\u00f6rbuch \u2013 Stefanie Stahl \u2013 Jeder ist beziehungsf\u00e4hig \u2013 Der goldene Weg zwischen Freiheit und N\u00e4he<\/strong><\/h1>\n<h3 data-start=\"404\" data-end=\"501\">Wie Beziehungen wirklich gelingen \u2013 zwischen selbstbestimmtem Leben und echter Verbundenheit.<\/h3>\n<p data-start=\"503\" data-end=\"791\">In <strong data-start=\"506\" data-end=\"537\">\u201eJeder ist beziehungsf\u00e4hig\u201c<\/strong> zeigt Stefanie Stahl, warum viele Menschen trotz Sehnsucht nach N\u00e4he immer wieder in alten Mustern stecken bleiben. Mit ihrer klaren, einf\u00fchlsamen Art erkl\u00e4rt sie, wie wir Bindungsangst, Verlustangst und innere Blockaden verstehen und aufl\u00f6sen k\u00f6nnen.<\/p>\n<p data-start=\"793\" data-end=\"928\">Sie macht deutlich:<br data-start=\"812\" data-end=\"815\" \/><strong data-start=\"815\" data-end=\"926\">Beziehungen scheitern selten an fehlenden Gef\u00fchlen \u2013 sondern an ungel\u00f6sten Pr\u00e4gungen aus der Vergangenheit.<\/strong><\/p>\n<p data-start=\"930\" data-end=\"1211\">Mit praktischen Modellen, \u00dcbungen und alltagsnahen Beispielen zeigt Stahl den Weg zu einem gesunden Gleichgewicht zwischen <em data-start=\"1053\" data-end=\"1063\">Freiheit<\/em> und <em data-start=\"1068\" data-end=\"1074\">N\u00e4he<\/em>. Zuh\u00f6rer:innen lernen, eigene Bed\u00fcrfnisse zu erkennen, Grenzen zu setzen und Liebe so zu leben, dass sie nicht einengt, sondern tr\u00e4gt.<\/p>\n<p data-start=\"1213\" data-end=\"1344\">Ein inspirierendes H\u00f6rbuch f\u00fcr alle, die Partnerschaft, Freundschaften oder famili\u00e4re Beziehungen verstehen und verbessern m\u00f6chten.<\/p>\n<hr data-start=\"1346\" data-end=\"1349\" \/>\n<h3 data-start=\"1351\" data-end=\"1385\">\ud83d\udd0a <strong data-start=\"1358\" data-end=\"1383\">Format: H\u00f6rbuch (MP3)<\/strong><\/h3>\n<p data-start=\"1387\" data-end=\"1536\">\u2b07\ufe0f Sofortiger Download f\u00fcr Handy<br data-start=\"1419\" data-end=\"1422\" \/>\u2b07\ufe0f Sofortiger Download f\u00fcr PC<br data-start=\"1451\" data-end=\"1454\" \/>\u2b07\ufe0f Sofortiger Download f\u00fcrs Tablet<br data-start=\"1488\" data-end=\"1491\" \/>\u2b07\ufe0f Kompatibel mit allen MP3-f\u00e4higen Ger\u00e4ten<\/p>\n<p data-start=\"1538\" data-end=\"1575\"><strong data-start=\"1538\" data-end=\"1575\">Einmal gekauft \u2013 f\u00fcr immer deins!<\/strong><\/p>","protected":false},"excerpt":{"rendered":"<p>\ud83c\udfa7 H\u00f6rbuch \u2013 Stefanie Stahl \u2013 Jeder ist beziehungsf\u00e4hig \u2013 Der goldene Weg zwischen Freiheit und N\u00e4he Wie Beziehungen wirklich gelingen \u2013 zwischen selbstbestimmtem Leben und echter Verbundenheit. In \u201eJeder ist beziehungsf\u00e4hig\u201c zeigt Stefanie Stahl, warum viele Menschen trotz Sehnsucht nach N\u00e4he immer wieder in alten Mustern stecken bleiben. Mit ihrer klaren, einf\u00fchlsamen Art erkl\u00e4rt [&hellip;]<\/p>\n","protected":false},"featured_media":1980,"comment_status":"open","ping_status":"closed","template":"","meta":[],"product_brand":[],"product_cat":[30],"product_tag":[],"class_list":{"0":"post-1979","1":"product","2":"type-product","3":"status-publish","4":"has-post-thumbnail","6":"product_cat-erotik-hoerbuecher","8":"first","9":"instock","10":"sale","11":"virtual","12":"purchasable","13":"product-type-simple"},"jetpack_sharing_enabled":true,"_links":{"self":[{"href":"https:\/\/audiobook-24.com\/en\/wp-json\/wp\/v2\/product\/1979","targetHints":{"allow":["GET"]}}],"collection":[{"href":"https:\/\/audiobook-24.com\/en\/wp-json\/wp\/v2\/product"}],"about":[{"href":"https:\/\/audiobook-24.com\/en\/wp-json\/wp\/v2\/types\/product"}],"replies":[{"embeddable":true,"href":"https:\/\/audiobook-24.com\/en\/wp-json\/wp\/v2\/comments?post=1979"}],"wp:featuredmedia":[{"embeddable":true,"href":"https:\/\/audiobook-24.com\/en\/wp-json\/wp\/v2\/media\/1980"}],"wp:attachment":[{"href":"https:\/\/audiobook-24.com\/en\/wp-json\/wp\/v2\/media?parent=1979"}],"wp:term":[{"taxonomy":"product_brand","embeddable":true,"href":"https:\/\/audiobook-24.com\/en\/wp-json\/wp\/v2\/product_brand?post=1979"},{"taxonomy":"product_cat","embeddable":true,"href":"https:\/\/audiobook-24.com\/en\/wp-json\/wp\/v2\/product_cat?post=1979"},{"taxonomy":"product_tag","embeddable":true,"href":"https:\/\/audiobook-24.com\/en\/wp-json\/wp\/v2\/product_tag?post=1979"}],"curies":[{"name":"wp","href":"https:\/\/api.w.org\/{rel}","templated":true}]}}