{"id":1975,"date":"2025-12-01T22:23:19","date_gmt":"2025-12-01T22:23:19","guid":{"rendered":"https:\/\/audiobook-24.com\/?post_type=product&#038;p=1975"},"modified":"2025-12-01T22:23:19","modified_gmt":"2025-12-01T22:23:19","slug":"%f0%9f%8e%a7-erotik-hoerspiel-simona-wiles-verboten-in-der-oeffentlichkeit","status":"publish","type":"product","link":"https:\/\/audiobook-24.com\/en\/product\/%f0%9f%8e%a7-erotik-hoerspiel-simona-wiles-verboten-in-der-oeffentlichkeit\/","title":{"rendered":"\ud83c\udfa7 Erotik H\u00f6rspiel \u2013 Simona Wiles \u2013 Verboten in der \u00d6ffentlichkeit"},"content":{"rendered":"<h1 data-start=\"195\" data-end=\"269\">\ud83c\udfa7 <strong data-start=\"200\" data-end=\"267\">Erotik H\u00f6rspiel \u2013 Simona Wiles \u2013 Verboten in der \u00d6ffentlichkeit<\/strong><\/h1>\n<h3 data-start=\"270\" data-end=\"368\">Ein heimlicher Moment. Zwei Erwachsene. Eine Spannung, die im Verborgenen zur Versuchung wird.<\/h3>\n<p data-start=\"370\" data-end=\"603\">In <strong data-start=\"373\" data-end=\"409\">\u201eVerboten in der \u00d6ffentlichkeit\u201c<\/strong> erz\u00e4hlt Simona Wiles eine erotische Fantasie \u00fcber zwei <strong data-start=\"465\" data-end=\"494\">selbstbewusste Erwachsene<\/strong>, die ein Spiel aus Blicken, N\u00e4he und Andeutungen wagen \u2013 an einem Ort, an dem niemand damit rechnen w\u00fcrde.<\/p>\n<p data-start=\"605\" data-end=\"940\">Was als zuf\u00e4llige Begegnung beginnt, verwandelt sich in ein stilles Abenteuer voller intensiver Spannung: fl\u00fcchtige Ber\u00fchrungen, versteckte Signale, funkelnde Neugier. Es ist nicht der Ort selbst, der den Reiz ausmacht, sondern das Geheimnis, das sie miteinander teilen \u2013 ein Moment, der riskant wirkt, ohne Grenzen zu \u00fcberschreiten.<\/p>\n<p data-start=\"942\" data-end=\"1178\">Die Geschichte lebt von Atmosph\u00e4re, Anziehung und dem knisternden Gef\u00fchl, entdeckt werden zu <em data-start=\"1035\" data-end=\"1043\">k\u00f6nnen<\/em>, nicht zu <em data-start=\"1054\" data-end=\"1062\">wollen<\/em>. Professionelle Sprecher:innen verleihen dem H\u00f6rspiel Intensit\u00e4t, Eleganz und einen Hauch von Mut zum Unerwarteten.<\/p>\n<p data-start=\"1180\" data-end=\"1354\"><strong data-start=\"1180\" data-end=\"1354\">Ein H\u00f6rspiel f\u00fcr alle, die prickelnde Nervenkitzel-Momente, stilvolle Erotik und die Fantasie des Verbotenen lieben \u2013 stets erwachsen, respektvoll und \u00e4sthetisch erz\u00e4hlt.<\/strong><\/p>\n<hr data-start=\"1356\" data-end=\"1359\" \/>\n<h3 data-start=\"1361\" data-end=\"1396\">\ud83d\udd0a <strong data-start=\"1368\" data-end=\"1394\">Format: H\u00f6rspiel (MP3)<\/strong><\/h3>\n<p data-start=\"1398\" data-end=\"1547\">\u2b07\ufe0f Sofortiger Download f\u00fcr Handy<br data-start=\"1430\" data-end=\"1433\" \/>\u2b07\ufe0f Sofortiger Download f\u00fcr PC<br data-start=\"1462\" data-end=\"1465\" \/>\u2b07\ufe0f Sofortiger Download f\u00fcrs Tablet<br data-start=\"1499\" data-end=\"1502\" \/>\u2b07\ufe0f Kompatibel mit allen MP3-f\u00e4higen Ger\u00e4ten<\/p>\n<p data-start=\"1549\" data-end=\"1586\"><strong data-start=\"1549\" data-end=\"1586\">Einmal gekauft \u2013 f\u00fcr immer deins!<\/strong><\/p>","protected":false},"excerpt":{"rendered":"<p>\ud83c\udfa7 Erotik H\u00f6rspiel \u2013 Simona Wiles \u2013 Verboten in der \u00d6ffentlichkeit Ein heimlicher Moment. Zwei Erwachsene. Eine Spannung, die im Verborgenen zur Versuchung wird. In \u201eVerboten in der \u00d6ffentlichkeit\u201c erz\u00e4hlt Simona Wiles eine erotische Fantasie \u00fcber zwei selbstbewusste Erwachsene, die ein Spiel aus Blicken, N\u00e4he und Andeutungen wagen \u2013 an einem Ort, an dem niemand [&hellip;]<\/p>\n","protected":false},"featured_media":1976,"comment_status":"open","ping_status":"closed","template":"","meta":[],"product_brand":[],"product_cat":[30],"product_tag":[],"class_list":{"0":"post-1975","1":"product","2":"type-product","3":"status-publish","4":"has-post-thumbnail","6":"product_cat-erotik-hoerbuecher","8":"first","9":"instock","10":"sale","11":"virtual","12":"purchasable","13":"product-type-simple"},"jetpack_sharing_enabled":true,"_links":{"self":[{"href":"https:\/\/audiobook-24.com\/en\/wp-json\/wp\/v2\/product\/1975","targetHints":{"allow":["GET"]}}],"collection":[{"href":"https:\/\/audiobook-24.com\/en\/wp-json\/wp\/v2\/product"}],"about":[{"href":"https:\/\/audiobook-24.com\/en\/wp-json\/wp\/v2\/types\/product"}],"replies":[{"embeddable":true,"href":"https:\/\/audiobook-24.com\/en\/wp-json\/wp\/v2\/comments?post=1975"}],"wp:featuredmedia":[{"embeddable":true,"href":"https:\/\/audiobook-24.com\/en\/wp-json\/wp\/v2\/media\/1976"}],"wp:attachment":[{"href":"https:\/\/audiobook-24.com\/en\/wp-json\/wp\/v2\/media?parent=1975"}],"wp:term":[{"taxonomy":"product_brand","embeddable":true,"href":"https:\/\/audiobook-24.com\/en\/wp-json\/wp\/v2\/product_brand?post=1975"},{"taxonomy":"product_cat","embeddable":true,"href":"https:\/\/audiobook-24.com\/en\/wp-json\/wp\/v2\/product_cat?post=1975"},{"taxonomy":"product_tag","embeddable":true,"href":"https:\/\/audiobook-24.com\/en\/wp-json\/wp\/v2\/product_tag?post=1975"}],"curies":[{"name":"wp","href":"https:\/\/api.w.org\/{rel}","templated":true}]}}