{"id":1973,"date":"2025-12-01T22:20:07","date_gmt":"2025-12-01T22:20:07","guid":{"rendered":"https:\/\/audiobook-24.com\/?post_type=product&#038;p=1973"},"modified":"2025-12-01T22:20:07","modified_gmt":"2025-12-01T22:20:07","slug":"%f0%9f%8e%a7-erotik-hoerspiel-simona-wiles-stepmom","status":"publish","type":"product","link":"https:\/\/audiobook-24.com\/en\/product\/%f0%9f%8e%a7-erotik-hoerspiel-simona-wiles-stepmom\/","title":{"rendered":"\ud83c\udfa7 Erotik H\u00f6rspiel \u2013 Simona Wiles \u2013 Stepmom"},"content":{"rendered":"<h1 data-start=\"368\" data-end=\"419\">\ud83c\udfa7 <strong data-start=\"373\" data-end=\"417\">Erotik H\u00f6rspiel \u2013 Simona Wiles \u2013 Stepmom<\/strong><\/h1>\n<h3 data-start=\"420\" data-end=\"519\">Zwei Erwachsene, ein verbotenes Rollenspiel \u2013 und eine Spannung, die keiner kontrollieren kann.<\/h3>\n<p data-start=\"521\" data-end=\"846\">In <strong data-start=\"524\" data-end=\"537\">\u201eStepmom\u201c<\/strong> erz\u00e4hlt Simona Wiles eine erotische Fantasie \u00fcber zwei <strong data-start=\"593\" data-end=\"616\">erwachsene Menschen<\/strong>, die ein intensives Rollenspiel ausleben. Die Protagonistin schl\u00fcpft in die verf\u00fchrerische Rolle der \u201eStiefmutter\u201c, w\u00e4hrend ihr Partner die erg\u00e4nzende Rolle \u00fcbernimmt \u2013 ein Spiel aus Dominanz, Neugier und gegenseitiger Hingabe.<\/p>\n<p data-start=\"848\" data-end=\"1123\">Was mit einem harmlosen Flirt beginnt, verwandelt sich bald in ein prickelndes Szenario voller Blicke, Andeutungen und Spannung. Die beiden Erwachsenen erkunden ihre Fantasie respektvoll, einvernehmlich und mit einer Intensit\u00e4t, die den H\u00f6rer tief in die Szene hineinzieht.<\/p>\n<p data-start=\"1125\" data-end=\"1285\">Professionell eingesprochen, entfaltet das H\u00f6rspiel eine Mischung aus atmosph\u00e4rischer Sinnlichkeit, emotionaler N\u00e4he und dem thrill eines geheimen Rollenspiels.<\/p>\n<p data-start=\"1287\" data-end=\"1410\"><strong data-start=\"1287\" data-end=\"1410\">Ein H\u00f6rspiel f\u00fcr alle, die erwachsene Erotik, fantasievolle Rollenwechsel und eine moderne, stilvolle Erz\u00e4hlung lieben.<\/strong><\/p>\n<hr data-start=\"1412\" data-end=\"1415\" \/>\n<h3 data-start=\"1417\" data-end=\"1452\">\ud83d\udd0a <strong data-start=\"1424\" data-end=\"1450\">Format: H\u00f6rspiel (MP3)<\/strong><\/h3>\n<p data-start=\"1454\" data-end=\"1603\">\u2b07\ufe0f Sofortiger Download f\u00fcr Handy<br data-start=\"1486\" data-end=\"1489\" \/>\u2b07\ufe0f Sofortiger Download f\u00fcr PC<br data-start=\"1518\" data-end=\"1521\" \/>\u2b07\ufe0f Sofortiger Download f\u00fcrs Tablet<br data-start=\"1555\" data-end=\"1558\" \/>\u2b07\ufe0f Kompatibel mit allen MP3-f\u00e4higen Ger\u00e4ten<\/p>\n<p data-start=\"1605\" data-end=\"1642\"><strong data-start=\"1605\" data-end=\"1642\">Einmal gekauft \u2013 f\u00fcr immer deins!<\/strong><\/p>","protected":false},"excerpt":{"rendered":"<p>\ud83c\udfa7 Erotik H\u00f6rspiel \u2013 Simona Wiles \u2013 Stepmom Zwei Erwachsene, ein verbotenes Rollenspiel \u2013 und eine Spannung, die keiner kontrollieren kann. In \u201eStepmom\u201c erz\u00e4hlt Simona Wiles eine erotische Fantasie \u00fcber zwei erwachsene Menschen, die ein intensives Rollenspiel ausleben. Die Protagonistin schl\u00fcpft in die verf\u00fchrerische Rolle der \u201eStiefmutter\u201c, w\u00e4hrend ihr Partner die erg\u00e4nzende Rolle \u00fcbernimmt \u2013 [&hellip;]<\/p>\n","protected":false},"featured_media":1974,"comment_status":"open","ping_status":"closed","template":"","meta":[],"product_brand":[],"product_cat":[30],"product_tag":[],"class_list":{"0":"post-1973","1":"product","2":"type-product","3":"status-publish","4":"has-post-thumbnail","6":"product_cat-erotik-hoerbuecher","8":"first","9":"instock","10":"sale","11":"virtual","12":"purchasable","13":"product-type-simple"},"jetpack_sharing_enabled":true,"_links":{"self":[{"href":"https:\/\/audiobook-24.com\/en\/wp-json\/wp\/v2\/product\/1973","targetHints":{"allow":["GET"]}}],"collection":[{"href":"https:\/\/audiobook-24.com\/en\/wp-json\/wp\/v2\/product"}],"about":[{"href":"https:\/\/audiobook-24.com\/en\/wp-json\/wp\/v2\/types\/product"}],"replies":[{"embeddable":true,"href":"https:\/\/audiobook-24.com\/en\/wp-json\/wp\/v2\/comments?post=1973"}],"wp:featuredmedia":[{"embeddable":true,"href":"https:\/\/audiobook-24.com\/en\/wp-json\/wp\/v2\/media\/1974"}],"wp:attachment":[{"href":"https:\/\/audiobook-24.com\/en\/wp-json\/wp\/v2\/media?parent=1973"}],"wp:term":[{"taxonomy":"product_brand","embeddable":true,"href":"https:\/\/audiobook-24.com\/en\/wp-json\/wp\/v2\/product_brand?post=1973"},{"taxonomy":"product_cat","embeddable":true,"href":"https:\/\/audiobook-24.com\/en\/wp-json\/wp\/v2\/product_cat?post=1973"},{"taxonomy":"product_tag","embeddable":true,"href":"https:\/\/audiobook-24.com\/en\/wp-json\/wp\/v2\/product_tag?post=1973"}],"curies":[{"name":"wp","href":"https:\/\/api.w.org\/{rel}","templated":true}]}}