{"id":1968,"date":"2025-12-01T11:56:46","date_gmt":"2025-12-01T11:56:46","guid":{"rendered":"https:\/\/audiobook-24.com\/?post_type=product&#038;p=1968"},"modified":"2025-12-01T11:56:46","modified_gmt":"2025-12-01T11:56:46","slug":"%f0%9f%93%b1-erotik-e-reader-finally-legal-magazine-2014-03-original","status":"publish","type":"product","link":"https:\/\/audiobook-24.com\/en\/product\/%f0%9f%93%b1-erotik-e-reader-finally-legal-magazine-2014-03-original\/","title":{"rendered":"\ud83d\udcf1 Erotik E-Reader \u2013 Finally Legal Magazine \u2013 2014 \/ 03 Original"},"content":{"rendered":"<h1 data-start=\"192\" data-end=\"264\">\ud83d\udcf1 <strong data-start=\"197\" data-end=\"262\">Erotik E-Reader \u2013 Finally Legal Magazine \u2013 2014 \/ 03 Original<\/strong><\/h1>\n<h3 data-start=\"265\" data-end=\"357\">Moderne Leichtigkeit, nat\u00fcrliche Eleganz \u2013 eine frische Ausgabe mit vollj\u00e4hrigen Models.<\/h3>\n<p data-start=\"359\" data-end=\"714\">Die <strong data-start=\"363\" data-end=\"418\">Finally Legal Magazine \u2013 Original Ausgabe 03 \/ 2014<\/strong> pr\u00e4sentiert hochwertige, professionell inszenierte Fotoserien mit <strong data-start=\"485\" data-end=\"548\">jung wirkenden, aber selbstverst\u00e4ndlich vollj\u00e4hrigen Models<\/strong>. Diese Edition setzt auf eine helle, moderne Bildsprache, feine Farbnuancen und harmonische Kompositionen, die dezente Sinnlichkeit und elegante \u00c4sthetik vereinen.<\/p>\n<p data-start=\"716\" data-end=\"988\">Die Fotostrecken wirken authentisch, frisch und selbstbewusst. Jede Szene wurde mit Fokus auf Nat\u00fcrlichkeit, Pers\u00f6nlichkeit und visueller Harmonie umgesetzt, wodurch die Ausgabe stilvoll, klar und angenehm leicht erscheint \u2013 typisch f\u00fcr die hochwertigen Original-Ausgaben.<\/p>\n<p data-start=\"990\" data-end=\"1138\"><strong data-start=\"990\" data-end=\"1138\">Ein digitales Magazin f\u00fcr alle, die moderne Erotikfotografie, \u00e4sthetische Bildwelten und vollj\u00e4hrige Models in stilvoller Pr\u00e4sentation sch\u00e4tzen.<\/strong><\/p>\n<hr data-start=\"1140\" data-end=\"1143\" \/>\n<h3 data-start=\"1145\" data-end=\"1180\">\ud83d\udcd8 <strong data-start=\"1152\" data-end=\"1178\">Format: E-Reader (PDF)<\/strong><\/h3>\n<p data-start=\"1182\" data-end=\"1334\">\u2b07\ufe0f Sofortiger Download f\u00fcr Handy<br data-start=\"1214\" data-end=\"1217\" \/>\u2b07\ufe0f Sofortiger Download f\u00fcr PC<br data-start=\"1246\" data-end=\"1249\" \/>\u2b07\ufe0f Sofortiger Download f\u00fcrs Tablet<br data-start=\"1283\" data-end=\"1286\" \/>\u2b07\ufe0f PDF-Download kompatibel mit allen E-Readern<\/p>\n<p data-start=\"1336\" data-end=\"1373\"><strong data-start=\"1336\" data-end=\"1373\">Einmal gekauft \u2013 f\u00fcr immer deins!<\/strong><\/p>","protected":false},"excerpt":{"rendered":"<p>\ud83d\udcf1 Erotik E-Reader \u2013 Finally Legal Magazine \u2013 2014 \/ 03 Original Moderne Leichtigkeit, nat\u00fcrliche Eleganz \u2013 eine frische Ausgabe mit vollj\u00e4hrigen Models. Die Finally Legal Magazine \u2013 Original Ausgabe 03 \/ 2014 pr\u00e4sentiert hochwertige, professionell inszenierte Fotoserien mit jung wirkenden, aber selbstverst\u00e4ndlich vollj\u00e4hrigen Models. Diese Edition setzt auf eine helle, moderne Bildsprache, feine Farbnuancen [&hellip;]<\/p>\n","protected":false},"featured_media":1969,"comment_status":"open","ping_status":"closed","template":"","meta":[],"product_brand":[],"product_cat":[45],"product_tag":[],"class_list":{"0":"post-1968","1":"product","2":"type-product","3":"status-publish","4":"has-post-thumbnail","6":"product_cat-finally-legal-erotikmagazin","8":"first","9":"instock","10":"sale","11":"virtual","12":"purchasable","13":"product-type-simple"},"jetpack_sharing_enabled":true,"_links":{"self":[{"href":"https:\/\/audiobook-24.com\/en\/wp-json\/wp\/v2\/product\/1968","targetHints":{"allow":["GET"]}}],"collection":[{"href":"https:\/\/audiobook-24.com\/en\/wp-json\/wp\/v2\/product"}],"about":[{"href":"https:\/\/audiobook-24.com\/en\/wp-json\/wp\/v2\/types\/product"}],"replies":[{"embeddable":true,"href":"https:\/\/audiobook-24.com\/en\/wp-json\/wp\/v2\/comments?post=1968"}],"wp:featuredmedia":[{"embeddable":true,"href":"https:\/\/audiobook-24.com\/en\/wp-json\/wp\/v2\/media\/1969"}],"wp:attachment":[{"href":"https:\/\/audiobook-24.com\/en\/wp-json\/wp\/v2\/media?parent=1968"}],"wp:term":[{"taxonomy":"product_brand","embeddable":true,"href":"https:\/\/audiobook-24.com\/en\/wp-json\/wp\/v2\/product_brand?post=1968"},{"taxonomy":"product_cat","embeddable":true,"href":"https:\/\/audiobook-24.com\/en\/wp-json\/wp\/v2\/product_cat?post=1968"},{"taxonomy":"product_tag","embeddable":true,"href":"https:\/\/audiobook-24.com\/en\/wp-json\/wp\/v2\/product_tag?post=1968"}],"curies":[{"name":"wp","href":"https:\/\/api.w.org\/{rel}","templated":true}]}}